{"id":60123,"date":"2021-02-21T18:17:50","date_gmt":"2021-02-21T18:17:50","guid":{"rendered":"https:\/\/www.autonvaraosahaku.fi\/?product=bosch-0-242-245-531-sytytystulpat"},"modified":"2021-02-21T18:17:51","modified_gmt":"2021-02-21T18:17:51","slug":"bosch-0-242-245-531-sytytystulpat","status":"publish","type":"product","link":"https:\/\/www.autonvaraosahaku.fi\/?product=bosch-0-242-245-531-sytytystulpat","title":{"rendered":"Bosch 0 242 245 531 Sytytystulpat"},"content":{"rendered":"<p>K\u00e4rkiv\u00e4li (mm): 0,7; Kiristysmomentti: 20; Kiristyskulma [Grad]: 90; Ulkokierre [mm]: 14; Kierrenousu (mm): 1,25; Kierteen pituus (mm): 12,7; Avainv\u00e4li: 20,8; Kipin\u00e4et\u00e4isyys [mm]: 3; Napojen m\u00e4\u00e4r\u00e4: 1; TECDOC-moottorinumero: 601; VOLVO: P 1800,164,140 142, 144; SAAB: 96,95 Station Wagon; CITRO\u00cbN: 2 CV,CX II,CX I MA,DS,CX II Break,CX I Break MA,C35 Kasten,DS Break,C35 Bus,C35 Pick-up; PORSCHE: 912,912 Targa; 5451444B, 59625V, 5962N3, 95618379, 95618380, DY212207A, GX0618806A, 1S5J, 4401547, 4425057, 1S5J, 4401547, 4425057, 5451444B, 59625V, 5962N3, 95618379, 95618380, DY212207A, GX0618806A, 99917000290, 190917801, 0948200105; Tulpat,Sytytystulppa<\/p>\n","protected":false},"excerpt":{"rendered":"<p>BOSCH Sytytystulpat 0 242 245 531 Tulpat,Sytytystulppa VOLVO,SAAB,CITRO\u00cbN,P 1800,164,140 142, 144,96,95 Station Wagon,2 CV,CX II,CX I MA,DS<\/p>\n","protected":false},"featured_media":0,"template":"","meta":{"site-sidebar-layout":"default","site-content-layout":"default","ast-global-header-display":"","ast-main-header-display":"","ast-hfb-above-header-display":"","ast-hfb-below-header-display":"","ast-hfb-mobile-header-display":"","site-post-title":"","ast-breadcrumbs-content":"","ast-featured-img":"","footer-sml-layout":"","theme-transparent-header-meta":"","adv-header-id-meta":"","stick-header-meta":"","header-above-stick-meta":"","header-main-stick-meta":"","header-below-stick-meta":""},"pwb-brand":[534],"product_cat":[165],"product_tag":[],"class_list":{"0":"post-60123","1":"product","2":"type-product","3":"status-publish","5":"pwb-brand-bosch","6":"product_cat-sytytystulpat","7":"desktop-align-left","8":"tablet-align-left","9":"mobile-align-left","11":"first","12":"instock","13":"product-type-external"},"brands":[{"id":534,"name":"Bosch","slug":"bosch"}],"_links":{"self":[{"href":"https:\/\/www.autonvaraosahaku.fi\/index.php?rest_route=\/wp\/v2\/product\/60123","targetHints":{"allow":["GET"]}}],"collection":[{"href":"https:\/\/www.autonvaraosahaku.fi\/index.php?rest_route=\/wp\/v2\/product"}],"about":[{"href":"https:\/\/www.autonvaraosahaku.fi\/index.php?rest_route=\/wp\/v2\/types\/product"}],"wp:attachment":[{"href":"https:\/\/www.autonvaraosahaku.fi\/index.php?rest_route=%2Fwp%2Fv2%2Fmedia&parent=60123"}],"wp:term":[{"taxonomy":"pwb-brand","embeddable":true,"href":"https:\/\/www.autonvaraosahaku.fi\/index.php?rest_route=%2Fwp%2Fv2%2Fpwb-brand&post=60123"},{"taxonomy":"product_cat","embeddable":true,"href":"https:\/\/www.autonvaraosahaku.fi\/index.php?rest_route=%2Fwp%2Fv2%2Fproduct_cat&post=60123"},{"taxonomy":"product_tag","embeddable":true,"href":"https:\/\/www.autonvaraosahaku.fi\/index.php?rest_route=%2Fwp%2Fv2%2Fproduct_tag&post=60123"}],"curies":[{"name":"wp","href":"https:\/\/api.w.org\/{rel}","templated":true}]}}