{"id":60174,"date":"2021-02-21T18:18:03","date_gmt":"2021-02-21T18:18:03","guid":{"rendered":"https:\/\/www.autonvaraosahaku.fi\/?product=bosch-1-457-429-257-oljynsuodatin"},"modified":"2021-02-21T18:18:06","modified_gmt":"2021-02-21T18:18:06","slug":"bosch-1-457-429-257-oljynsuodatin","status":"publish","type":"product","link":"https:\/\/www.autonvaraosahaku.fi\/?product=bosch-1-457-429-257-oljynsuodatin","title":{"rendered":"Bosch 1 457 429 257 \u00d6ljynsuodatin"},"content":{"rendered":"<p>Suodatintyyppi: Suodatinpanos; Korkeus (mm): 72, 72; Ulkol\u00e4pimitta [mm]: 62; L\u00e4pimitta 1 [mm]: 29,5; Valmistusvuoteen: 10\/2002; MAZDA: 3 BK,6 Station Wagon GY,6 Kombi GH,CX-7 ER,6 Hatchback GG,6 GG,6 Schr\u00e4gheck GH,6 GH,MPV II LW; FORD: MONDEO III Kombi BWY,MONDEO IV Turnier BA7,S-MAX WA6,GALAXY WA6,MONDEO III B5Y,MONDEO IV BA7,MONDEO III Stufenheck B4Y,MONDEO IV Stufenheck BA7,ECOSPORT; 1124160, 1152049, 1213177, 1343102, 1S7G6744AC, 1S7J6744AC, 1S7J6744BA, 1S7Z6744AC, 1S7Z6885AA, 3M4G6744AA, 3S7Z6731A, 4S7J6744AA, 3S7Z6731A, L32114302, L321143029A, LF0114302, LF01143029A<\/p>\n","protected":false},"excerpt":{"rendered":"<p>BOSCH \u00d6ljynsuodatin 1 457 429 257  MAZDA,FORD,3 BK,6 Station Wagon GY,6 Kombi GH,CX-7 ER,6 Hatchback GG,6 GG,6 Schr\u00e4gheck GH,6 GH,MPV II LW<\/p>\n","protected":false},"featured_media":0,"template":"","meta":{"site-sidebar-layout":"default","site-content-layout":"default","ast-global-header-display":"","ast-main-header-display":"","ast-hfb-above-header-display":"","ast-hfb-below-header-display":"","ast-hfb-mobile-header-display":"","site-post-title":"","ast-breadcrumbs-content":"","ast-featured-img":"","footer-sml-layout":"","theme-transparent-header-meta":"","adv-header-id-meta":"","stick-header-meta":"","header-above-stick-meta":"","header-main-stick-meta":"","header-below-stick-meta":""},"pwb-brand":[534],"product_cat":[30],"product_tag":[],"class_list":{"0":"post-60174","1":"product","2":"type-product","3":"status-publish","5":"pwb-brand-bosch","6":"product_cat-oljynsuodatin","7":"desktop-align-left","8":"tablet-align-left","9":"mobile-align-left","11":"first","12":"instock","13":"product-type-external"},"brands":[{"id":534,"name":"Bosch","slug":"bosch"}],"_links":{"self":[{"href":"https:\/\/www.autonvaraosahaku.fi\/index.php?rest_route=\/wp\/v2\/product\/60174","targetHints":{"allow":["GET"]}}],"collection":[{"href":"https:\/\/www.autonvaraosahaku.fi\/index.php?rest_route=\/wp\/v2\/product"}],"about":[{"href":"https:\/\/www.autonvaraosahaku.fi\/index.php?rest_route=\/wp\/v2\/types\/product"}],"wp:attachment":[{"href":"https:\/\/www.autonvaraosahaku.fi\/index.php?rest_route=%2Fwp%2Fv2%2Fmedia&parent=60174"}],"wp:term":[{"taxonomy":"pwb-brand","embeddable":true,"href":"https:\/\/www.autonvaraosahaku.fi\/index.php?rest_route=%2Fwp%2Fv2%2Fpwb-brand&post=60174"},{"taxonomy":"product_cat","embeddable":true,"href":"https:\/\/www.autonvaraosahaku.fi\/index.php?rest_route=%2Fwp%2Fv2%2Fproduct_cat&post=60174"},{"taxonomy":"product_tag","embeddable":true,"href":"https:\/\/www.autonvaraosahaku.fi\/index.php?rest_route=%2Fwp%2Fv2%2Fproduct_tag&post=60174"}],"curies":[{"name":"wp","href":"https:\/\/api.w.org\/{rel}","templated":true}]}}