{"id":60201,"date":"2021-02-21T18:18:09","date_gmt":"2021-02-21T18:18:09","guid":{"rendered":"https:\/\/www.autonvaraosahaku.fi\/?product=bosch-0-986-580-131-polttoainepumppu"},"modified":"2021-02-21T18:18:14","modified_gmt":"2021-02-21T18:18:14","slug":"bosch-0-986-580-131-polttoainepumppu","status":"publish","type":"product","link":"https:\/\/www.autonvaraosahaku.fi\/?product=bosch-0-986-580-131-polttoainepumppu","title":{"rendered":"Bosch 0 986 580 131 Polttoainepumppu"},"content":{"rendered":"<p>Asennuspuoli: Polttoainejohdin; K\u00e4ytt\u00f6: S\u00e4hk\u00f6inen; Moottorinumero: 30 6D 1; BMW: 3 E46,5 E39,3 Touring E46,5 Touring E39,3 Compact E46,3 Coupe E46,X5 E53,3 Cabriolet E46,7 E38; LAND ROVER: FREELANDER LN,RANGE ROVER III LM,FREELANDER Soft Top; OPEL: OMEGA B Caravan 21_, 22_, 23_,OMEGA B 25_, 26_, 27_; 1184633, 16114028194, 16117165590, 16121184633, 16126756157, 16146751867, 16146755456, 16146767383, 16147162000, 16147165590, 4028194, 4349702, 4349709, 4361223, 4361224, 6750016, 6750601, 6750603, 6755930, 6756000, 6757305, 6757530, 6757531, 6757607, 6757702, 6758498, 6760934, 7162003, 7162004, 7165641, 7165642, WFX000181, WFX00180, 9266245, 93174897, 6750016, W0B100481, WFX000181, WFX500210, WOB100481, WQB100481, 93174897<\/p>\n","protected":false},"excerpt":{"rendered":"<p>BOSCH Polttoainepumppu 0 986 580 131  BMW,LAND ROVER,OPEL,3 E46,5 E39,3 Touring E46,5 Touring E39,3 Compact E46,3 Coupe E46,X5 E53,3 Cabriolet E46<\/p>\n","protected":false},"featured_media":0,"template":"","meta":{"site-sidebar-layout":"default","site-content-layout":"default","ast-global-header-display":"","ast-main-header-display":"","ast-hfb-above-header-display":"","ast-hfb-below-header-display":"","ast-hfb-mobile-header-display":"","site-post-title":"","ast-breadcrumbs-content":"","ast-featured-img":"","footer-sml-layout":"","theme-transparent-header-meta":"","adv-header-id-meta":"","stick-header-meta":"","header-above-stick-meta":"","header-main-stick-meta":"","header-below-stick-meta":""},"pwb-brand":[534],"product_cat":[73],"product_tag":[],"class_list":{"0":"post-60201","1":"product","2":"type-product","3":"status-publish","5":"pwb-brand-bosch","6":"product_cat-polttoainepumppu","7":"desktop-align-left","8":"tablet-align-left","9":"mobile-align-left","11":"first","12":"instock","13":"product-type-external"},"brands":[{"id":534,"name":"Bosch","slug":"bosch"}],"_links":{"self":[{"href":"https:\/\/www.autonvaraosahaku.fi\/index.php?rest_route=\/wp\/v2\/product\/60201","targetHints":{"allow":["GET"]}}],"collection":[{"href":"https:\/\/www.autonvaraosahaku.fi\/index.php?rest_route=\/wp\/v2\/product"}],"about":[{"href":"https:\/\/www.autonvaraosahaku.fi\/index.php?rest_route=\/wp\/v2\/types\/product"}],"wp:attachment":[{"href":"https:\/\/www.autonvaraosahaku.fi\/index.php?rest_route=%2Fwp%2Fv2%2Fmedia&parent=60201"}],"wp:term":[{"taxonomy":"pwb-brand","embeddable":true,"href":"https:\/\/www.autonvaraosahaku.fi\/index.php?rest_route=%2Fwp%2Fv2%2Fpwb-brand&post=60201"},{"taxonomy":"product_cat","embeddable":true,"href":"https:\/\/www.autonvaraosahaku.fi\/index.php?rest_route=%2Fwp%2Fv2%2Fproduct_cat&post=60201"},{"taxonomy":"product_tag","embeddable":true,"href":"https:\/\/www.autonvaraosahaku.fi\/index.php?rest_route=%2Fwp%2Fv2%2Fproduct_tag&post=60201"}],"curies":[{"name":"wp","href":"https:\/\/api.w.org\/{rel}","templated":true}]}}