{"id":60204,"date":"2021-02-21T18:18:15","date_gmt":"2021-02-21T18:18:15","guid":{"rendered":"https:\/\/www.autonvaraosahaku.fi\/?product=bosch-0-451-203-154-oljynsuodatin"},"modified":"2021-02-21T18:18:16","modified_gmt":"2021-02-21T18:18:16","slug":"bosch-0-451-203-154-oljynsuodatin","status":"publish","type":"product","link":"https:\/\/www.autonvaraosahaku.fi\/?product=bosch-0-451-203-154-oljynsuodatin","title":{"rendered":"Bosch 0 451 203 154 \u00d6ljynsuodatin"},"content":{"rendered":"<p>Suodatintyyppi: Ruuvattava suodatin; Korkeus (mm): 95,6; Kierremitta: 3\/4 16 UNF; Ulkol\u00e4pimitta [mm]: 93; L\u00e4pimitta 1 [mm]: 62,5; Moottorinumero: 301.84; LADA: NIVA 2121,NIVA II 2123,1200-1600,KALINA Kombi 1117,KALINA Schr\u00e4gheck 1119,110 2110,1200-1500 Kombi,SAMARA 2108, 2109, 2115, 2113, 2114,PRIORA Kombi 2171,NOVA 2105,KALINA Stufenheck 1118,GRANTA 2190,TOSCANA 2107,PRIORA Schr\u00e4gheck 2172,VESTA SW,GRANTA Schr\u00e4gheck 2191; SKODA: FAVORIT 781,FAVORIT Forman 785,FAVORIT Pick-up 787; SEAT: 127 127A; TOYOTA: HILUX VI Pick-up _N1_,HILUX V Pick-up LN_, KZN1_, VZN1_; ROVER: 2000-3500 P6; VOLVO: 240 Kombi P245,240 P242, P244; SAAB: 99,99 Combi Coupe; ALFA ROMEO: SPIDER 115,155 167,GIULIA,GT,1750-2000,ALFASUD Sprint 902.A,ALFASUD 901,GIULIA GT,BERLINA Stufenheck US,ALFASUD Giardinetta 904; RENAULT: 30 127_,20 127_; MG: MGB Cabriolet,MGB GT; 116120603000, 60507080, 7984235, 9975161, 02650396, 05281090BA, 2650396, 5281090BA, MD353795, X3549957, 110929, 110931, 110945, 110946, 110955, 110978, 1109A0, MLS000144A, MD353795, 4126435, 4158728, 4160703, 4199523, 4286050, 4286052, 4323062, 4335880, 4343591, 4343597, 60507080, 7300943, 5018355, 870X6714UA, 210101012005, 2101101200520, 25012648, 5577154, 7984235, 7984778, 9975161, 210101012005, 21011012005, 210110120051, 210501012005, 210801012005, 4126435, 4158728, 4160703, 4199523, 4286050, 4286052, 4323062, 4335880, 4343591, 4343597, 60507080, 7300943, 82342881, MB620598, MD108063, MD129809, MD353795, 9975161, 9975227, 110929, 110931, 110945, 110946, 110955, 110978, 1109A0, 5000410045, 5021185451, 7700640165, 7701020783, 7701348110, 7701542286, 7701020783, 7701348110, 834940, 8349409, 8803348, 0003897992, 110978, 7910246815, 0012000005, 0012000007, 21011012005, 2101101200520, 2101101200520A, 2105C1012005NK2, 110200, 418719, 419719, 6796585, 784592, 807180, 0003897992<\/p>\n","protected":false},"excerpt":{"rendered":"<p>BOSCH \u00d6ljynsuodatin 0 451 203 154  LADA,SKODA,SEAT,NIVA 2121,NIVA II 2123,1200-1600,KALINA Kombi 1117,KALINA Schr\u00e4gheck 1119,110 2110,1200-1500 Kombi<\/p>\n","protected":false},"featured_media":0,"template":"","meta":{"site-sidebar-layout":"default","site-content-layout":"default","ast-global-header-display":"","ast-main-header-display":"","ast-hfb-above-header-display":"","ast-hfb-below-header-display":"","ast-hfb-mobile-header-display":"","site-post-title":"","ast-breadcrumbs-content":"","ast-featured-img":"","footer-sml-layout":"","theme-transparent-header-meta":"","adv-header-id-meta":"","stick-header-meta":"","header-above-stick-meta":"","header-main-stick-meta":"","header-below-stick-meta":""},"pwb-brand":[534],"product_cat":[30],"product_tag":[],"class_list":{"0":"post-60204","1":"product","2":"type-product","3":"status-publish","5":"pwb-brand-bosch","6":"product_cat-oljynsuodatin","7":"desktop-align-left","8":"tablet-align-left","9":"mobile-align-left","11":"first","12":"instock","13":"product-type-external"},"brands":[{"id":534,"name":"Bosch","slug":"bosch"}],"_links":{"self":[{"href":"https:\/\/www.autonvaraosahaku.fi\/index.php?rest_route=\/wp\/v2\/product\/60204","targetHints":{"allow":["GET"]}}],"collection":[{"href":"https:\/\/www.autonvaraosahaku.fi\/index.php?rest_route=\/wp\/v2\/product"}],"about":[{"href":"https:\/\/www.autonvaraosahaku.fi\/index.php?rest_route=\/wp\/v2\/types\/product"}],"wp:attachment":[{"href":"https:\/\/www.autonvaraosahaku.fi\/index.php?rest_route=%2Fwp%2Fv2%2Fmedia&parent=60204"}],"wp:term":[{"taxonomy":"pwb-brand","embeddable":true,"href":"https:\/\/www.autonvaraosahaku.fi\/index.php?rest_route=%2Fwp%2Fv2%2Fpwb-brand&post=60204"},{"taxonomy":"product_cat","embeddable":true,"href":"https:\/\/www.autonvaraosahaku.fi\/index.php?rest_route=%2Fwp%2Fv2%2Fproduct_cat&post=60204"},{"taxonomy":"product_tag","embeddable":true,"href":"https:\/\/www.autonvaraosahaku.fi\/index.php?rest_route=%2Fwp%2Fv2%2Fproduct_tag&post=60204"}],"curies":[{"name":"wp","href":"https:\/\/api.w.org\/{rel}","templated":true}]}}