{"id":60217,"date":"2021-02-21T18:18:15","date_gmt":"2021-02-21T18:18:15","guid":{"rendered":"https:\/\/www.autonvaraosahaku.fi\/?product=bosch-0-281-002-170-oljyn-lampotila-anturi"},"modified":"2021-02-21T18:18:19","modified_gmt":"2021-02-21T18:18:19","slug":"bosch-0-281-002-170-oljyn-lampotila-anturi","status":"publish","type":"product","link":"https:\/\/www.autonvaraosahaku.fi\/?product=bosch-0-281-002-170-oljyn-lampotila-anturi","title":{"rendered":"Bosch 0 281 002 170 \u00d6ljyn l\u00e4mp\u00f6tila anturi"},"content":{"rendered":"<p>Moottorinumerosta: 3V500001; CHEVROLET: CRUZE J300,CRUZE Station Wagon J308,CRUZE Schr\u00e4gheck J305,TRAX; OPEL: CORSA D,CORSA C F08, F68,ZAFIRA B A05,ASTRA H Caravan L35,MERIVA,ZAFIRA A F75_,ASTRA G CC F48_, F08_,ASTRA H L48,ASTRA J Sports Tourer,ASTRA G Caravan F35_,VECTRA C Caravan,ASTRA J,ASTRA H GTC L08,VECTRA C,AGILA A H00,MOKKA,VECTRA C GTS,TIGRA TwinTop,ASTRA H TwinTop L67,ASTRA G Cabriolet F67,FRONTERA B 6B_,ASTRA G Coupe F07_,COMBO Kasten\/Kombi,ASTRA G Stufenheck F69_,ZAFIRA B Van,ASTRA GTC J,COMBO Tour,CORSA CLASSIC Stufenheck,ASTRA J Stufenheck,CORSA D Van,CORSA C Kasten F08, W5L,ASTRA H Stufenheck L69,ASTRA H Kasten L70,ASTRA CLASSIC Caravan,ASTRA CLASSIC L48; IVECO: DAILY III Pritsche\/Fahrgestell,DAILY III Kasten\/Kombi,DAILY III Bus; ALFA ROMEO: GIULIA 952_,STELVIO 949_; FIAT: DUCATO Kasten 244; PEUGEOT: BOXER Kasten,BOXER Kasten 244,BOXER Bus; CADILLAC: CTS GMX320; MASERATI: QUATTROPORTE V,GHIBLI III M157,QUATTROPORTE VI,GRANCABRIO,LEVANTE Gel\u00e4ndewagen geschlossen; FERRARI: 360 F131,F430,360 Spider F131,458,F430 Spider,599 GTB\/GTO,CALIFORNIA,458 Spider,5__ MARANELLO,612 SCAGLIETTI,FF,ENZO FERRARI,SUPERAMERICA,488 GTB,812 SUPERFAST F152M,GTC4 Lusso \/ Lusso T,F12 BERLINETTA,488 Spider; VAUXHALL: CORSA Mk III D L_8,ZAFIRA Mk II B M75,ASTRA Mk V H CC,VECTRA Mk II C CC,CORSA Mk II C W5L, F08,ASTRA Mk V H Estate,VECTRA Mk II C Estate,ASTRA Mk V H Convertible,VECTRA Mk II C,ASTRA Mk VI J CC,ASTRA Mk VI J,FRONTERA Mk II B,MERIVA Mk I A,CORSAVAN Mk II C,CORSAVAN Mk III D,TIGRA Convertible,AGILA Mk I A,ASTRA Mk VI J Estate,MOKKA,ASTRAVAN Mk V H,COMBO TOUR Mk II C F25,COMBO Mk II C Kasten\/Kombi F25; 670005736, 670050444, 90570185, 55599958, 90542063, 90570185, 0046329958, 046329958, 180137, 0670005736, 670005736, 670050444, 90570185, 99455420, K0670005736, 01150, 1338418, 55599958, 90570185, 90542063, 0000099455420, 99455420, 180137, 11L0247CP01, 1338418, 55599958, 6238422, 90542063, 90570185, 55599958, 90542063; Tunnistin, \u00d6ljyl\u00e4mp\u00f6tila<\/p>\n","protected":false},"excerpt":{"rendered":"<p>BOSCH \u00d6ljyn L\u00e4mp\u00f6tila Anturi 0 281 002 170 Tunnistin, \u00d6ljyl\u00e4mp\u00f6tila CHEVROLET,OPEL,IVECO,CRUZE J300,CRUZE Station Wagon J308,CRUZE Schr\u00e4gheck J305<\/p>\n","protected":false},"featured_media":0,"template":"","meta":{"site-sidebar-layout":"default","site-content-layout":"default","ast-global-header-display":"","ast-main-header-display":"","ast-hfb-above-header-display":"","ast-hfb-below-header-display":"","ast-hfb-mobile-header-display":"","site-post-title":"","ast-breadcrumbs-content":"","ast-featured-img":"","footer-sml-layout":"","theme-transparent-header-meta":"","adv-header-id-meta":"","stick-header-meta":"","header-above-stick-meta":"","header-main-stick-meta":"","header-below-stick-meta":""},"pwb-brand":[534],"product_cat":[275],"product_tag":[],"class_list":{"0":"post-60217","1":"product","2":"type-product","3":"status-publish","5":"pwb-brand-bosch","6":"product_cat-oljyn-lampotila-anturi","7":"desktop-align-left","8":"tablet-align-left","9":"mobile-align-left","11":"first","12":"instock","13":"product-type-external"},"brands":[{"id":534,"name":"Bosch","slug":"bosch"}],"_links":{"self":[{"href":"https:\/\/www.autonvaraosahaku.fi\/index.php?rest_route=\/wp\/v2\/product\/60217","targetHints":{"allow":["GET"]}}],"collection":[{"href":"https:\/\/www.autonvaraosahaku.fi\/index.php?rest_route=\/wp\/v2\/product"}],"about":[{"href":"https:\/\/www.autonvaraosahaku.fi\/index.php?rest_route=\/wp\/v2\/types\/product"}],"wp:attachment":[{"href":"https:\/\/www.autonvaraosahaku.fi\/index.php?rest_route=%2Fwp%2Fv2%2Fmedia&parent=60217"}],"wp:term":[{"taxonomy":"pwb-brand","embeddable":true,"href":"https:\/\/www.autonvaraosahaku.fi\/index.php?rest_route=%2Fwp%2Fv2%2Fpwb-brand&post=60217"},{"taxonomy":"product_cat","embeddable":true,"href":"https:\/\/www.autonvaraosahaku.fi\/index.php?rest_route=%2Fwp%2Fv2%2Fproduct_cat&post=60217"},{"taxonomy":"product_tag","embeddable":true,"href":"https:\/\/www.autonvaraosahaku.fi\/index.php?rest_route=%2Fwp%2Fv2%2Fproduct_tag&post=60217"}],"curies":[{"name":"wp","href":"https:\/\/api.w.org\/{rel}","templated":true}]}}