{"id":60219,"date":"2021-02-21T18:18:15","date_gmt":"2021-02-21T18:18:15","guid":{"rendered":"https:\/\/www.autonvaraosahaku.fi\/?product=bosch-0-280-218-165-ilmamassamittari"},"modified":"2021-02-21T18:18:19","modified_gmt":"2021-02-21T18:18:19","slug":"bosch-0-280-218-165-ilmamassamittari","status":"publish","type":"product","link":"https:\/\/www.autonvaraosahaku.fi\/?product=bosch-0-280-218-165-ilmamassamittari","title":{"rendered":"Bosch 0 280 218 165 Ilmamassamittari"},"content":{"rendered":"<p>Suositeltu korjauksenlaajennus: Ilmasuodatin; TECDOC-moottorinumero: 18168; BMW: 3 Touring E91,3 E90,1 E87,X3 E83,Z4 E85; 13627533853; Ilmam\u00e4\u00e4r\u00e4mittari,MAF Anturi<\/p>\n","protected":false},"excerpt":{"rendered":"<p>BOSCH Ilmamassamittari 0 280 218 165 Ilmam\u00e4\u00e4r\u00e4mittari,MAF Anturi BMW,3 Touring E91,3 E90,1 E87,X3 E83,Z4 E85<\/p>\n","protected":false},"featured_media":0,"template":"","meta":{"site-sidebar-layout":"default","site-content-layout":"default","ast-global-header-display":"","ast-main-header-display":"","ast-hfb-above-header-display":"","ast-hfb-below-header-display":"","ast-hfb-mobile-header-display":"","site-post-title":"","ast-breadcrumbs-content":"","ast-featured-img":"","footer-sml-layout":"","theme-transparent-header-meta":"","adv-header-id-meta":"","stick-header-meta":"","header-above-stick-meta":"","header-main-stick-meta":"","header-below-stick-meta":""},"pwb-brand":[534],"product_cat":[270],"product_tag":[],"class_list":{"0":"post-60219","1":"product","2":"type-product","3":"status-publish","5":"pwb-brand-bosch","6":"product_cat-ilmamassamittari","7":"desktop-align-left","8":"tablet-align-left","9":"mobile-align-left","11":"first","12":"instock","13":"product-type-external"},"brands":[{"id":534,"name":"Bosch","slug":"bosch"}],"_links":{"self":[{"href":"https:\/\/www.autonvaraosahaku.fi\/index.php?rest_route=\/wp\/v2\/product\/60219","targetHints":{"allow":["GET"]}}],"collection":[{"href":"https:\/\/www.autonvaraosahaku.fi\/index.php?rest_route=\/wp\/v2\/product"}],"about":[{"href":"https:\/\/www.autonvaraosahaku.fi\/index.php?rest_route=\/wp\/v2\/types\/product"}],"wp:attachment":[{"href":"https:\/\/www.autonvaraosahaku.fi\/index.php?rest_route=%2Fwp%2Fv2%2Fmedia&parent=60219"}],"wp:term":[{"taxonomy":"pwb-brand","embeddable":true,"href":"https:\/\/www.autonvaraosahaku.fi\/index.php?rest_route=%2Fwp%2Fv2%2Fpwb-brand&post=60219"},{"taxonomy":"product_cat","embeddable":true,"href":"https:\/\/www.autonvaraosahaku.fi\/index.php?rest_route=%2Fwp%2Fv2%2Fproduct_cat&post=60219"},{"taxonomy":"product_tag","embeddable":true,"href":"https:\/\/www.autonvaraosahaku.fi\/index.php?rest_route=%2Fwp%2Fv2%2Fproduct_tag&post=60219"}],"curies":[{"name":"wp","href":"https:\/\/api.w.org\/{rel}","templated":true}]}}