{"id":60237,"date":"2021-02-21T18:18:22","date_gmt":"2021-02-21T18:18:22","guid":{"rendered":"https:\/\/www.autonvaraosahaku.fi\/?product=bosch-1-457-429-820-hydrauliikkasuodatin"},"modified":"2021-02-21T18:18:26","modified_gmt":"2021-02-21T18:18:26","slug":"bosch-1-457-429-820-hydrauliikkasuodatin","status":"publish","type":"product","link":"https:\/\/www.autonvaraosahaku.fi\/?product=bosch-1-457-429-820-hydrauliikkasuodatin","title":{"rendered":"Bosch 1 457 429 820 Hydrauliikkasuodatin"},"content":{"rendered":"<p>Suodatintyyppi: Suodatinpanos; Ulkol\u00e4pimitta [mm]: 59,6; Korkeus (mm): 100,5; Alustanumerosta: 4 142845; IVECO: DAILY III Pritsche\/Fahrgestell,DAILY III Kasten\/Kombi,DAILY II Pritsche\/Fahrgestell,DAILY II Kasten\/Kombi,DAILY I Pritsche\/Fahrgestell,DAILY II Bus,DAILY I Kasten\/Kombi,DAILY II Kipper,DAILY III Bus,EUROCARGO I-III,EUROSTAR,EUROTECH MH,EUROTECH MP,EUROTECH MT,EUROTRAKKER,M,MAGELYS,P\/PA,P\/PA-Haubenfahrzeuge,STRALIS,TRAKKER,TURBOSTAR,TURBOTECH,URBANWAY,ZETA; VOLVO: B10,B12,B6,F10,F12,F16,FE,FE II,FH,FH II,FH12,FH16,FH16 II,FL10,FL12,FL6,FL7,FLC,FM,FM II,FM10,FM12,FM7,FM9,FMX,FMX II,FS7,NL; MERCEDES-BENZ: T2\/L Kasten\/Kombi,T2\/L Pritsche\/Fahrgestell,T2\/L Kipper,ACTROS,ACTROS MP2 \/ MP3,ACTROS MP4 \/ MP5,AGL (RoundNose),ANTOS,AROCS,ATEGO,ATEGO 2,ATEGO 3,AXOR,AXOR 2,CAPACITY,CITARO (O 530),CITO (O 520),CONECTO (O 345),ECONIC,ECONIC 2,FPN (FlatNose),HPN (LongNose),INTEGRO (O 550),INTOURO,LK\/LN2,LP,MK,NG,O 301,O 302,O 303,O 403,O 404,O 405,O 407,O 408,OH,SK,TOURINO (O 510),TOURISMO (O 350),TOURO (O 500),TRAVEGO (O 580),UNIMOG,ZETROS; SETRA: Series 200,Series 300,Series 400; SCANIA: 2 &#8211; series,3 &#8211; series,3 &#8211; series bus,4 &#8211; series,4 &#8211; series bus,P,G,R,T &#8211; series; RENAULT TRUCKS: MASCOTT Pritsche\/Fahrgestell,MASCOTT Kasten\/Kombi,B Pritsche\/Fahrgestell,B Kasten\/Kombi,MESSENGER Kasten\/Kombi,MESSENGER Pritsche\/Fahrgestell,MESSENGER Kipper,AGORA,C,D,FR1,G,ILIADE,K,KERAX,MAGNUM,MAJOR,MANAGER,MAXTER,MIDLINER,MIDLUM,PREMIUM,PREMIUM 2,R,T,TRACER; MAN: CLA,E2000,EL,F2000,G90,HOCL,L2000,LION\u00b4S CITY,LION\u00b4S COACH,LION\u00b4S COMFORT,LION\u00b4S STAR,M 2000 L,M 2000 M,M90,ND,NG,NL,NM,N\u00dc,SL II,S\u00dc,TGA,TGL,TGM,TGS,TGX,\u00dcL; DAF: 45,55,65,65 CF,75,75 CF,85,85 CF,95,95 XF,CF,CF 65,CF 75,CF 85,F 1000,F 1100,F 1200,F 1300,F 1400,F 1500,F 1600,F 1700,F 1800,F 1900,F 2100,F 2200,F 2300,F 2500,F 2600,F 2700,F 2800,F 2900,F 3200,F 3300,F 3600,F 600,F 800,F 900,F2000,LF,LF 45,LF 55,N 2800,SB,XF,XF 105,XF 95; 2966261, 9914553, 2632141102, T11145397, 11420661135, 11421256260, 11507425104, 32411120717, 661135, 661160, 0229348, 1500663, 229348, 2966261, 9914553, 5000674, 5000675, 5000676, 5012553, BD7F3K758A, BD7T3K758A, 5577966, 7984959, 93156615, 97094732, 9975217, 1902137, 1908082, 2966261, 42559501, 5001018962, 503120251, 503133082, 9914553, 2966261, 9914553, 81473016005, 0001842225, 0001842325, 0001846525, 0004660204, 0004660604, 0004662804, 0004663004, 0011842225, 0021841125, 1021800109, 1021840425, 8225000030, 8225000232, A0001842225, A0001842325, A0001846525, A0004660204, A0004660604, A0004662804, A0004663004, A0011842225, A0021841125, A1021800109, A1021840425, A8225000030, A8225000232, 480A470060, 480A470748, 5000814407, 5000820895, 5001871595, 5021107375, 7421392404, 8499135552, 5000814407, 5000820895, 5001871595, 480A470060, 480A470748, 21392404, 349619, 3496191, 3496197, 2632141102, T11145397<\/p>\n","protected":false},"excerpt":{"rendered":"<p>BOSCH Hydrauliikkasuodatin, Ohjaus 1 457 429 820  IVECO,VOLVO,MERCEDES-BENZ,DAILY III Pritsche\/Fahrgestell,DAILY III Kasten\/Kombi<\/p>\n","protected":false},"featured_media":0,"template":"","meta":{"site-sidebar-layout":"default","site-content-layout":"default","ast-global-header-display":"","ast-main-header-display":"","ast-hfb-above-header-display":"","ast-hfb-below-header-display":"","ast-hfb-mobile-header-display":"","site-post-title":"","ast-breadcrumbs-content":"","ast-featured-img":"","footer-sml-layout":"","theme-transparent-header-meta":"","adv-header-id-meta":"","stick-header-meta":"","header-above-stick-meta":"","header-main-stick-meta":"","header-below-stick-meta":""},"pwb-brand":[534],"product_cat":[104],"product_tag":[],"class_list":{"0":"post-60237","1":"product","2":"type-product","3":"status-publish","5":"pwb-brand-bosch","6":"product_cat-hydrauliikkasuodatin","7":"desktop-align-left","8":"tablet-align-left","9":"mobile-align-left","11":"first","12":"instock","13":"product-type-external"},"brands":[{"id":534,"name":"Bosch","slug":"bosch"}],"_links":{"self":[{"href":"https:\/\/www.autonvaraosahaku.fi\/index.php?rest_route=\/wp\/v2\/product\/60237","targetHints":{"allow":["GET"]}}],"collection":[{"href":"https:\/\/www.autonvaraosahaku.fi\/index.php?rest_route=\/wp\/v2\/product"}],"about":[{"href":"https:\/\/www.autonvaraosahaku.fi\/index.php?rest_route=\/wp\/v2\/types\/product"}],"wp:attachment":[{"href":"https:\/\/www.autonvaraosahaku.fi\/index.php?rest_route=%2Fwp%2Fv2%2Fmedia&parent=60237"}],"wp:term":[{"taxonomy":"pwb-brand","embeddable":true,"href":"https:\/\/www.autonvaraosahaku.fi\/index.php?rest_route=%2Fwp%2Fv2%2Fpwb-brand&post=60237"},{"taxonomy":"product_cat","embeddable":true,"href":"https:\/\/www.autonvaraosahaku.fi\/index.php?rest_route=%2Fwp%2Fv2%2Fproduct_cat&post=60237"},{"taxonomy":"product_tag","embeddable":true,"href":"https:\/\/www.autonvaraosahaku.fi\/index.php?rest_route=%2Fwp%2Fv2%2Fproduct_tag&post=60237"}],"curies":[{"name":"wp","href":"https:\/\/api.w.org\/{rel}","templated":true}]}}