{"id":60251,"date":"2021-02-21T18:18:28","date_gmt":"2021-02-21T18:18:28","guid":{"rendered":"https:\/\/www.autonvaraosahaku.fi\/?product=bosch-0-242-245-527-sytytystulpat"},"modified":"2021-02-21T18:18:30","modified_gmt":"2021-02-21T18:18:30","slug":"bosch-0-242-245-527-sytytystulpat","status":"publish","type":"product","link":"https:\/\/www.autonvaraosahaku.fi\/?product=bosch-0-242-245-527-sytytystulpat","title":{"rendered":"Bosch 0 242 245 527 Sytytystulpat"},"content":{"rendered":"<p>K\u00e4rkiv\u00e4li (mm): 0,6; Kiristysmomentti: 20; Kiristyskulma [Grad]: 15; Ulkokierre [mm]: 14; Kierrenousu (mm): 1,25; Kierteen pituus (mm): 17,5; Avainv\u00e4li: 16; Kipin\u00e4et\u00e4isyys [mm]: 3; Napojen m\u00e4\u00e4r\u00e4: 1; TECDOC-moottorinumero: 3052; AUDI: A4 8D2, B5,A8 4D2, 4D8,A6 Avant 4A, C4,A6 4A, C4; VOLVO: 760 704, 764,760 Kombi 704, 765,780; RENAULT: 5 122_,ESPACE I J11_,21 Stufenheck L48_,25 B29_,21 Kombi K48_,FUEGO 136_,21 B48_; PEUGEOT: 104,104 Coupe; UMM: ALTER; ALPINE: V6; 556287, 596150, 596160, 596192, 596214, 596257, 596259, 596263, 596272, 596292, 5962C2, 7401389896, 75492406, 7700661294, 7910032920, 95611941, 95619041, MDH000005C, ZC9862089U, ZC9862098U, 1021590403, A1021590403, 556287, 596150, 596160, 596192, 596214, 596257, 596259, 596263, 596272, 596292, 5962C2, 7401389896, 75492406, 7700661294, 7910032920, 95611941, 95619041, MDH000005C, ZC9862089U, ZC9862098U, 7700661294, 7700726503, 7700726703, 7700731583, 7700736149, 7701023324, 7401269280; Tulpat,Sytytystulppa<\/p>\n","protected":false},"excerpt":{"rendered":"<p>BOSCH Sytytystulpat 0 242 245 527 Tulpat,Sytytystulppa AUDI,VOLVO,RENAULT,A4 8D2, B5,A8 4D2, 4D8,A6 Avant 4A, C4,A6 4A, C4,760 704, 764<\/p>\n","protected":false},"featured_media":0,"template":"","meta":{"site-sidebar-layout":"default","site-content-layout":"default","ast-global-header-display":"","ast-main-header-display":"","ast-hfb-above-header-display":"","ast-hfb-below-header-display":"","ast-hfb-mobile-header-display":"","site-post-title":"","ast-breadcrumbs-content":"","ast-featured-img":"","footer-sml-layout":"","theme-transparent-header-meta":"","adv-header-id-meta":"","stick-header-meta":"","header-above-stick-meta":"","header-main-stick-meta":"","header-below-stick-meta":""},"pwb-brand":[534],"product_cat":[165],"product_tag":[],"class_list":{"0":"post-60251","1":"product","2":"type-product","3":"status-publish","5":"pwb-brand-bosch","6":"product_cat-sytytystulpat","7":"desktop-align-left","8":"tablet-align-left","9":"mobile-align-left","11":"first","12":"instock","13":"product-type-external"},"brands":[{"id":534,"name":"Bosch","slug":"bosch"}],"_links":{"self":[{"href":"https:\/\/www.autonvaraosahaku.fi\/index.php?rest_route=\/wp\/v2\/product\/60251","targetHints":{"allow":["GET"]}}],"collection":[{"href":"https:\/\/www.autonvaraosahaku.fi\/index.php?rest_route=\/wp\/v2\/product"}],"about":[{"href":"https:\/\/www.autonvaraosahaku.fi\/index.php?rest_route=\/wp\/v2\/types\/product"}],"wp:attachment":[{"href":"https:\/\/www.autonvaraosahaku.fi\/index.php?rest_route=%2Fwp%2Fv2%2Fmedia&parent=60251"}],"wp:term":[{"taxonomy":"pwb-brand","embeddable":true,"href":"https:\/\/www.autonvaraosahaku.fi\/index.php?rest_route=%2Fwp%2Fv2%2Fpwb-brand&post=60251"},{"taxonomy":"product_cat","embeddable":true,"href":"https:\/\/www.autonvaraosahaku.fi\/index.php?rest_route=%2Fwp%2Fv2%2Fproduct_cat&post=60251"},{"taxonomy":"product_tag","embeddable":true,"href":"https:\/\/www.autonvaraosahaku.fi\/index.php?rest_route=%2Fwp%2Fv2%2Fproduct_tag&post=60251"}],"curies":[{"name":"wp","href":"https:\/\/api.w.org\/{rel}","templated":true}]}}