{"id":60338,"date":"2021-02-21T18:18:52","date_gmt":"2021-02-21T18:18:52","guid":{"rendered":"https:\/\/www.autonvaraosahaku.fi\/?product=bosch-0-280-218-065-ilmamassamittari"},"modified":"2021-02-21T18:18:56","modified_gmt":"2021-02-21T18:18:56","slug":"bosch-0-280-218-065-ilmamassamittari","status":"publish","type":"product","link":"https:\/\/www.autonvaraosahaku.fi\/?product=bosch-0-280-218-065-ilmamassamittari","title":{"rendered":"Bosch 0 280 218 065 Ilmamassamittari"},"content":{"rendered":"<p>Suositeltu korjauksenlaajennus: Ilmasuodatin; TECDOC-moottorinumero: 16331; AUDI: A3 8L1,A6 Avant 4B5, C5,A6 4B2, C5,TT 8N3,TT Roadster 8N9; SEAT: LEON 1M1; 06A906461M, 06A906461M, 06A906461M; Ilmam\u00e4\u00e4r\u00e4mittari,MAF Anturi<\/p>\n","protected":false},"excerpt":{"rendered":"<p>BOSCH Ilmamassamittari 0 280 218 065 Ilmam\u00e4\u00e4r\u00e4mittari,MAF Anturi AUDI,SEAT,A3 8L1,A6 Avant 4B5, C5,A6 4B2, C5,TT 8N3,TT Roadster 8N9,LEON 1M1<\/p>\n","protected":false},"featured_media":0,"template":"","meta":{"site-sidebar-layout":"default","site-content-layout":"default","ast-global-header-display":"","ast-main-header-display":"","ast-hfb-above-header-display":"","ast-hfb-below-header-display":"","ast-hfb-mobile-header-display":"","site-post-title":"","ast-breadcrumbs-content":"","ast-featured-img":"","footer-sml-layout":"","theme-transparent-header-meta":"","adv-header-id-meta":"","stick-header-meta":"","header-above-stick-meta":"","header-main-stick-meta":"","header-below-stick-meta":""},"pwb-brand":[534],"product_cat":[270],"product_tag":[],"class_list":{"0":"post-60338","1":"product","2":"type-product","3":"status-publish","5":"pwb-brand-bosch","6":"product_cat-ilmamassamittari","7":"desktop-align-left","8":"tablet-align-left","9":"mobile-align-left","11":"first","12":"instock","13":"product-type-external"},"brands":[{"id":534,"name":"Bosch","slug":"bosch"}],"_links":{"self":[{"href":"https:\/\/www.autonvaraosahaku.fi\/index.php?rest_route=\/wp\/v2\/product\/60338","targetHints":{"allow":["GET"]}}],"collection":[{"href":"https:\/\/www.autonvaraosahaku.fi\/index.php?rest_route=\/wp\/v2\/product"}],"about":[{"href":"https:\/\/www.autonvaraosahaku.fi\/index.php?rest_route=\/wp\/v2\/types\/product"}],"wp:attachment":[{"href":"https:\/\/www.autonvaraosahaku.fi\/index.php?rest_route=%2Fwp%2Fv2%2Fmedia&parent=60338"}],"wp:term":[{"taxonomy":"pwb-brand","embeddable":true,"href":"https:\/\/www.autonvaraosahaku.fi\/index.php?rest_route=%2Fwp%2Fv2%2Fpwb-brand&post=60338"},{"taxonomy":"product_cat","embeddable":true,"href":"https:\/\/www.autonvaraosahaku.fi\/index.php?rest_route=%2Fwp%2Fv2%2Fproduct_cat&post=60338"},{"taxonomy":"product_tag","embeddable":true,"href":"https:\/\/www.autonvaraosahaku.fi\/index.php?rest_route=%2Fwp%2Fv2%2Fproduct_tag&post=60338"}],"curies":[{"name":"wp","href":"https:\/\/api.w.org\/{rel}","templated":true}]}}