{"id":60368,"date":"2021-02-21T18:19:04","date_gmt":"2021-02-21T18:19:04","guid":{"rendered":"https:\/\/www.autonvaraosahaku.fi\/?product=bosch-0-280-156-329-polttoainesuutin"},"modified":"2021-02-21T18:19:06","modified_gmt":"2021-02-21T18:19:06","slug":"bosch-0-280-156-329-polttoainesuutin","status":"publish","type":"product","link":"https:\/\/www.autonvaraosahaku.fi\/?product=bosch-0-280-156-329-polttoainesuutin","title":{"rendered":"Bosch 0 280 156 329 Polttoainesuutin"},"content":{"rendered":"<p>Staattinen l\u00e4pivirtaus 3 baaria, medium n-heptaani [g\/min.]: 116,8; Vastus [Ohm]: 12; Polttoainej\u00e4rjestelm\u00e4: Bensiiniruiskutus; TECDOC-moottorinumero: 13548; CITRO\u00cbN: XSARA PICASSO N68,C5 II Break RE_,C5 I DC_,C5 I Break DE_,C5 II RC_; PEUGEOT: 407 SW 6E_,407 6D_,406 Break 8E\/F,406 8B; 1984E3, 1984E3<\/p>\n","protected":false},"excerpt":{"rendered":"<p>BOSCH Ruiskutusventtiili 0 280 156 329  CITRO\u00cbN,PEUGEOT,XSARA PICASSO N68,C5 II Break RE_,C5 I DC_,C5 I Break DE_,C5 II RC_,407 SW 6E_,407 6D_<\/p>\n","protected":false},"featured_media":0,"template":"","meta":{"site-sidebar-layout":"default","site-content-layout":"default","ast-global-header-display":"","ast-main-header-display":"","ast-hfb-above-header-display":"","ast-hfb-below-header-display":"","ast-hfb-mobile-header-display":"","site-post-title":"","ast-breadcrumbs-content":"","ast-featured-img":"","footer-sml-layout":"","theme-transparent-header-meta":"","adv-header-id-meta":"","stick-header-meta":"","header-above-stick-meta":"","header-main-stick-meta":"","header-below-stick-meta":""},"pwb-brand":[534],"product_cat":[346],"product_tag":[],"class_list":{"0":"post-60368","1":"product","2":"type-product","3":"status-publish","5":"pwb-brand-bosch","6":"product_cat-polttoainesuutin","7":"desktop-align-left","8":"tablet-align-left","9":"mobile-align-left","11":"first","12":"instock","13":"product-type-external"},"brands":[{"id":534,"name":"Bosch","slug":"bosch"}],"_links":{"self":[{"href":"https:\/\/www.autonvaraosahaku.fi\/index.php?rest_route=\/wp\/v2\/product\/60368","targetHints":{"allow":["GET"]}}],"collection":[{"href":"https:\/\/www.autonvaraosahaku.fi\/index.php?rest_route=\/wp\/v2\/product"}],"about":[{"href":"https:\/\/www.autonvaraosahaku.fi\/index.php?rest_route=\/wp\/v2\/types\/product"}],"wp:attachment":[{"href":"https:\/\/www.autonvaraosahaku.fi\/index.php?rest_route=%2Fwp%2Fv2%2Fmedia&parent=60368"}],"wp:term":[{"taxonomy":"pwb-brand","embeddable":true,"href":"https:\/\/www.autonvaraosahaku.fi\/index.php?rest_route=%2Fwp%2Fv2%2Fpwb-brand&post=60368"},{"taxonomy":"product_cat","embeddable":true,"href":"https:\/\/www.autonvaraosahaku.fi\/index.php?rest_route=%2Fwp%2Fv2%2Fproduct_cat&post=60368"},{"taxonomy":"product_tag","embeddable":true,"href":"https:\/\/www.autonvaraosahaku.fi\/index.php?rest_route=%2Fwp%2Fv2%2Fproduct_tag&post=60368"}],"curies":[{"name":"wp","href":"https:\/\/api.w.org\/{rel}","templated":true}]}}