{"id":60476,"date":"2021-02-21T18:19:35","date_gmt":"2021-02-21T18:19:35","guid":{"rendered":"https:\/\/www.autonvaraosahaku.fi\/?product=bosch-6-033-fb2-011-aanitorvi"},"modified":"2021-02-21T18:19:39","modified_gmt":"2021-02-21T18:19:39","slug":"bosch-6-033-fb2-011-aanitorvi","status":"publish","type":"product","link":"https:\/\/www.autonvaraosahaku.fi\/?product=bosch-6-033-fb2-011-aanitorvi","title":{"rendered":"Bosch 6 033 FB2 011 \u00c4\u00e4nitorvi"},"content":{"rendered":"<p>Reik\u00e4-\u00d8 [mm]: 8,7; K\u00e4ytt\u00f6: Pneumaattinen; Nimellisj\u00e4nnite (V): 12; Virrankulutus (W): 60; \u00c4\u00e4nimerkki: Matala \u00e4\u00e4ni; \u00c4\u00e4nenvoimakkuus [dB(A)]: 110; Taajuusalue (Hz): 420; Leveys (mm): 85,6; Pituus (mm): 80; Korkeus (mm): 112; Erittely: schwarz; Valmistusvuoteen: 08\/1969; VW: GOLF V 1K1,TOURAN 1T1, 1T2,GOLF VI 5K1,GOLF PLUS 5M1, 521,CADDY III Kombi 2KB, 2KJ, 2CB, 2CJ,TOURAN 1T3,GOLF VI Variant AJ5,GOLF V Variant 1K5,CADDY III Kasten 2KA, 2KH, 2CA, 2CH,SCIROCCO 137, 138,NEW BEETLE 9C1, 1C1,NEW BEETLE Cabriolet 1Y7,JETTA III 1K2,JETTA IV 162, 163; MERCEDES-BENZ: S-CLASS W221,S-CLASS Coupe C216; BMW: 3 Touring E91,3 E90,5 E39,1 E87,X3 E83,5 Touring E39,X1 E84,3 Coupe E92,3 Cabriolet E46,7 E38,3 Cabriolet E93,6 E63,6 Cabriolet E64; SEAT: LEON 1M1; CITRO\u00cbN: C6 TD_; NISSAN: ALMERA TINO V10,PRIMERA P11,PRIMERA Hatchback P11; PORSCHE: 911,911 Targa; PCG63511202<\/p>\n","protected":false},"excerpt":{"rendered":"<p>BOSCH \u00c4\u00e4nitorvi, Fanfaari 6 033 FB2 011  VW,MERCEDES-BENZ,BMW,GOLF V 1K1,TOURAN 1T1, 1T2,GOLF VI 5K1,GOLF PLUS 5M1, 521<\/p>\n","protected":false},"featured_media":0,"template":"","meta":{"site-sidebar-layout":"default","site-content-layout":"default","ast-global-header-display":"","ast-main-header-display":"","ast-hfb-above-header-display":"","ast-hfb-below-header-display":"","ast-hfb-mobile-header-display":"","site-post-title":"","ast-breadcrumbs-content":"","ast-featured-img":"","footer-sml-layout":"","theme-transparent-header-meta":"","adv-header-id-meta":"","stick-header-meta":"","header-above-stick-meta":"","header-main-stick-meta":"","header-below-stick-meta":""},"pwb-brand":[534],"product_cat":[166],"product_tag":[],"class_list":{"0":"post-60476","1":"product","2":"type-product","3":"status-publish","5":"pwb-brand-bosch","6":"product_cat-aanitorvi","7":"desktop-align-left","8":"tablet-align-left","9":"mobile-align-left","11":"first","12":"instock","13":"product-type-external"},"brands":[{"id":534,"name":"Bosch","slug":"bosch"}],"_links":{"self":[{"href":"https:\/\/www.autonvaraosahaku.fi\/index.php?rest_route=\/wp\/v2\/product\/60476","targetHints":{"allow":["GET"]}}],"collection":[{"href":"https:\/\/www.autonvaraosahaku.fi\/index.php?rest_route=\/wp\/v2\/product"}],"about":[{"href":"https:\/\/www.autonvaraosahaku.fi\/index.php?rest_route=\/wp\/v2\/types\/product"}],"wp:attachment":[{"href":"https:\/\/www.autonvaraosahaku.fi\/index.php?rest_route=%2Fwp%2Fv2%2Fmedia&parent=60476"}],"wp:term":[{"taxonomy":"pwb-brand","embeddable":true,"href":"https:\/\/www.autonvaraosahaku.fi\/index.php?rest_route=%2Fwp%2Fv2%2Fpwb-brand&post=60476"},{"taxonomy":"product_cat","embeddable":true,"href":"https:\/\/www.autonvaraosahaku.fi\/index.php?rest_route=%2Fwp%2Fv2%2Fproduct_cat&post=60476"},{"taxonomy":"product_tag","embeddable":true,"href":"https:\/\/www.autonvaraosahaku.fi\/index.php?rest_route=%2Fwp%2Fv2%2Fproduct_tag&post=60476"}],"curies":[{"name":"wp","href":"https:\/\/api.w.org\/{rel}","templated":true}]}}