{"id":60490,"date":"2021-02-21T18:19:41","date_gmt":"2021-02-21T18:19:41","guid":{"rendered":"https:\/\/www.autonvaraosahaku.fi\/?product=bosch-0-451-103-238-oljynsuodatin"},"modified":"2021-02-21T18:19:44","modified_gmt":"2021-02-21T18:19:44","slug":"bosch-0-451-103-238-oljynsuodatin","status":"publish","type":"product","link":"https:\/\/www.autonvaraosahaku.fi\/?product=bosch-0-451-103-238-oljynsuodatin","title":{"rendered":"Bosch 0 451 103 238 \u00d6ljynsuodatin"},"content":{"rendered":"<p>Suodatintyyppi: Ruuvattava suodatin; Korkeus (mm): 139; Kierremitta: M 20 x 1,5; Ulkol\u00e4pimitta [mm]: 93; L\u00e4pimitta 1 [mm]: 62,5; TECDOC-moottorinumero: 735; CITRO\u00cbN: XM Y4,JUMPER Kasten 230L,XM Y3,JUMPER Bus 230P,XM Break Y4,JUMPER Pritsche\/Fahrgestell 230,XM Break Y3; PEUGEOT: J5 Pritsche\/Fahrgestell 280L,J5 Pritsche\/Fahrgestell 290L,BOXER Kasten 230L,J5 Kasten 280L,J5 Bus 290P,J5 Kasten 290L,J5 Bus 280P,BOXER Bus 230P,BOXER Pritsche\/Fahrgestell ZCT_,605 6B,505 551A,505 Break 551D; 1109K7, 95638903, 192143, 93156561, 192143, 110962, 110987, 1109K7, 110987<\/p>\n","protected":false},"excerpt":{"rendered":"<p>BOSCH \u00d6ljynsuodatin 0 451 103 238  CITRO\u00cbN,PEUGEOT,XM Y4,JUMPER Kasten 230L,XM Y3,JUMPER Bus 230P,XM Break Y4,JUMPER Pritsche\/Fahrgestell 230<\/p>\n","protected":false},"featured_media":0,"template":"","meta":{"site-sidebar-layout":"default","site-content-layout":"default","ast-global-header-display":"","ast-main-header-display":"","ast-hfb-above-header-display":"","ast-hfb-below-header-display":"","ast-hfb-mobile-header-display":"","site-post-title":"","ast-breadcrumbs-content":"","ast-featured-img":"","footer-sml-layout":"","theme-transparent-header-meta":"","adv-header-id-meta":"","stick-header-meta":"","header-above-stick-meta":"","header-main-stick-meta":"","header-below-stick-meta":""},"pwb-brand":[534],"product_cat":[30],"product_tag":[],"class_list":{"0":"post-60490","1":"product","2":"type-product","3":"status-publish","5":"pwb-brand-bosch","6":"product_cat-oljynsuodatin","7":"desktop-align-left","8":"tablet-align-left","9":"mobile-align-left","11":"first","12":"instock","13":"product-type-external"},"brands":[{"id":534,"name":"Bosch","slug":"bosch"}],"_links":{"self":[{"href":"https:\/\/www.autonvaraosahaku.fi\/index.php?rest_route=\/wp\/v2\/product\/60490","targetHints":{"allow":["GET"]}}],"collection":[{"href":"https:\/\/www.autonvaraosahaku.fi\/index.php?rest_route=\/wp\/v2\/product"}],"about":[{"href":"https:\/\/www.autonvaraosahaku.fi\/index.php?rest_route=\/wp\/v2\/types\/product"}],"wp:attachment":[{"href":"https:\/\/www.autonvaraosahaku.fi\/index.php?rest_route=%2Fwp%2Fv2%2Fmedia&parent=60490"}],"wp:term":[{"taxonomy":"pwb-brand","embeddable":true,"href":"https:\/\/www.autonvaraosahaku.fi\/index.php?rest_route=%2Fwp%2Fv2%2Fpwb-brand&post=60490"},{"taxonomy":"product_cat","embeddable":true,"href":"https:\/\/www.autonvaraosahaku.fi\/index.php?rest_route=%2Fwp%2Fv2%2Fproduct_cat&post=60490"},{"taxonomy":"product_tag","embeddable":true,"href":"https:\/\/www.autonvaraosahaku.fi\/index.php?rest_route=%2Fwp%2Fv2%2Fproduct_tag&post=60490"}],"curies":[{"name":"wp","href":"https:\/\/api.w.org\/{rel}","templated":true}]}}