{"id":60525,"date":"2021-02-21T18:19:53","date_gmt":"2021-02-21T18:19:53","guid":{"rendered":"https:\/\/www.autonvaraosahaku.fi\/?product=bosch-0-986-477-041-jarrurumpu"},"modified":"2021-02-21T18:19:54","modified_gmt":"2021-02-21T18:19:54","slug":"bosch-0-986-477-041-jarrurumpu","status":"publish","type":"product","link":"https:\/\/www.autonvaraosahaku.fi\/?product=bosch-0-986-477-041-jarrurumpu","title":{"rendered":"Bosch 0 986 477 041 Jarrurumpu"},"content":{"rendered":"<p>Asennuspuoli: Taka-akseli; Jarrurummun sis\u00e4-\u00d8 [mm]: 200; Jarrurummun ulkol\u00e4pim. [mm]: 239,3; J-rumpu sis\u00e4leveys [mm]: 49; J-rumpu ulkoleveys [mm]: 81,5; Reik\u00e4ympyr\u00e4-\u00d8 [mm]: 100; Reikien m\u00e4\u00e4r\u00e4: 4; keskitt\u00e4misl\u00e4pimitta [mm]: 50,2; Lattaliittimi\u00e4 kpl.: 200&#215;40; VW: GOLF IV 1J1,GOLF III 1H1,POLO 6N1,GOLF II 19E, 1G1,GOLF III Cabriolet 1E7,GOLF III Variant 1H5,PASSAT 3A2, 35I,POLO Variant 6KV5,POLO CLASSIC 6KV2,VENTO 1H2,GOLF I 17,JETTA II 19E, 1G2, 165,PASSAT Variant 32B,POLO Kasten 6NF,PASSAT 32B,CADDY II Pick-up 9U7,SCIROCCO 53,PASSAT 32,PASSAT Stufenheck 32B,PASSAT Variant 33,POLO PLAYA,SANTANA 32B,GOLF II Van 19E, 1G1,GOLF III Van 1H1; AUDI: 80 89, 89Q, 8A, B3,80 81, 85, B2,80 80, 82, B1; SKODA: FELICIA I 6U1,FELICIA II 6U1,FELICIA I Fun 797,FELICIA I Kombi 6U5,FELICIA II Kombi 6U5,FAVORIT 781,FAVORIT Forman 785,FAVORIT Pick-up 787; SEAT: IBIZA II 6K1,CORDOBA 6K1, 6K2,TOLEDO I 1L; 191501615A, 1H0501615A, 1H0501615A, 6U0501615B, 115330192, 191501615A, 1H0501615A, 323501615, 331501615, 6U0501615A, 6U0501615B, 841501615A<\/p>\n","protected":false},"excerpt":{"rendered":"<p>BOSCH Jarrurumpu 0 986 477 041  VW,AUDI,SKODA,GOLF IV 1J1,GOLF III 1H1,POLO 6N1,GOLF II 19E, 1G1,GOLF III Cabriolet 1E7,GOLF III Variant 1H5<\/p>\n","protected":false},"featured_media":0,"template":"","meta":{"site-sidebar-layout":"default","site-content-layout":"default","ast-global-header-display":"","ast-main-header-display":"","ast-hfb-above-header-display":"","ast-hfb-below-header-display":"","ast-hfb-mobile-header-display":"","site-post-title":"","ast-breadcrumbs-content":"","ast-featured-img":"","footer-sml-layout":"","theme-transparent-header-meta":"","adv-header-id-meta":"","stick-header-meta":"","header-above-stick-meta":"","header-main-stick-meta":"","header-below-stick-meta":""},"pwb-brand":[534],"product_cat":[304],"product_tag":[],"class_list":{"0":"post-60525","1":"product","2":"type-product","3":"status-publish","5":"pwb-brand-bosch","6":"product_cat-jarrurumpu","7":"desktop-align-left","8":"tablet-align-left","9":"mobile-align-left","11":"first","12":"instock","13":"product-type-external"},"brands":[{"id":534,"name":"Bosch","slug":"bosch"}],"_links":{"self":[{"href":"https:\/\/www.autonvaraosahaku.fi\/index.php?rest_route=\/wp\/v2\/product\/60525","targetHints":{"allow":["GET"]}}],"collection":[{"href":"https:\/\/www.autonvaraosahaku.fi\/index.php?rest_route=\/wp\/v2\/product"}],"about":[{"href":"https:\/\/www.autonvaraosahaku.fi\/index.php?rest_route=\/wp\/v2\/types\/product"}],"wp:attachment":[{"href":"https:\/\/www.autonvaraosahaku.fi\/index.php?rest_route=%2Fwp%2Fv2%2Fmedia&parent=60525"}],"wp:term":[{"taxonomy":"pwb-brand","embeddable":true,"href":"https:\/\/www.autonvaraosahaku.fi\/index.php?rest_route=%2Fwp%2Fv2%2Fpwb-brand&post=60525"},{"taxonomy":"product_cat","embeddable":true,"href":"https:\/\/www.autonvaraosahaku.fi\/index.php?rest_route=%2Fwp%2Fv2%2Fproduct_cat&post=60525"},{"taxonomy":"product_tag","embeddable":true,"href":"https:\/\/www.autonvaraosahaku.fi\/index.php?rest_route=%2Fwp%2Fv2%2Fproduct_tag&post=60525"}],"curies":[{"name":"wp","href":"https:\/\/api.w.org\/{rel}","templated":true}]}}