{"id":60540,"date":"2021-02-21T18:19:53","date_gmt":"2021-02-21T18:19:53","guid":{"rendered":"https:\/\/www.autonvaraosahaku.fi\/?product=bosch-0-986-478-101-jarrulevyt"},"modified":"2021-02-21T18:19:58","modified_gmt":"2021-02-21T18:19:58","slug":"bosch-0-986-478-101-jarrulevyt","status":"publish","type":"product","link":"https:\/\/www.autonvaraosahaku.fi\/?product=bosch-0-986-478-101-jarrulevyt","title":{"rendered":"Bosch 0 986 478 101 Jarrulevyt"},"content":{"rendered":"<p>Ulkol\u00e4pimitta [mm]: 289; Jarrulevyn paksuus (mm): 19,9; V\u00e4himm\u00e4ispaksuus (mm): 18,7; Korkeus (mm): 71,2; Reik\u00e4ympyr\u00e4-\u00d8 [mm]: 130; Jarrulevytyyppi: Tuuletettu, Tuuletettu, sis\u00e4; keskitt\u00e4misl\u00e4pimitta [mm]: 103; Reikien m\u00e4\u00e4r\u00e4: 5; Pinta: rasvattu; K\u00e4sittely: hiiliter\u00e4s; Porausreik\u00e4l\u00e4pimitta enint\u00e4\u00e4n [mm]: 15,6; Asennuspuoli: Hinterachse; PORSCHE: 944,924,928; 92835204102, 94435204102; Jarrulevy<\/p>\n","protected":false},"excerpt":{"rendered":"<p>BOSCH Jarrulevyt 0 986 478 101 Jarrulevy PORSCHE,944,924,928<\/p>\n","protected":false},"featured_media":0,"template":"","meta":{"site-sidebar-layout":"default","site-content-layout":"default","ast-global-header-display":"","ast-main-header-display":"","ast-hfb-above-header-display":"","ast-hfb-below-header-display":"","ast-hfb-mobile-header-display":"","site-post-title":"","ast-breadcrumbs-content":"","ast-featured-img":"","footer-sml-layout":"","theme-transparent-header-meta":"","adv-header-id-meta":"","stick-header-meta":"","header-above-stick-meta":"","header-main-stick-meta":"","header-below-stick-meta":""},"pwb-brand":[534],"product_cat":[66],"product_tag":[],"class_list":{"0":"post-60540","1":"product","2":"type-product","3":"status-publish","5":"pwb-brand-bosch","6":"product_cat-jarrulevyt","7":"desktop-align-left","8":"tablet-align-left","9":"mobile-align-left","11":"first","12":"instock","13":"product-type-external"},"brands":[{"id":534,"name":"Bosch","slug":"bosch"}],"_links":{"self":[{"href":"https:\/\/www.autonvaraosahaku.fi\/index.php?rest_route=\/wp\/v2\/product\/60540","targetHints":{"allow":["GET"]}}],"collection":[{"href":"https:\/\/www.autonvaraosahaku.fi\/index.php?rest_route=\/wp\/v2\/product"}],"about":[{"href":"https:\/\/www.autonvaraosahaku.fi\/index.php?rest_route=\/wp\/v2\/types\/product"}],"wp:attachment":[{"href":"https:\/\/www.autonvaraosahaku.fi\/index.php?rest_route=%2Fwp%2Fv2%2Fmedia&parent=60540"}],"wp:term":[{"taxonomy":"pwb-brand","embeddable":true,"href":"https:\/\/www.autonvaraosahaku.fi\/index.php?rest_route=%2Fwp%2Fv2%2Fpwb-brand&post=60540"},{"taxonomy":"product_cat","embeddable":true,"href":"https:\/\/www.autonvaraosahaku.fi\/index.php?rest_route=%2Fwp%2Fv2%2Fproduct_cat&post=60540"},{"taxonomy":"product_tag","embeddable":true,"href":"https:\/\/www.autonvaraosahaku.fi\/index.php?rest_route=%2Fwp%2Fv2%2Fproduct_tag&post=60540"}],"curies":[{"name":"wp","href":"https:\/\/api.w.org\/{rel}","templated":true}]}}