{"id":60541,"date":"2021-02-21T18:19:53","date_gmt":"2021-02-21T18:19:53","guid":{"rendered":"https:\/\/www.autonvaraosahaku.fi\/?product=bosch-0-986-477-135-jarrurumpu"},"modified":"2021-02-21T18:19:58","modified_gmt":"2021-02-21T18:19:58","slug":"bosch-0-986-477-135-jarrurumpu","status":"publish","type":"product","link":"https:\/\/www.autonvaraosahaku.fi\/?product=bosch-0-986-477-135-jarrurumpu","title":{"rendered":"Bosch 0 986 477 135 Jarrurumpu"},"content":{"rendered":"<p>Asennuspuoli: Taka-akseli; Jarrurummun sis\u00e4-\u00d8 [mm]: 200; Jarrurummun ulkol\u00e4pim. [mm]: 228; J-rumpu sis\u00e4leveys [mm]: 54; J-rumpu ulkoleveys [mm]: 94,2; Reik\u00e4ympyr\u00e4-\u00d8 [mm]: 100; Reikien m\u00e4\u00e4r\u00e4: 4; keskitt\u00e4misl\u00e4pimitta [mm]: 52,9; Korvaava tuote\/korvaava tiedote 2: laakerilla; Valmistusvuosi alkaen: 09\/2003; OPEL: CORSA C F08, F68,TIGRA TwinTop,CORSA CLASSIC Stufenheck,CORSA C Kasten F08, W5L,CORSA C Utility Pick-up,CORSA B Utility Pick-up; VAUXHALL: CORSA Mk II C W5L, F08,CORSAVAN Mk II C,TIGRA Convertible; 9196290, 418001, 9196290, 9196290<\/p>\n","protected":false},"excerpt":{"rendered":"<p>BOSCH Jarrurumpu 0 986 477 135  OPEL,VAUXHALL,CORSA C F08, F68,TIGRA TwinTop,CORSA CLASSIC Stufenheck,CORSA C Kasten F08, W5L,CORSA C Utility Pick-up<\/p>\n","protected":false},"featured_media":0,"template":"","meta":{"site-sidebar-layout":"default","site-content-layout":"default","ast-global-header-display":"","ast-main-header-display":"","ast-hfb-above-header-display":"","ast-hfb-below-header-display":"","ast-hfb-mobile-header-display":"","site-post-title":"","ast-breadcrumbs-content":"","ast-featured-img":"","footer-sml-layout":"","theme-transparent-header-meta":"","adv-header-id-meta":"","stick-header-meta":"","header-above-stick-meta":"","header-main-stick-meta":"","header-below-stick-meta":""},"pwb-brand":[534],"product_cat":[304],"product_tag":[],"class_list":{"0":"post-60541","1":"product","2":"type-product","3":"status-publish","5":"pwb-brand-bosch","6":"product_cat-jarrurumpu","7":"desktop-align-left","8":"tablet-align-left","9":"mobile-align-left","11":"first","12":"instock","13":"product-type-external"},"brands":[{"id":534,"name":"Bosch","slug":"bosch"}],"_links":{"self":[{"href":"https:\/\/www.autonvaraosahaku.fi\/index.php?rest_route=\/wp\/v2\/product\/60541","targetHints":{"allow":["GET"]}}],"collection":[{"href":"https:\/\/www.autonvaraosahaku.fi\/index.php?rest_route=\/wp\/v2\/product"}],"about":[{"href":"https:\/\/www.autonvaraosahaku.fi\/index.php?rest_route=\/wp\/v2\/types\/product"}],"wp:attachment":[{"href":"https:\/\/www.autonvaraosahaku.fi\/index.php?rest_route=%2Fwp%2Fv2%2Fmedia&parent=60541"}],"wp:term":[{"taxonomy":"pwb-brand","embeddable":true,"href":"https:\/\/www.autonvaraosahaku.fi\/index.php?rest_route=%2Fwp%2Fv2%2Fpwb-brand&post=60541"},{"taxonomy":"product_cat","embeddable":true,"href":"https:\/\/www.autonvaraosahaku.fi\/index.php?rest_route=%2Fwp%2Fv2%2Fproduct_cat&post=60541"},{"taxonomy":"product_tag","embeddable":true,"href":"https:\/\/www.autonvaraosahaku.fi\/index.php?rest_route=%2Fwp%2Fv2%2Fproduct_tag&post=60541"}],"curies":[{"name":"wp","href":"https:\/\/api.w.org\/{rel}","templated":true}]}}