{"id":60542,"date":"2021-02-21T18:19:59","date_gmt":"2021-02-21T18:19:59","guid":{"rendered":"https:\/\/www.autonvaraosahaku.fi\/?product=bosch-0-986-477-120-jarrurumpu"},"modified":"2021-02-21T18:20:00","modified_gmt":"2021-02-21T18:20:00","slug":"bosch-0-986-477-120-jarrurumpu","status":"publish","type":"product","link":"https:\/\/www.autonvaraosahaku.fi\/?product=bosch-0-986-477-120-jarrurumpu","title":{"rendered":"Bosch 0 986 477 120 Jarrurumpu"},"content":{"rendered":"<p>Asennuspuoli: Taka-akseli; Jarrurummun sis\u00e4-\u00d8 [mm]: 203,3; Jarrurummun ulkol\u00e4pim. [mm]: 234; J-rumpu sis\u00e4leveys [mm]: 50; J-rumpu ulkoleveys [mm]: 76; Reik\u00e4ympyr\u00e4-\u00d8 [mm]: 100; Reikien m\u00e4\u00e4r\u00e4: 4; keskitt\u00e4misl\u00e4pimitta [mm]: 52; Korvaava tuote\/korvaava tiedote 2: ilman laakeria; TECDOC-moottorinumero: 3262; RENAULT: TWINGO I C06_,CLIO II BB0\/1\/2_, CB0\/1\/2_,MEGANE I BA0\/1_,MEGANE I Cabriolet EA0\/1_,TWINGO I Kasten S06_,MEGANE I Classic LA0\/1_,MEGANE I Coach DA0\/1_,CLIO II Kasten SB0\/1\/2_,19 II B\/C53_,19 II Cabriolet D53_, 853_,19 I B\/C53_,19 II Chamade L53_,19 I Chamade L53_,THALIA I LB0\/1\/2_,19 II Kasten S53_,LOGAN I LS_,THALIA II LU1\/2_; DACIA: SANDERO,LOGAN LS_; 6001547703, 7700839322, 432022546R, 432026294R, 432026617R, 6001547703, 7700428821, 7700818346, 7700827866, 7700839322, 7701204836<\/p>\n","protected":false},"excerpt":{"rendered":"<p>BOSCH Jarrurumpu 0 986 477 120  RENAULT,DACIA,TWINGO I C06_,CLIO II BB0\/1\/2_, CB0\/1\/2_,MEGANE I BA0\/1_,MEGANE I Cabriolet EA0\/1_,TWINGO I Kasten S06_<\/p>\n","protected":false},"featured_media":0,"template":"","meta":{"site-sidebar-layout":"default","site-content-layout":"default","ast-global-header-display":"","ast-main-header-display":"","ast-hfb-above-header-display":"","ast-hfb-below-header-display":"","ast-hfb-mobile-header-display":"","site-post-title":"","ast-breadcrumbs-content":"","ast-featured-img":"","footer-sml-layout":"","theme-transparent-header-meta":"","adv-header-id-meta":"","stick-header-meta":"","header-above-stick-meta":"","header-main-stick-meta":"","header-below-stick-meta":""},"pwb-brand":[534],"product_cat":[304],"product_tag":[],"class_list":{"0":"post-60542","1":"product","2":"type-product","3":"status-publish","5":"pwb-brand-bosch","6":"product_cat-jarrurumpu","7":"desktop-align-left","8":"tablet-align-left","9":"mobile-align-left","11":"first","12":"instock","13":"product-type-external"},"brands":[{"id":534,"name":"Bosch","slug":"bosch"}],"_links":{"self":[{"href":"https:\/\/www.autonvaraosahaku.fi\/index.php?rest_route=\/wp\/v2\/product\/60542","targetHints":{"allow":["GET"]}}],"collection":[{"href":"https:\/\/www.autonvaraosahaku.fi\/index.php?rest_route=\/wp\/v2\/product"}],"about":[{"href":"https:\/\/www.autonvaraosahaku.fi\/index.php?rest_route=\/wp\/v2\/types\/product"}],"wp:attachment":[{"href":"https:\/\/www.autonvaraosahaku.fi\/index.php?rest_route=%2Fwp%2Fv2%2Fmedia&parent=60542"}],"wp:term":[{"taxonomy":"pwb-brand","embeddable":true,"href":"https:\/\/www.autonvaraosahaku.fi\/index.php?rest_route=%2Fwp%2Fv2%2Fpwb-brand&post=60542"},{"taxonomy":"product_cat","embeddable":true,"href":"https:\/\/www.autonvaraosahaku.fi\/index.php?rest_route=%2Fwp%2Fv2%2Fproduct_cat&post=60542"},{"taxonomy":"product_tag","embeddable":true,"href":"https:\/\/www.autonvaraosahaku.fi\/index.php?rest_route=%2Fwp%2Fv2%2Fproduct_tag&post=60542"}],"curies":[{"name":"wp","href":"https:\/\/api.w.org\/{rel}","templated":true}]}}