{"id":60544,"date":"2021-02-21T18:19:59","date_gmt":"2021-02-21T18:19:59","guid":{"rendered":"https:\/\/www.autonvaraosahaku.fi\/?product=bosch-0-986-450-115-polttoainesuodatin"},"modified":"2021-02-21T18:20:00","modified_gmt":"2021-02-21T18:20:00","slug":"bosch-0-986-450-115-polttoainesuodatin","status":"publish","type":"product","link":"https:\/\/www.autonvaraosahaku.fi\/?product=bosch-0-986-450-115-polttoainesuodatin","title":{"rendered":"Bosch 0 986 450 115 Polttoainesuodatin"},"content":{"rendered":"<p>Polttoainej\u00e4rjestelm\u00e4: Bensiiniruiskutus; Suodatintyyppi: Letkusuodatin; L\u00e4pimitta [mm]: 70; Korkeus (mm): 122; Kierre sis\u00e4\u00e4ntulo: M 14 x 1,5; Kierre ulostulo: M 12 x 1,25; Valmistusvuoteen: 05\/1995; TOYOTA: STARLET EP91,COROLLA Liftback _E11_,COROLLA Compact _E11_,COROLLA Stufenheck _E12J_, _E12T_,COROLLA Compact _E10_,COROLLA _E11_,COROLLA Wagon __E11_,COROLLA Liftback _E10_,COROLLA Liftback _E9_,COROLLA _E10_,COROLLA Stufenheck E15_,COROLLA Compact _E9_,COROLLA Wagon _E10_; 12366546, 94854916, 2330011100, 2330011210, 2330015020, 2330016210, 2330019285, 2330019295, 2330019495, 2330019515, 2330019555<\/p>\n","protected":false},"excerpt":{"rendered":"<p>BOSCH Polttoainesuodatin 0 986 450 115  TOYOTA,STARLET EP91,COROLLA Liftback _E11_,COROLLA Compact _E11_,COROLLA Stufenheck _E12J_, _E12T_<\/p>\n","protected":false},"featured_media":0,"template":"","meta":{"site-sidebar-layout":"default","site-content-layout":"default","ast-global-header-display":"","ast-main-header-display":"","ast-hfb-above-header-display":"","ast-hfb-below-header-display":"","ast-hfb-mobile-header-display":"","site-post-title":"","ast-breadcrumbs-content":"","ast-featured-img":"","footer-sml-layout":"","theme-transparent-header-meta":"","adv-header-id-meta":"","stick-header-meta":"","header-above-stick-meta":"","header-main-stick-meta":"","header-below-stick-meta":""},"pwb-brand":[534],"product_cat":[29],"product_tag":[],"class_list":{"0":"post-60544","1":"product","2":"type-product","3":"status-publish","5":"pwb-brand-bosch","6":"product_cat-polttoainesuodatin","7":"desktop-align-left","8":"tablet-align-left","9":"mobile-align-left","11":"first","12":"instock","13":"product-type-external"},"brands":[{"id":534,"name":"Bosch","slug":"bosch"}],"_links":{"self":[{"href":"https:\/\/www.autonvaraosahaku.fi\/index.php?rest_route=\/wp\/v2\/product\/60544","targetHints":{"allow":["GET"]}}],"collection":[{"href":"https:\/\/www.autonvaraosahaku.fi\/index.php?rest_route=\/wp\/v2\/product"}],"about":[{"href":"https:\/\/www.autonvaraosahaku.fi\/index.php?rest_route=\/wp\/v2\/types\/product"}],"wp:attachment":[{"href":"https:\/\/www.autonvaraosahaku.fi\/index.php?rest_route=%2Fwp%2Fv2%2Fmedia&parent=60544"}],"wp:term":[{"taxonomy":"pwb-brand","embeddable":true,"href":"https:\/\/www.autonvaraosahaku.fi\/index.php?rest_route=%2Fwp%2Fv2%2Fpwb-brand&post=60544"},{"taxonomy":"product_cat","embeddable":true,"href":"https:\/\/www.autonvaraosahaku.fi\/index.php?rest_route=%2Fwp%2Fv2%2Fproduct_cat&post=60544"},{"taxonomy":"product_tag","embeddable":true,"href":"https:\/\/www.autonvaraosahaku.fi\/index.php?rest_route=%2Fwp%2Fv2%2Fproduct_tag&post=60544"}],"curies":[{"name":"wp","href":"https:\/\/api.w.org\/{rel}","templated":true}]}}