{"id":60558,"date":"2021-02-21T18:19:59","date_gmt":"2021-02-21T18:19:59","guid":{"rendered":"https:\/\/www.autonvaraosahaku.fi\/?product=bosch-0-281-003-099-ohjainlaite-lammitys-tuuletus"},"modified":"2021-02-21T18:20:04","modified_gmt":"2021-02-21T18:20:04","slug":"bosch-0-281-003-099-ohjainlaite-lammitys-tuuletus","status":"publish","type":"product","link":"https:\/\/www.autonvaraosahaku.fi\/?product=bosch-0-281-003-099-ohjainlaite-lammitys-tuuletus","title":{"rendered":"Bosch 0 281 003 099 Ohjainlaite l\u00e4mmitys tuuletus"},"content":{"rendered":"<p>Hehkutulppatyyppi: j\u00e4lkihehkutuksenkest\u00e4v\u00e4, Hehkutulppa, puikko; TECDOC-moottorinumero: 4992; VW: GOLF IV 1J1,TRANSPORTER IV Bus 70XB, 70XC, 7DB, 7DW,GOLF III 1H1,GOLF II 19E, 1G1,PASSAT Variant 3A5, 35I,TRANSPORTER IV Kasten 70XA,GOLF III Variant 1H5,TRANSPORTER III Bus,PASSAT 3A2, 35I,TRANSPORTER IV Pritsche\/Fahrgestell 70XD,VENTO 1H2,LT 28-35 I Kasten 281-363,GOLF I 17,LT 28-35 I Bus 281-363,CADDY I 14,JETTA II 19E, 1G2, 165,PASSAT Variant 32B,TRANSPORTER III Kasten,LT 28-35 I Pritsche\/Fahrgestell 281-363,TRANSPORTER III Pritsche\/Fahrgestell,PASSAT 32B,LT 40-55 I Pritsche\/Fahrgestell 293-909,JETTA I 16,LT 40-55 I Kasten 291-512,PASSAT Stufenheck 32B,SANTANA 32B,GOLF II Van 19E, 1G1,GOLF III Van 1H1; SEAT: IBIZA II 6K1,TOLEDO I 1L; 191911261C, 191911261A, 191911261C, 321911261, 321911261C<\/p>\n","protected":false},"excerpt":{"rendered":"<p>BOSCH Ohjainlaite, Hehkutusj\u00e4rjest. 0 281 003 099  VW,SEAT,GOLF IV 1J1,TRANSPORTER IV Bus 70XB, 70XC, 7DB, 7DW,GOLF III 1H1,GOLF II 19E, 1G1<\/p>\n","protected":false},"featured_media":0,"template":"","meta":{"site-sidebar-layout":"default","site-content-layout":"default","ast-global-header-display":"","ast-main-header-display":"","ast-hfb-above-header-display":"","ast-hfb-below-header-display":"","ast-hfb-mobile-header-display":"","site-post-title":"","ast-breadcrumbs-content":"","ast-featured-img":"","footer-sml-layout":"","theme-transparent-header-meta":"","adv-header-id-meta":"","stick-header-meta":"","header-above-stick-meta":"","header-main-stick-meta":"","header-below-stick-meta":""},"pwb-brand":[534],"product_cat":[262],"product_tag":[],"class_list":{"0":"post-60558","1":"product","2":"type-product","3":"status-publish","5":"pwb-brand-bosch","6":"product_cat-ohjainlaite-lammitys-tuuletus","7":"desktop-align-left","8":"tablet-align-left","9":"mobile-align-left","11":"first","12":"instock","13":"product-type-external"},"brands":[{"id":534,"name":"Bosch","slug":"bosch"}],"_links":{"self":[{"href":"https:\/\/www.autonvaraosahaku.fi\/index.php?rest_route=\/wp\/v2\/product\/60558","targetHints":{"allow":["GET"]}}],"collection":[{"href":"https:\/\/www.autonvaraosahaku.fi\/index.php?rest_route=\/wp\/v2\/product"}],"about":[{"href":"https:\/\/www.autonvaraosahaku.fi\/index.php?rest_route=\/wp\/v2\/types\/product"}],"wp:attachment":[{"href":"https:\/\/www.autonvaraosahaku.fi\/index.php?rest_route=%2Fwp%2Fv2%2Fmedia&parent=60558"}],"wp:term":[{"taxonomy":"pwb-brand","embeddable":true,"href":"https:\/\/www.autonvaraosahaku.fi\/index.php?rest_route=%2Fwp%2Fv2%2Fpwb-brand&post=60558"},{"taxonomy":"product_cat","embeddable":true,"href":"https:\/\/www.autonvaraosahaku.fi\/index.php?rest_route=%2Fwp%2Fv2%2Fproduct_cat&post=60558"},{"taxonomy":"product_tag","embeddable":true,"href":"https:\/\/www.autonvaraosahaku.fi\/index.php?rest_route=%2Fwp%2Fv2%2Fproduct_tag&post=60558"}],"curies":[{"name":"wp","href":"https:\/\/api.w.org\/{rel}","templated":true}]}}