{"id":60589,"date":"2021-02-21T18:20:12","date_gmt":"2021-02-21T18:20:12","guid":{"rendered":"https:\/\/www.autonvaraosahaku.fi\/?product=bosch-0-280-155-809-polttoainesuutin"},"modified":"2021-02-21T18:20:14","modified_gmt":"2021-02-21T18:20:14","slug":"bosch-0-280-155-809-polttoainesuutin","status":"publish","type":"product","link":"https:\/\/www.autonvaraosahaku.fi\/?product=bosch-0-280-155-809-polttoainesuutin","title":{"rendered":"Bosch 0 280 155 809 Polttoainesuutin"},"content":{"rendered":"<p>Staattinen l\u00e4pivirtaus 3 baaria, medium n-heptaani [g\/min.]: 137; Vastus [Ohm]: 14,5; Polttoainej\u00e4rjestelm\u00e4: Bensiiniruiskutus; Moottorinumero: LFY; CITRO\u00cbN: XANTIA X1,XANTIA Break X1; PEUGEOT: 306 Schr\u00e4gheck 7A, 7C, N3, N5,306 Cabriolet 7D, N3, N5,406 Break 8E\/F,306 Break 7E, N3, N5,406 8B,306 7B, N3, N5; 1984C5, 96283864, 1984C5, 96283864<\/p>\n","protected":false},"excerpt":{"rendered":"<p>BOSCH Ruiskutusventtiili 0 280 155 809  CITRO\u00cbN,PEUGEOT,XANTIA X1,XANTIA Break X1,306 Schr\u00e4gheck 7A, 7C, N3, N5,306 Cabriolet 7D, N3, N5<\/p>\n","protected":false},"featured_media":0,"template":"","meta":{"site-sidebar-layout":"default","site-content-layout":"default","ast-global-header-display":"","ast-main-header-display":"","ast-hfb-above-header-display":"","ast-hfb-below-header-display":"","ast-hfb-mobile-header-display":"","site-post-title":"","ast-breadcrumbs-content":"","ast-featured-img":"","footer-sml-layout":"","theme-transparent-header-meta":"","adv-header-id-meta":"","stick-header-meta":"","header-above-stick-meta":"","header-main-stick-meta":"","header-below-stick-meta":""},"pwb-brand":[534],"product_cat":[346],"product_tag":[],"class_list":{"0":"post-60589","1":"product","2":"type-product","3":"status-publish","5":"pwb-brand-bosch","6":"product_cat-polttoainesuutin","7":"desktop-align-left","8":"tablet-align-left","9":"mobile-align-left","11":"first","12":"instock","13":"product-type-external"},"brands":[{"id":534,"name":"Bosch","slug":"bosch"}],"_links":{"self":[{"href":"https:\/\/www.autonvaraosahaku.fi\/index.php?rest_route=\/wp\/v2\/product\/60589","targetHints":{"allow":["GET"]}}],"collection":[{"href":"https:\/\/www.autonvaraosahaku.fi\/index.php?rest_route=\/wp\/v2\/product"}],"about":[{"href":"https:\/\/www.autonvaraosahaku.fi\/index.php?rest_route=\/wp\/v2\/types\/product"}],"wp:attachment":[{"href":"https:\/\/www.autonvaraosahaku.fi\/index.php?rest_route=%2Fwp%2Fv2%2Fmedia&parent=60589"}],"wp:term":[{"taxonomy":"pwb-brand","embeddable":true,"href":"https:\/\/www.autonvaraosahaku.fi\/index.php?rest_route=%2Fwp%2Fv2%2Fpwb-brand&post=60589"},{"taxonomy":"product_cat","embeddable":true,"href":"https:\/\/www.autonvaraosahaku.fi\/index.php?rest_route=%2Fwp%2Fv2%2Fproduct_cat&post=60589"},{"taxonomy":"product_tag","embeddable":true,"href":"https:\/\/www.autonvaraosahaku.fi\/index.php?rest_route=%2Fwp%2Fv2%2Fproduct_tag&post=60589"}],"curies":[{"name":"wp","href":"https:\/\/api.w.org\/{rel}","templated":true}]}}