{"id":60627,"date":"2021-02-21T18:20:24","date_gmt":"2021-02-21T18:20:24","guid":{"rendered":"https:\/\/www.autonvaraosahaku.fi\/?product=bosch-0-986-494-206-jarrupalat"},"modified":"2021-02-21T18:20:26","modified_gmt":"2021-02-21T18:20:26","slug":"bosch-0-986-494-206-jarrupalat","status":"publish","type":"product","link":"https:\/\/www.autonvaraosahaku.fi\/?product=bosch-0-986-494-206-jarrupalat","title":{"rendered":"Bosch 0 986 494 206 Jarrupalat"},"content":{"rendered":"<p>Korvaava tuote\/korvaava tiedote 2: Huudonvaimennuspellill\u00e4; Materiaali: Low-Metallic; Tarkistuskilpi: ECE-R90; WVA-numero: 24295; Paksuus [mm]: 15,4; Leveys (mm): 194,1; Korkeus (mm): 94,2; M\u00e4\u00e4r\u00e4yksikk\u00f6: Akselisarja; Valmistusvuosi alkaen: 09\/2010; VW: TOUAREG 7LA, 7L6, 7L7,TOUAREG 7P5; PORSCHE: CAYENNE 955,CAYENNE,PANAMERA,MACAN; 7P5698151D, 95535193961, 95535193962, 95535193963, 95535193970, 95835193900, 95835193901, 97035194802, 97035194803, 97035194901, 97035194903, 7L0698151M, 7L0698151N, 7P0698151, 7P6698151, 7P6698151B, 95B698151C; Jarrupalasarja,Jarrupala, Levyjarru<\/p>\n","protected":false},"excerpt":{"rendered":"<p>BOSCH Jarrupalat 0 986 494 206 Jarrupalasarja,Jarrupala, Levyjarru VW,PORSCHE,TOUAREG 7LA, 7L6, 7L7,TOUAREG 7P5,CAYENNE 955,CAYENNE,PANAMERA,MACAN<\/p>\n","protected":false},"featured_media":0,"template":"","meta":{"site-sidebar-layout":"default","site-content-layout":"default","ast-global-header-display":"","ast-main-header-display":"","ast-hfb-above-header-display":"","ast-hfb-below-header-display":"","ast-hfb-mobile-header-display":"","site-post-title":"","ast-breadcrumbs-content":"","ast-featured-img":"","footer-sml-layout":"","theme-transparent-header-meta":"","adv-header-id-meta":"","stick-header-meta":"","header-above-stick-meta":"","header-main-stick-meta":"","header-below-stick-meta":""},"pwb-brand":[534],"product_cat":[100],"product_tag":[],"class_list":{"0":"post-60627","1":"product","2":"type-product","3":"status-publish","5":"pwb-brand-bosch","6":"product_cat-jarrupalat","7":"desktop-align-left","8":"tablet-align-left","9":"mobile-align-left","11":"first","12":"instock","13":"product-type-external"},"brands":[{"id":534,"name":"Bosch","slug":"bosch"}],"_links":{"self":[{"href":"https:\/\/www.autonvaraosahaku.fi\/index.php?rest_route=\/wp\/v2\/product\/60627","targetHints":{"allow":["GET"]}}],"collection":[{"href":"https:\/\/www.autonvaraosahaku.fi\/index.php?rest_route=\/wp\/v2\/product"}],"about":[{"href":"https:\/\/www.autonvaraosahaku.fi\/index.php?rest_route=\/wp\/v2\/types\/product"}],"wp:attachment":[{"href":"https:\/\/www.autonvaraosahaku.fi\/index.php?rest_route=%2Fwp%2Fv2%2Fmedia&parent=60627"}],"wp:term":[{"taxonomy":"pwb-brand","embeddable":true,"href":"https:\/\/www.autonvaraosahaku.fi\/index.php?rest_route=%2Fwp%2Fv2%2Fpwb-brand&post=60627"},{"taxonomy":"product_cat","embeddable":true,"href":"https:\/\/www.autonvaraosahaku.fi\/index.php?rest_route=%2Fwp%2Fv2%2Fproduct_cat&post=60627"},{"taxonomy":"product_tag","embeddable":true,"href":"https:\/\/www.autonvaraosahaku.fi\/index.php?rest_route=%2Fwp%2Fv2%2Fproduct_tag&post=60627"}],"curies":[{"name":"wp","href":"https:\/\/api.w.org\/{rel}","templated":true}]}}