{"id":60684,"date":"2021-02-21T18:20:43","date_gmt":"2021-02-21T18:20:43","guid":{"rendered":"https:\/\/www.autonvaraosahaku.fi\/?product=bosch-0-001-123-016-starttimoottori"},"modified":"2021-02-21T18:20:44","modified_gmt":"2021-02-21T18:20:44","slug":"bosch-0-001-123-016-starttimoottori","status":"publish","type":"product","link":"https:\/\/www.autonvaraosahaku.fi\/?product=bosch-0-001-123-016-starttimoottori","title":{"rendered":"Bosch 0 001 123 016 Starttimoottori"},"content":{"rendered":"<p>J\u00e4nnite (V): 12; K\u00e4ynnistinmoottori teho (kW): 1,7; Kiinnitysreikien lukum\u00e4\u00e4r\u00e4: 2; kierrereiki\u00e4 [kpl]: 0; Hammasluku: 10; Liitin: 50, 30; Laippa \u00d8(mm): 76,2; Py\u00f6rimissuunta: Py\u00f6rimissuunta vastap\u00e4iv\u00e4\u00e4n; Hammaspy\u00f6r\u00e4n perusasento [mm]: 42,5; K\u00e4ynnistintyyppi: vapaasti kytkev\u00e4; Reik\u00e4-\u00d8 [mm]: 11; Reik\u00e4-\u00d8 2 [mm]: 11; Pituus (mm): 255,4; Leveys (mm): 158,7; Korkeus (mm): 136,5; Asento \/ aste: rechts; Asennuskulma [Astetta]: 73; Kulmamitta, kiinnitysreik\u00e4 [aste]: 73; Valmistusvuoteen: 05\/2006; VW: GOLF IV 1J1,GOLF V 1K1,TOURAN 1T1, 1T2,PASSAT Variant 3C5,GOLF PLUS 5M1, 521,PASSAT 3C2,CADDY III Kombi 2KB, 2KJ, 2CB, 2CJ,GOLF V Variant 1K5,CADDY III Kasten 2KA, 2KH, 2CA, 2CH,EOS 1F7, 1F8,PASSAT CC 357,NEW BEETLE 9C1, 1C1,JETTA III 1K2; AUDI: A3 8P1,A3 Sportback 8PA,TT 8N3,TT 8J3,TT Roadster 8N9,TT Roadster 8J9; SKODA: OCTAVIA Combi 1Z5,SUPERB Kombi 3T5,OCTAVIA 1Z3,SUPERB 3T4; SEAT: LEON 1P1,ALTEA 5P1,ALTEA XL 5P5, 5P8,TOLEDO III 5P2; 02E911023H, 02E911023H, 02E911023H, 02E911023H, 02E911023HX; Startti,K\u00e4ynnistinmoottori<\/p>\n","protected":false},"excerpt":{"rendered":"<p>BOSCH Starttimoottori 0 001 123 016 Startti,K\u00e4ynnistinmoottori VW,AUDI,SKODA,GOLF IV 1J1,GOLF V 1K1,TOURAN 1T1, 1T2,PASSAT Variant 3C5<\/p>\n","protected":false},"featured_media":0,"template":"","meta":{"site-sidebar-layout":"default","site-content-layout":"default","ast-global-header-display":"","ast-main-header-display":"","ast-hfb-above-header-display":"","ast-hfb-below-header-display":"","ast-hfb-mobile-header-display":"","site-post-title":"","ast-breadcrumbs-content":"","ast-featured-img":"","footer-sml-layout":"","theme-transparent-header-meta":"","adv-header-id-meta":"","stick-header-meta":"","header-above-stick-meta":"","header-main-stick-meta":"","header-below-stick-meta":""},"pwb-brand":[534],"product_cat":[295],"product_tag":[],"class_list":{"0":"post-60684","1":"product","2":"type-product","3":"status-publish","5":"pwb-brand-bosch","6":"product_cat-starttimoottori","7":"desktop-align-left","8":"tablet-align-left","9":"mobile-align-left","11":"first","12":"instock","13":"product-type-external"},"brands":[{"id":534,"name":"Bosch","slug":"bosch"}],"_links":{"self":[{"href":"https:\/\/www.autonvaraosahaku.fi\/index.php?rest_route=\/wp\/v2\/product\/60684","targetHints":{"allow":["GET"]}}],"collection":[{"href":"https:\/\/www.autonvaraosahaku.fi\/index.php?rest_route=\/wp\/v2\/product"}],"about":[{"href":"https:\/\/www.autonvaraosahaku.fi\/index.php?rest_route=\/wp\/v2\/types\/product"}],"wp:attachment":[{"href":"https:\/\/www.autonvaraosahaku.fi\/index.php?rest_route=%2Fwp%2Fv2%2Fmedia&parent=60684"}],"wp:term":[{"taxonomy":"pwb-brand","embeddable":true,"href":"https:\/\/www.autonvaraosahaku.fi\/index.php?rest_route=%2Fwp%2Fv2%2Fpwb-brand&post=60684"},{"taxonomy":"product_cat","embeddable":true,"href":"https:\/\/www.autonvaraosahaku.fi\/index.php?rest_route=%2Fwp%2Fv2%2Fproduct_cat&post=60684"},{"taxonomy":"product_tag","embeddable":true,"href":"https:\/\/www.autonvaraosahaku.fi\/index.php?rest_route=%2Fwp%2Fv2%2Fproduct_tag&post=60684"}],"curies":[{"name":"wp","href":"https:\/\/api.w.org\/{rel}","templated":true}]}}