{"id":60737,"date":"2021-02-21T18:20:55","date_gmt":"2021-02-21T18:20:55","guid":{"rendered":"https:\/\/www.autonvaraosahaku.fi\/?product=bosch-0-986-487-440-jarrukengat"},"modified":"2021-02-21T18:20:59","modified_gmt":"2021-02-21T18:20:59","slug":"bosch-0-986-487-440-jarrukengat","status":"publish","type":"product","link":"https:\/\/www.autonvaraosahaku.fi\/?product=bosch-0-986-487-440-jarrukengat","title":{"rendered":"Bosch 0 986 487 440 Jarrukeng\u00e4t"},"content":{"rendered":"<p>Jarrurummun sis\u00e4-\u00d8 [mm]: 220; Leveys (mm): 36; Jarrupala\/-hihna: P\u00e4\u00e4llysteell\u00e4; Valmistusvuosi alkaen: 10\/1987; HONDA: CIVIC VII Hatchback EU, EP, EV,ACCORD VI CG, CK,CR-V I RD,HR-V GH,ACCORD IV CB,ACCORD III CA,ACCORD III Aerodeck CA; SUZUKI: JIMNY FJ,SAMURAI SJ,CARRY Kasten FD,JIMNY Gel\u00e4ndewagen offen SN,CARRY Pick-up FD; 04431S5SE01, 43053SM4E50, 43153S10A01, 43153S6AJ01, 43153SM4A01, 43153SM4A02, 43154S10A01, 43154SM4A01, 43155S10A01, 43155SM4A01, 5320076J00, 5320081A01, 5320081A01, 43153S6AJ01, 04431S5SE01, 5320076J00, 5320081A01, 5320081A01000, 5320081A11, 5320081A11000; Jarrukenk\u00e4sarja<\/p>\n","protected":false},"excerpt":{"rendered":"<p>BOSCH Jarrukeng\u00e4t 0 986 487 440 Jarrukenk\u00e4sarja HONDA,SUZUKI,CIVIC VII Hatchback EU, EP, EV,ACCORD VI CG, CK,CR-V I RD,HR-V GH,ACCORD IV CB<\/p>\n","protected":false},"featured_media":0,"template":"","meta":{"site-sidebar-layout":"default","site-content-layout":"default","ast-global-header-display":"","ast-main-header-display":"","ast-hfb-above-header-display":"","ast-hfb-below-header-display":"","ast-hfb-mobile-header-display":"","site-post-title":"","ast-breadcrumbs-content":"","ast-featured-img":"","footer-sml-layout":"","theme-transparent-header-meta":"","adv-header-id-meta":"","stick-header-meta":"","header-above-stick-meta":"","header-main-stick-meta":"","header-below-stick-meta":""},"pwb-brand":[534],"product_cat":[176],"product_tag":[],"class_list":{"0":"post-60737","1":"product","2":"type-product","3":"status-publish","5":"pwb-brand-bosch","6":"product_cat-jarrukengat","7":"desktop-align-left","8":"tablet-align-left","9":"mobile-align-left","11":"first","12":"instock","13":"product-type-external"},"brands":[{"id":534,"name":"Bosch","slug":"bosch"}],"_links":{"self":[{"href":"https:\/\/www.autonvaraosahaku.fi\/index.php?rest_route=\/wp\/v2\/product\/60737","targetHints":{"allow":["GET"]}}],"collection":[{"href":"https:\/\/www.autonvaraosahaku.fi\/index.php?rest_route=\/wp\/v2\/product"}],"about":[{"href":"https:\/\/www.autonvaraosahaku.fi\/index.php?rest_route=\/wp\/v2\/types\/product"}],"wp:attachment":[{"href":"https:\/\/www.autonvaraosahaku.fi\/index.php?rest_route=%2Fwp%2Fv2%2Fmedia&parent=60737"}],"wp:term":[{"taxonomy":"pwb-brand","embeddable":true,"href":"https:\/\/www.autonvaraosahaku.fi\/index.php?rest_route=%2Fwp%2Fv2%2Fpwb-brand&post=60737"},{"taxonomy":"product_cat","embeddable":true,"href":"https:\/\/www.autonvaraosahaku.fi\/index.php?rest_route=%2Fwp%2Fv2%2Fproduct_cat&post=60737"},{"taxonomy":"product_tag","embeddable":true,"href":"https:\/\/www.autonvaraosahaku.fi\/index.php?rest_route=%2Fwp%2Fv2%2Fproduct_tag&post=60737"}],"curies":[{"name":"wp","href":"https:\/\/api.w.org\/{rel}","templated":true}]}}