{"id":60782,"date":"2021-02-21T18:21:13","date_gmt":"2021-02-21T18:21:13","guid":{"rendered":"https:\/\/www.autonvaraosahaku.fi\/?product=bosch-0-580-314-067-polttoainepumppu"},"modified":"2021-02-21T18:21:13","modified_gmt":"2021-02-21T18:21:13","slug":"bosch-0-580-314-067-polttoainepumppu","status":"publish","type":"product","link":"https:\/\/www.autonvaraosahaku.fi\/?product=bosch-0-580-314-067-polttoainepumppu","title":{"rendered":"Bosch 0 580 314 067 Polttoainepumppu"},"content":{"rendered":"<p>Asennuspuoli: polttoaines\u00e4ili\u00f6ss\u00e4; Lis\u00e4tarvike\/lis\u00e4tieto: Asennusmateriaalilla; Korvaava tuote\/korvaava tiedote 2: Liit\u00e4nt\u00e4osilla, Kiinnitysmateriaalilla; K\u00e4ytt\u00f6: S\u00e4hk\u00f6inen; TECDOC-moottorinumero: 5038; VOLVO: V70 I LV,850 Kombi LW,XC70 CROSS COUNTRY,940 II Kombi 945,940 Kombi 945,C70 I Cabriolet,C70 I Coupe,850 LS,960 II Kombi 965,740 744,S70 LS,960 II 964,940 944,940 II 944,S90<\/p>\n","protected":false},"excerpt":{"rendered":"<p>BOSCH Polttoainepumppu 0 580 314 067  VOLVO,V70 I LV,850 Kombi LW,XC70 CROSS COUNTRY,940 II Kombi 945,940 Kombi 945,C70 I Cabriolet,C70 I Coupe,850 LS<\/p>\n","protected":false},"featured_media":0,"template":"","meta":{"site-sidebar-layout":"default","site-content-layout":"default","ast-global-header-display":"","ast-main-header-display":"","ast-hfb-above-header-display":"","ast-hfb-below-header-display":"","ast-hfb-mobile-header-display":"","site-post-title":"","ast-breadcrumbs-content":"","ast-featured-img":"","footer-sml-layout":"","theme-transparent-header-meta":"","adv-header-id-meta":"","stick-header-meta":"","header-above-stick-meta":"","header-main-stick-meta":"","header-below-stick-meta":""},"pwb-brand":[534],"product_cat":[73],"product_tag":[],"class_list":{"0":"post-60782","1":"product","2":"type-product","3":"status-publish","5":"pwb-brand-bosch","6":"product_cat-polttoainepumppu","7":"desktop-align-left","8":"tablet-align-left","9":"mobile-align-left","11":"first","12":"instock","13":"product-type-external"},"brands":[{"id":534,"name":"Bosch","slug":"bosch"}],"_links":{"self":[{"href":"https:\/\/www.autonvaraosahaku.fi\/index.php?rest_route=\/wp\/v2\/product\/60782","targetHints":{"allow":["GET"]}}],"collection":[{"href":"https:\/\/www.autonvaraosahaku.fi\/index.php?rest_route=\/wp\/v2\/product"}],"about":[{"href":"https:\/\/www.autonvaraosahaku.fi\/index.php?rest_route=\/wp\/v2\/types\/product"}],"wp:attachment":[{"href":"https:\/\/www.autonvaraosahaku.fi\/index.php?rest_route=%2Fwp%2Fv2%2Fmedia&parent=60782"}],"wp:term":[{"taxonomy":"pwb-brand","embeddable":true,"href":"https:\/\/www.autonvaraosahaku.fi\/index.php?rest_route=%2Fwp%2Fv2%2Fpwb-brand&post=60782"},{"taxonomy":"product_cat","embeddable":true,"href":"https:\/\/www.autonvaraosahaku.fi\/index.php?rest_route=%2Fwp%2Fv2%2Fproduct_cat&post=60782"},{"taxonomy":"product_tag","embeddable":true,"href":"https:\/\/www.autonvaraosahaku.fi\/index.php?rest_route=%2Fwp%2Fv2%2Fproduct_tag&post=60782"}],"curies":[{"name":"wp","href":"https:\/\/api.w.org\/{rel}","templated":true}]}}