{"id":60813,"date":"2021-02-21T18:21:20","date_gmt":"2021-02-21T18:21:20","guid":{"rendered":"https:\/\/www.autonvaraosahaku.fi\/?product=bosch-0-242-222-502-sytytystulpat"},"modified":"2021-02-21T18:21:23","modified_gmt":"2021-02-21T18:21:23","slug":"bosch-0-242-222-502-sytytystulpat","status":"publish","type":"product","link":"https:\/\/www.autonvaraosahaku.fi\/?product=bosch-0-242-222-502-sytytystulpat","title":{"rendered":"Bosch 0 242 222 502 Sytytystulpat"},"content":{"rendered":"<p>K\u00e4rkiv\u00e4li (mm): 1,0; Kiristysmomentti: 28; Kiristyskulma [Grad]: 90; Ulkokierre [mm]: 14; Kierrenousu (mm): 1,25; Kierteen pituus (mm): 19; Avainv\u00e4li: 20,8, 21mm; Kipin\u00e4et\u00e4isyys [mm]: 4; Napojen m\u00e4\u00e4r\u00e4: 4; DAEWOO: ESPERO KLEJ; LADA: NIVA 2121,SAMARA 2108, 2109, 2115, 2113, 2114,NOVA Kombi 2104,SAMARA Stufenheck 21099, 2115; LAND ROVER: RANGE ROVER I AE, AN, HAA, HAB, HAM, HBM, RE, RN; CHRYSLER: VOYAGER II ES,LE BARON Cabriolet,VOYAGER I AS,LE BARON Coupe,LE BARON Stufenheck; OPEL: OMEGA A 16_, 17_, 19_,CORSA B 73_, 78_, 79_,VECTRA B 36_,ASTRA F CC 53_, 54_, 58_, 59_,VECTRA B Caravan 31_,ASTRA F Caravan 51_, 52_,CALIBRA A 85_,VECTRA B CC 38_,VECTRA A 86_, 87_,CORSA CLASSIC Stufenheck,ASTRA F Cabriolet 53_B,ASTRA F 56_, 57_,KADETT E CC 33_, 34_, 43_, 44_,FRONTERA A Sport 5_SUD2,TIGRA 95_,CORSA A CC 93_, 94_, 98_, 99_,VECTRA A CC 88_, 89_,COMBO 71_,KADETT E Cabriolet 43B_,OMEGA A Caravan 66_, 67_,CORSA A TR 91_, 92_, 96_, 97_,KADETT E 39_, 49_,ASTRA G Kasten F70,KADETT E Caravan 35_, 36_, 45_, 46_,ASTRA F Van 55_,KADETT E Kasten 37_, 47_,KADETT E Combo 38_, 48_; TOYOTA: CAMRY _V2_,CAMRY Station Wagon _V2_; DAIHATSU: CHARMANT A; MITSUBISHI: SIGMA Station Wagon F0_W; DODGE: GRAND CARAVAN Mini Passenger Van US NS; BENTLEY: TURBO R,BROOKLANDS; Tulpat,Sytytystulppa<\/p>\n","protected":false},"excerpt":{"rendered":"<p>BOSCH Sytytystulpat Super 4 0 242 222 502 Tulpat,Sytytystulppa DAEWOO,LADA,LAND ROVER,ESPERO KLEJ,NIVA 2121,SAMARA 2108, 2109, 2115, 2113, 2114<\/p>\n","protected":false},"featured_media":0,"template":"","meta":{"site-sidebar-layout":"default","site-content-layout":"default","ast-global-header-display":"","ast-main-header-display":"","ast-hfb-above-header-display":"","ast-hfb-below-header-display":"","ast-hfb-mobile-header-display":"","site-post-title":"","ast-breadcrumbs-content":"","ast-featured-img":"","footer-sml-layout":"","theme-transparent-header-meta":"","adv-header-id-meta":"","stick-header-meta":"","header-above-stick-meta":"","header-main-stick-meta":"","header-below-stick-meta":""},"pwb-brand":[534],"product_cat":[165],"product_tag":[],"class_list":{"0":"post-60813","1":"product","2":"type-product","3":"status-publish","5":"pwb-brand-bosch","6":"product_cat-sytytystulpat","7":"desktop-align-left","8":"tablet-align-left","9":"mobile-align-left","11":"first","12":"instock","13":"product-type-external"},"brands":[{"id":534,"name":"Bosch","slug":"bosch"}],"_links":{"self":[{"href":"https:\/\/www.autonvaraosahaku.fi\/index.php?rest_route=\/wp\/v2\/product\/60813","targetHints":{"allow":["GET"]}}],"collection":[{"href":"https:\/\/www.autonvaraosahaku.fi\/index.php?rest_route=\/wp\/v2\/product"}],"about":[{"href":"https:\/\/www.autonvaraosahaku.fi\/index.php?rest_route=\/wp\/v2\/types\/product"}],"wp:attachment":[{"href":"https:\/\/www.autonvaraosahaku.fi\/index.php?rest_route=%2Fwp%2Fv2%2Fmedia&parent=60813"}],"wp:term":[{"taxonomy":"pwb-brand","embeddable":true,"href":"https:\/\/www.autonvaraosahaku.fi\/index.php?rest_route=%2Fwp%2Fv2%2Fpwb-brand&post=60813"},{"taxonomy":"product_cat","embeddable":true,"href":"https:\/\/www.autonvaraosahaku.fi\/index.php?rest_route=%2Fwp%2Fv2%2Fproduct_cat&post=60813"},{"taxonomy":"product_tag","embeddable":true,"href":"https:\/\/www.autonvaraosahaku.fi\/index.php?rest_route=%2Fwp%2Fv2%2Fproduct_tag&post=60813"}],"curies":[{"name":"wp","href":"https:\/\/api.w.org\/{rel}","templated":true}]}}