{"id":60820,"date":"2021-02-21T18:21:20","date_gmt":"2021-02-21T18:21:20","guid":{"rendered":"https:\/\/www.autonvaraosahaku.fi\/?product=bosch-0-986-494-333-jarrupalat"},"modified":"2021-02-21T18:21:24","modified_gmt":"2021-02-21T18:21:24","slug":"bosch-0-986-494-333-jarrupalat","status":"publish","type":"product","link":"https:\/\/www.autonvaraosahaku.fi\/?product=bosch-0-986-494-333-jarrupalat","title":{"rendered":"Bosch 0 986 494 333 Jarrupalat"},"content":{"rendered":"<p>Kulumisenilmaisimen liitos: akustisella kulumavaroittimella; Materiaali: Low-Metallic; Tarkistuskilpi: ECE-R90; WVA-numero: 24778; Paksuus [mm]: 16,6; Leveys (mm): 116,4; Korkeus 1 (mm): 51,5; Korkeus 2 (mm): 54,5; M\u00e4\u00e4r\u00e4yksikk\u00f6: Akselisarja; Rakennemalli: ; TOYOTA: YARIS NHP13_, NSP13_, NCP13_, KSP13_, NLP13_,IQ KPJ1_, NGJ1_, KGJ1_, NUJ1_; 0446574020, 446574020; Jarrupalasarja,Jarrupala, Levyjarru<\/p>\n","protected":false},"excerpt":{"rendered":"<p>BOSCH Jarrupalat 0 986 494 333 Jarrupalasarja,Jarrupala, Levyjarru TOYOTA,YARIS NHP13_, NSP13_, NCP13_, KSP13_, NLP13_,IQ KPJ1_, NGJ1_, KGJ1_, NUJ1_<\/p>\n","protected":false},"featured_media":0,"template":"","meta":{"site-sidebar-layout":"default","site-content-layout":"default","ast-global-header-display":"","ast-main-header-display":"","ast-hfb-above-header-display":"","ast-hfb-below-header-display":"","ast-hfb-mobile-header-display":"","site-post-title":"","ast-breadcrumbs-content":"","ast-featured-img":"","footer-sml-layout":"","theme-transparent-header-meta":"","adv-header-id-meta":"","stick-header-meta":"","header-above-stick-meta":"","header-main-stick-meta":"","header-below-stick-meta":""},"pwb-brand":[534],"product_cat":[100],"product_tag":[],"class_list":{"0":"post-60820","1":"product","2":"type-product","3":"status-publish","5":"pwb-brand-bosch","6":"product_cat-jarrupalat","7":"desktop-align-left","8":"tablet-align-left","9":"mobile-align-left","11":"first","12":"instock","13":"product-type-external"},"brands":[{"id":534,"name":"Bosch","slug":"bosch"}],"_links":{"self":[{"href":"https:\/\/www.autonvaraosahaku.fi\/index.php?rest_route=\/wp\/v2\/product\/60820","targetHints":{"allow":["GET"]}}],"collection":[{"href":"https:\/\/www.autonvaraosahaku.fi\/index.php?rest_route=\/wp\/v2\/product"}],"about":[{"href":"https:\/\/www.autonvaraosahaku.fi\/index.php?rest_route=\/wp\/v2\/types\/product"}],"wp:attachment":[{"href":"https:\/\/www.autonvaraosahaku.fi\/index.php?rest_route=%2Fwp%2Fv2%2Fmedia&parent=60820"}],"wp:term":[{"taxonomy":"pwb-brand","embeddable":true,"href":"https:\/\/www.autonvaraosahaku.fi\/index.php?rest_route=%2Fwp%2Fv2%2Fpwb-brand&post=60820"},{"taxonomy":"product_cat","embeddable":true,"href":"https:\/\/www.autonvaraosahaku.fi\/index.php?rest_route=%2Fwp%2Fv2%2Fproduct_cat&post=60820"},{"taxonomy":"product_tag","embeddable":true,"href":"https:\/\/www.autonvaraosahaku.fi\/index.php?rest_route=%2Fwp%2Fv2%2Fproduct_tag&post=60820"}],"curies":[{"name":"wp","href":"https:\/\/api.w.org\/{rel}","templated":true}]}}