{"id":60848,"date":"2021-02-21T18:21:32","date_gmt":"2021-02-21T18:21:32","guid":{"rendered":"https:\/\/www.autonvaraosahaku.fi\/?product=bosch-0-986-478-632-jarrulevyt"},"modified":"2021-02-21T18:21:34","modified_gmt":"2021-02-21T18:21:34","slug":"bosch-0-986-478-632-jarrulevyt","status":"publish","type":"product","link":"https:\/\/www.autonvaraosahaku.fi\/?product=bosch-0-986-478-632-jarrulevyt","title":{"rendered":"Bosch 0 986 478 632 Jarrulevyt"},"content":{"rendered":"<p>Ulkol\u00e4pimitta [mm]: 275; Jarrulevyn paksuus (mm): 28; V\u00e4himm\u00e4ispaksuus (mm): 26; Korkeus (mm): 49,4; Reik\u00e4ympyr\u00e4-\u00d8 [mm]: 114,3; Jarrulevytyyppi: Tuuletettu, Tuuletettu, sis\u00e4; keskitt\u00e4misl\u00e4pimitta [mm]: 62,05; Reikien m\u00e4\u00e4r\u00e4: 5; Pinta: rasvattu; Porausreik\u00e4l\u00e4pimitta enint\u00e4\u00e4n [mm]: 14,7; Rakennemalli: ; TOYOTA: PREVIA MCR3_, ACR3_, CLR3_,AVENSIS VERSO _CLM2_, _ACM2_,CAMRY MCV3_, ACV3_, _XV3_,CAMRY _CV2_, _XV2_,CAMRY _CV1_, _XV1_, _V1_,CAMRY Station Wagon _XV1_, _CV1_, _V10,CAMRY Station Wagon _CV2_, _XV2_; LEXUS: ES F1, F2,ES MCV_, VZV_; 4351233041, 4351233042, 4351206020, 4351206040, 4351207020, 4351233040, 4351233041, 4351233042, 4351233043, 4351233060, 4351233090, 4351244010, 4351244011, 4351244020, 4351244021; Jarrulevy<\/p>\n","protected":false},"excerpt":{"rendered":"<p>BOSCH Jarrulevyt 0 986 478 632 Jarrulevy TOYOTA,LEXUS,PREVIA MCR3_, ACR3_, CLR3_,AVENSIS VERSO _CLM2_, _ACM2_,CAMRY MCV3_, ACV3_, _XV3_<\/p>\n","protected":false},"featured_media":0,"template":"","meta":{"site-sidebar-layout":"default","site-content-layout":"default","ast-global-header-display":"","ast-main-header-display":"","ast-hfb-above-header-display":"","ast-hfb-below-header-display":"","ast-hfb-mobile-header-display":"","site-post-title":"","ast-breadcrumbs-content":"","ast-featured-img":"","footer-sml-layout":"","theme-transparent-header-meta":"","adv-header-id-meta":"","stick-header-meta":"","header-above-stick-meta":"","header-main-stick-meta":"","header-below-stick-meta":""},"pwb-brand":[534],"product_cat":[66],"product_tag":[],"class_list":{"0":"post-60848","1":"product","2":"type-product","3":"status-publish","5":"pwb-brand-bosch","6":"product_cat-jarrulevyt","7":"desktop-align-left","8":"tablet-align-left","9":"mobile-align-left","11":"first","12":"instock","13":"product-type-external"},"brands":[{"id":534,"name":"Bosch","slug":"bosch"}],"_links":{"self":[{"href":"https:\/\/www.autonvaraosahaku.fi\/index.php?rest_route=\/wp\/v2\/product\/60848","targetHints":{"allow":["GET"]}}],"collection":[{"href":"https:\/\/www.autonvaraosahaku.fi\/index.php?rest_route=\/wp\/v2\/product"}],"about":[{"href":"https:\/\/www.autonvaraosahaku.fi\/index.php?rest_route=\/wp\/v2\/types\/product"}],"wp:attachment":[{"href":"https:\/\/www.autonvaraosahaku.fi\/index.php?rest_route=%2Fwp%2Fv2%2Fmedia&parent=60848"}],"wp:term":[{"taxonomy":"pwb-brand","embeddable":true,"href":"https:\/\/www.autonvaraosahaku.fi\/index.php?rest_route=%2Fwp%2Fv2%2Fpwb-brand&post=60848"},{"taxonomy":"product_cat","embeddable":true,"href":"https:\/\/www.autonvaraosahaku.fi\/index.php?rest_route=%2Fwp%2Fv2%2Fproduct_cat&post=60848"},{"taxonomy":"product_tag","embeddable":true,"href":"https:\/\/www.autonvaraosahaku.fi\/index.php?rest_route=%2Fwp%2Fv2%2Fproduct_tag&post=60848"}],"curies":[{"name":"wp","href":"https:\/\/api.w.org\/{rel}","templated":true}]}}