{"id":60879,"date":"2021-02-21T18:21:38","date_gmt":"2021-02-21T18:21:38","guid":{"rendered":"https:\/\/www.autonvaraosahaku.fi\/?product=bosch-0-986-450-104-polttoainesuodatin"},"modified":"2021-02-21T18:21:43","modified_gmt":"2021-02-21T18:21:43","slug":"bosch-0-986-450-104-polttoainesuodatin","status":"publish","type":"product","link":"https:\/\/www.autonvaraosahaku.fi\/?product=bosch-0-986-450-104-polttoainesuodatin","title":{"rendered":"Bosch 0 986 450 104 Polttoainesuodatin"},"content":{"rendered":"<p>Polttoainej\u00e4rjestelm\u00e4: Bensiiniruiskutus; Suodatintyyppi: Letkusuodatin; L\u00e4pimitta [mm]: 70; Ulkol\u00e4pimitta 1 [mm]: 86; Korkeus (mm): 94; Alustanumeroon: AM 246796; HONDA: CRX III EH, EG,CIVIC V Hatchback EG,PRELUDE IV BB,SHUTTLE RA,CIVIC V Coupe EJ,ACCORD IV CB,CIVIC V Stufenheck EG, EH,ACCORD V CC, CD,ACCORD IV Aerodeck CB,ACCORD IV Coupe CB, CC; ROVER: 600 RH; 25175556, 25176275, 16010SM4506, 16010SM4931, 16010SM4932, 16010SM4A30, 16010SM4A31, 16010SM4K50, 16010SM4K52, 16010SS0930, 16010SS0931, 16010SS0932, 16900SL5A31, 16900SM3A32, 16900SM4931, 16900SM4A31, 16900SM4A32, 16900SM4A33, GFE5310, GFE5311, GFE6311, WJN100710, WJN100710EVA<\/p>\n","protected":false},"excerpt":{"rendered":"<p>BOSCH Polttoainesuodatin 0 986 450 104  HONDA,ROVER,CRX III EH, EG,CIVIC V Hatchback EG,PRELUDE IV BB,SHUTTLE RA,CIVIC V Coupe EJ,ACCORD IV CB<\/p>\n","protected":false},"featured_media":0,"template":"","meta":{"site-sidebar-layout":"default","site-content-layout":"default","ast-global-header-display":"","ast-main-header-display":"","ast-hfb-above-header-display":"","ast-hfb-below-header-display":"","ast-hfb-mobile-header-display":"","site-post-title":"","ast-breadcrumbs-content":"","ast-featured-img":"","footer-sml-layout":"","theme-transparent-header-meta":"","adv-header-id-meta":"","stick-header-meta":"","header-above-stick-meta":"","header-main-stick-meta":"","header-below-stick-meta":""},"pwb-brand":[534],"product_cat":[29],"product_tag":[],"class_list":{"0":"post-60879","1":"product","2":"type-product","3":"status-publish","5":"pwb-brand-bosch","6":"product_cat-polttoainesuodatin","7":"desktop-align-left","8":"tablet-align-left","9":"mobile-align-left","11":"first","12":"instock","13":"product-type-external"},"brands":[{"id":534,"name":"Bosch","slug":"bosch"}],"_links":{"self":[{"href":"https:\/\/www.autonvaraosahaku.fi\/index.php?rest_route=\/wp\/v2\/product\/60879","targetHints":{"allow":["GET"]}}],"collection":[{"href":"https:\/\/www.autonvaraosahaku.fi\/index.php?rest_route=\/wp\/v2\/product"}],"about":[{"href":"https:\/\/www.autonvaraosahaku.fi\/index.php?rest_route=\/wp\/v2\/types\/product"}],"wp:attachment":[{"href":"https:\/\/www.autonvaraosahaku.fi\/index.php?rest_route=%2Fwp%2Fv2%2Fmedia&parent=60879"}],"wp:term":[{"taxonomy":"pwb-brand","embeddable":true,"href":"https:\/\/www.autonvaraosahaku.fi\/index.php?rest_route=%2Fwp%2Fv2%2Fpwb-brand&post=60879"},{"taxonomy":"product_cat","embeddable":true,"href":"https:\/\/www.autonvaraosahaku.fi\/index.php?rest_route=%2Fwp%2Fv2%2Fproduct_cat&post=60879"},{"taxonomy":"product_tag","embeddable":true,"href":"https:\/\/www.autonvaraosahaku.fi\/index.php?rest_route=%2Fwp%2Fv2%2Fproduct_tag&post=60879"}],"curies":[{"name":"wp","href":"https:\/\/api.w.org\/{rel}","templated":true}]}}