{"id":60899,"date":"2021-02-21T18:21:44","date_gmt":"2021-02-21T18:21:44","guid":{"rendered":"https:\/\/www.autonvaraosahaku.fi\/?product=bosch-0-986-487-030-jarrukengat"},"modified":"2021-02-21T18:21:49","modified_gmt":"2021-02-21T18:21:49","slug":"bosch-0-986-487-030-jarrukengat","status":"publish","type":"product","link":"https:\/\/www.autonvaraosahaku.fi\/?product=bosch-0-986-487-030-jarrukengat","title":{"rendered":"Bosch 0 986 487 030 Jarrukeng\u00e4t"},"content":{"rendered":"<p>Jarrurummun sis\u00e4-\u00d8 [mm]: 185; Leveys (mm): 31; Jarrupala\/-hihna: P\u00e4\u00e4llysteell\u00e4; Asennuspuoli: Hinterachse; SEAT: MARBELLA 28,IBIZA I 021A,TERRA Kasten 024A,127 127A,MARBELLA Kasten 028A,MALAGA 023A,TERRA 24,128,RONDA 022A,FURA 025A; LANCIA: DELTA I 831AB0,Y10 156,A 112,PRISMA 831AB0; FIAT: SEICENTO 187,PUNTO 176,CINQUECENTO 170,PANDA 141A_,PUNTO Cabriolet 176C,126,UNO 146A\/E,127,FIORINO Kasten 146,SEICENTO Van 187,TIPO 160,128 Coupe,128,PANDA Van 141_,TEMPRA 159,RITMO I 138A,PUNTO Van 176L,FIORINO Pick up 146,FIORINO 147,REGATA 138,RITMO Cabriolet,127 Panorama,128 Familiare,FIORINO 127,UNO Kasten 146,FIORINO Pick up 147,REGATA Weekend 138,DUNA 146 B,DUNA Weekend 146 B; AUTOBIANCHI: A 112,Y10; ZASTAVA: 101 1100,YUGO,YUGO FLORIDA; INNOCENTI: ELBA 146; SE028165299B, 5880891, 5881040, 5888144, 5890763, 71738375, 4162186, 5880891, 5881040, 5881050, 5881214, 5881964, 5888144, 5890763, 7074668, 71738375, 77362292, 77362318, 77362423, 77362424, 9948235, 9948240, 5888144, 7074668, 71738375, 5880891, 5881040, 5881050, 5881214, 5881964, 5888144, 7074668, 71738375, 77362292, 4162186, 5890763, 71738375, SE028165299B, SE028165299B, SE028165299B, 4162186; Jarrukenk\u00e4sarja<\/p>\n","protected":false},"excerpt":{"rendered":"<p>BOSCH Jarrukeng\u00e4t 0 986 487 030 Jarrukenk\u00e4sarja SEAT,LANCIA,FIAT,MARBELLA 28,IBIZA I 021A,TERRA Kasten 024A,127 127A,MARBELLA Kasten 028A,MALAGA 023A<\/p>\n","protected":false},"featured_media":0,"template":"","meta":{"site-sidebar-layout":"default","site-content-layout":"default","ast-global-header-display":"","ast-main-header-display":"","ast-hfb-above-header-display":"","ast-hfb-below-header-display":"","ast-hfb-mobile-header-display":"","site-post-title":"","ast-breadcrumbs-content":"","ast-featured-img":"","footer-sml-layout":"","theme-transparent-header-meta":"","adv-header-id-meta":"","stick-header-meta":"","header-above-stick-meta":"","header-main-stick-meta":"","header-below-stick-meta":""},"pwb-brand":[534],"product_cat":[176],"product_tag":[],"class_list":{"0":"post-60899","1":"product","2":"type-product","3":"status-publish","5":"pwb-brand-bosch","6":"product_cat-jarrukengat","7":"desktop-align-left","8":"tablet-align-left","9":"mobile-align-left","11":"first","12":"instock","13":"product-type-external"},"brands":[{"id":534,"name":"Bosch","slug":"bosch"}],"_links":{"self":[{"href":"https:\/\/www.autonvaraosahaku.fi\/index.php?rest_route=\/wp\/v2\/product\/60899","targetHints":{"allow":["GET"]}}],"collection":[{"href":"https:\/\/www.autonvaraosahaku.fi\/index.php?rest_route=\/wp\/v2\/product"}],"about":[{"href":"https:\/\/www.autonvaraosahaku.fi\/index.php?rest_route=\/wp\/v2\/types\/product"}],"wp:attachment":[{"href":"https:\/\/www.autonvaraosahaku.fi\/index.php?rest_route=%2Fwp%2Fv2%2Fmedia&parent=60899"}],"wp:term":[{"taxonomy":"pwb-brand","embeddable":true,"href":"https:\/\/www.autonvaraosahaku.fi\/index.php?rest_route=%2Fwp%2Fv2%2Fpwb-brand&post=60899"},{"taxonomy":"product_cat","embeddable":true,"href":"https:\/\/www.autonvaraosahaku.fi\/index.php?rest_route=%2Fwp%2Fv2%2Fproduct_cat&post=60899"},{"taxonomy":"product_tag","embeddable":true,"href":"https:\/\/www.autonvaraosahaku.fi\/index.php?rest_route=%2Fwp%2Fv2%2Fproduct_tag&post=60899"}],"curies":[{"name":"wp","href":"https:\/\/api.w.org\/{rel}","templated":true}]}}