{"id":60913,"date":"2021-02-21T18:21:50","date_gmt":"2021-02-21T18:21:50","guid":{"rendered":"https:\/\/www.autonvaraosahaku.fi\/?product=bosch-0-280-130-122-jaahdytysnesteen-lampotila-anturi"},"modified":"2021-02-21T18:21:53","modified_gmt":"2021-02-21T18:21:53","slug":"bosch-0-280-130-122-jaahdytysnesteen-lampotila-anturi","status":"publish","type":"product","link":"https:\/\/www.autonvaraosahaku.fi\/?product=bosch-0-280-130-122-jaahdytysnesteen-lampotila-anturi","title":{"rendered":"Bosch 0 280 130 122 J\u00e4\u00e4hdytysnesteen l\u00e4mp\u00f6tila anturi"},"content":{"rendered":"<p>TECDOC-moottorinumero: 20751; CHEVROLET: CAPTIVA C100, C140,ORLANDO J309,CRUZE J300,CRUZE Station Wagon J308,CRUZE Schr\u00e4gheck J305,CAMARO GMX511,MALIBU V300,CAMARO Convertible GMX511; OPEL: CORSA D,CORSA C F08, F68,ZAFIRA B A05,ASTRA H Caravan L35,MERIVA,ZAFIRA A F75_,ASTRA G CC F48_, F08_,ASTRA H L48,ASTRA J Sports Tourer,ASTRA G Caravan F35_,INSIGNIA Caravan,VECTRA C Caravan,ASTRA J,ASTRA H GTC L08,MERIVA B,SIGNUM,VECTRA C,ZAFIRA TOURER C P12,VECTRA B 36_,VECTRA C GTS,ANTARA,VECTRA B Caravan 31_,ASTRA H TwinTop L67,INSIGNIA,INSIGNIA Stufenheck,COMBO Kasten\/Kombi,ASTRA G Stufenheck F69_,ZAFIRA B Van,ASTRA GTC J,VECTRA B CC 38_,COMBO Tour,CORSA CLASSIC Stufenheck,CASCADA W13,CORSA C Kasten F08, W5L,ASTRA H Stufenheck L69,ASTRA H Kasten L70,CORSA C Utility Pick-up,ASTRA G Kasten F70,CORSA B Utility Pick-up,INSIGNIA A Country Tourer G09,ASTRA G CLASSIC Caravan F35,ASTRA CLASSIC Caravan,ASTRA CLASSIC L48,ASTRA CLASSIC Stufenheck; SAAB: 9-3 YS3F,9-5 Kombi YS3E,9-3 Kombi YS3F,9-5 YS3E,9-3 Cabriolet YS3F,9-5 YS3G; CADILLAC: SRX GMT265,CTS GMX320,STS,CTS GMX322,SRX GMT267; VAUXHALL: CORSA Mk III D L_8,INSIGNIA Mk I A,ZAFIRA Mk II B M75,ASTRA Mk V H CC,VECTRA Mk II C CC,ZAFIRA Mk I A F75,INSIGNIA Mk I A Estate,CORSA Mk II C W5L, F08,ASTRA Mk V H Estate,ZAFIRA Mk III P12,VECTRA Mk II C Estate,ASTRA Mk V H Convertible,ASTRA Mk IV G CC,VECTRA Mk II C,ASTRA Mk VI J CC,ANTARA J26, H26,ASTRA Mk VI J,INSIGNIA Mk I A Sedan,MERIVA Mk I A,SIGNUM,ASTRA Mk IV G Sedan,VECTRA B CC,MERIVA Mk II B,VECTRA B,ASTRA Mk VI J Estate,ASTRAVAN Mk IV G,ASTRAVAN Mk V H,INSIGNIA Mk I A Country Tourer G09,COMBO TOUR Mk II C F25,COMBO Mk II C Kasten\/Kombi F25,ASTRA Mk IV G Estate; 12566778, 12639899, 12566778, 12639899, 12566778, 12639899, 55566146, 96868950, 12639899, 12566778, 12639899, 15393755, 55566146, 9193163, 96868950, 97227219, 12639899, 12566778, 12639899, 5341391, 12639899, 12566778, 12639899, 15393755, 55566146, 9193163, 96868950, 97227219; J\u00e4\u00e4hdytysnestel\u00e4mp\u00f6tilan Sensori<\/p>\n","protected":false},"excerpt":{"rendered":"<p>BOSCH J\u00e4\u00e4hdytysnesteen L\u00e4mp\u00f6tila Anturi 0 280 130 122 J\u00e4\u00e4hdytysnestel\u00e4mp\u00f6tilan Sensori CHEVROLET,OPEL,SAAB,CAPTIVA C100, C140,ORLANDO J309,CRUZE J300<\/p>\n","protected":false},"featured_media":0,"template":"","meta":{"site-sidebar-layout":"default","site-content-layout":"default","ast-global-header-display":"","ast-main-header-display":"","ast-hfb-above-header-display":"","ast-hfb-below-header-display":"","ast-hfb-mobile-header-display":"","site-post-title":"","ast-breadcrumbs-content":"","ast-featured-img":"","footer-sml-layout":"","theme-transparent-header-meta":"","adv-header-id-meta":"","stick-header-meta":"","header-above-stick-meta":"","header-main-stick-meta":"","header-below-stick-meta":""},"pwb-brand":[534],"product_cat":[200],"product_tag":[],"class_list":{"0":"post-60913","1":"product","2":"type-product","3":"status-publish","5":"pwb-brand-bosch","6":"product_cat-jaahdytysnesteen-lampotila-anturi","7":"desktop-align-left","8":"tablet-align-left","9":"mobile-align-left","11":"first","12":"instock","13":"product-type-external"},"brands":[{"id":534,"name":"Bosch","slug":"bosch"}],"_links":{"self":[{"href":"https:\/\/www.autonvaraosahaku.fi\/index.php?rest_route=\/wp\/v2\/product\/60913","targetHints":{"allow":["GET"]}}],"collection":[{"href":"https:\/\/www.autonvaraosahaku.fi\/index.php?rest_route=\/wp\/v2\/product"}],"about":[{"href":"https:\/\/www.autonvaraosahaku.fi\/index.php?rest_route=\/wp\/v2\/types\/product"}],"wp:attachment":[{"href":"https:\/\/www.autonvaraosahaku.fi\/index.php?rest_route=%2Fwp%2Fv2%2Fmedia&parent=60913"}],"wp:term":[{"taxonomy":"pwb-brand","embeddable":true,"href":"https:\/\/www.autonvaraosahaku.fi\/index.php?rest_route=%2Fwp%2Fv2%2Fpwb-brand&post=60913"},{"taxonomy":"product_cat","embeddable":true,"href":"https:\/\/www.autonvaraosahaku.fi\/index.php?rest_route=%2Fwp%2Fv2%2Fproduct_cat&post=60913"},{"taxonomy":"product_tag","embeddable":true,"href":"https:\/\/www.autonvaraosahaku.fi\/index.php?rest_route=%2Fwp%2Fv2%2Fproduct_tag&post=60913"}],"curies":[{"name":"wp","href":"https:\/\/api.w.org\/{rel}","templated":true}]}}