{"id":60945,"date":"2021-02-21T18:22:02","date_gmt":"2021-02-21T18:22:02","guid":{"rendered":"https:\/\/www.autonvaraosahaku.fi\/?product=bosch-0-450-905-273-polttoainesuodatin"},"modified":"2021-02-21T18:22:03","modified_gmt":"2021-02-21T18:22:03","slug":"bosch-0-450-905-273-polttoainesuodatin","status":"publish","type":"product","link":"https:\/\/www.autonvaraosahaku.fi\/?product=bosch-0-450-905-273-polttoainesuodatin","title":{"rendered":"Bosch 0 450 905 273 Polttoainesuodatin"},"content":{"rendered":"<p>Polttoainej\u00e4rjestelm\u00e4: Bensiiniruiskutus; Suodatintyyppi: Letkusuodatin; L\u00e4pimitta [mm]: 60; Sis\u00e4l\u00e4pimitta 1 [mm]: 56; Ulkol\u00e4pimitta 1 [mm]: 8; Sis\u00e4l\u00e4pimitta 2 [mm]: 8; Korkeus (mm): 162; Korkeus 1 (mm): 90; Sis\u00e4\u00e4ntulol\u00e4pimitta [mm]: 8; Ulostulon l\u00e4pimitta [mm]: 8; Tilavuus [l]: 0,2; Valmistusvuoteen: 08\/2000; VW: POLO 9N_; AUDI: A3 8P1,A3 Sportback 8PA,A2 8Z0; DAEWOO: MATIZ KLYA,REZZO KLAU,LANOS KLAT,NUBIRA Wagon KLAJ,LANOS Stufenheck KLAT,LEGANZA KLAV,NUBIRA Stufenheck KLAJ,NUBIRA KLAJ,TICO KLY3,TOSCA,NUBIRA Kombi J150,NUBIRA Stufenheck J150; LADA: PRIORA Kombi 2171,PRIORA Schr\u00e4gheck 2172; SKODA: FABIA Combi 6Y5,FABIA 6Y2,FABIA Stufenheck 6Y3,FABIA Praktik; SEAT: IBIZA IV 6L1,AROSA 6H,IBIZA II 6K1,CORDOBA 6K1, 6K2,CORDOBA Vario 6K1,CORDOBA 6L2; JAGUAR: X-TYPE CF1,X-TYPE Estate; LANCIA: Y 840A,DELTA II 836,DEDRA 835,DEDRA SW 835; OPEL: CORSA C F08, F68,MERIVA,ZAFIRA A F75_,ASTRA G CC F48_, F08_,ASTRA G Caravan F35_,CORSA B 73_, 78_, 79_,VECTRA C Caravan,SIGNUM,VECTRA C,VECTRA B 36_,OMEGA B Caravan 21_, 22_, 23_,OMEGA B 25_, 26_, 27_,VECTRA C GTS,TIGRA TwinTop,VECTRA B Caravan 31_,ASTRA G Cabriolet F67,ASTRA G Coupe F07_,COMBO Kasten\/Kombi,ASTRA G Stufenheck F69_,VECTRA B CC 38_,COMBO Tour,CORSA CLASSIC Stufenheck,TIGRA 95_,CORSA C Kasten F08, W5L,COMBO 71_,CORSA C Utility Pick-up,CORSA B Kasten 73_,ASTRA G Kasten F70,CORSA B Kombi F35,CORSA B Utility Pick-up,ASTRA G CLASSIC T98; SAAB: 9-3 YS3F,9-5 Kombi YS3E,9-3 Kombi YS3F,9-5 YS3E,9-3 Cabriolet YS3F; 46403933, 46523087, 60811822, 60811904, 60812738, 71736100, 71736100A, 25313359, 25160729, 25313359, 156789, 25121074, 46403932, 46403933, 46441236, 46523087, 51720700, 60811822, 60811904, 60813741, 71736100, 7787063, 25121074, 25121082, 25121129, 25121353, 25160729, 25161333, 25313359, 25320277, VFF516, 25161333, 25313359, 92059409, 8251210740, 1X439155A, C2S2768, 21230111701002, 46403933, 46441236, 46523087, 60811904, 71736100, 7787063, 25161333, 25164444, 25313359, 25320277, 818508, 818509, 818514, 818568, 1567C4, 22666258, 25313359, 25313359, 25164444, 25313359, 25320277, VFF818, 6X0201511A<\/p>\n","protected":false},"excerpt":{"rendered":"<p>BOSCH Polttoainesuodatin 0 450 905 273  VW,AUDI,DAEWOO,POLO 9N_,A3 8P1,A3 Sportback 8PA,A2 8Z0,MATIZ KLYA,REZZO KLAU,LANOS KLAT,NUBIRA Wagon KLAJ<\/p>\n","protected":false},"featured_media":0,"template":"","meta":{"site-sidebar-layout":"default","site-content-layout":"default","ast-global-header-display":"","ast-main-header-display":"","ast-hfb-above-header-display":"","ast-hfb-below-header-display":"","ast-hfb-mobile-header-display":"","site-post-title":"","ast-breadcrumbs-content":"","ast-featured-img":"","footer-sml-layout":"","theme-transparent-header-meta":"","adv-header-id-meta":"","stick-header-meta":"","header-above-stick-meta":"","header-main-stick-meta":"","header-below-stick-meta":""},"pwb-brand":[534],"product_cat":[29],"product_tag":[],"class_list":{"0":"post-60945","1":"product","2":"type-product","3":"status-publish","5":"pwb-brand-bosch","6":"product_cat-polttoainesuodatin","7":"desktop-align-left","8":"tablet-align-left","9":"mobile-align-left","11":"first","12":"instock","13":"product-type-external"},"brands":[{"id":534,"name":"Bosch","slug":"bosch"}],"_links":{"self":[{"href":"https:\/\/www.autonvaraosahaku.fi\/index.php?rest_route=\/wp\/v2\/product\/60945","targetHints":{"allow":["GET"]}}],"collection":[{"href":"https:\/\/www.autonvaraosahaku.fi\/index.php?rest_route=\/wp\/v2\/product"}],"about":[{"href":"https:\/\/www.autonvaraosahaku.fi\/index.php?rest_route=\/wp\/v2\/types\/product"}],"wp:attachment":[{"href":"https:\/\/www.autonvaraosahaku.fi\/index.php?rest_route=%2Fwp%2Fv2%2Fmedia&parent=60945"}],"wp:term":[{"taxonomy":"pwb-brand","embeddable":true,"href":"https:\/\/www.autonvaraosahaku.fi\/index.php?rest_route=%2Fwp%2Fv2%2Fpwb-brand&post=60945"},{"taxonomy":"product_cat","embeddable":true,"href":"https:\/\/www.autonvaraosahaku.fi\/index.php?rest_route=%2Fwp%2Fv2%2Fproduct_cat&post=60945"},{"taxonomy":"product_tag","embeddable":true,"href":"https:\/\/www.autonvaraosahaku.fi\/index.php?rest_route=%2Fwp%2Fv2%2Fproduct_tag&post=60945"}],"curies":[{"name":"wp","href":"https:\/\/api.w.org\/{rel}","templated":true}]}}