{"id":60955,"date":"2021-02-21T18:22:02","date_gmt":"2021-02-21T18:22:02","guid":{"rendered":"https:\/\/www.autonvaraosahaku.fi\/?product=bosch-0-242-222-501-sytytystulpat"},"modified":"2021-02-21T18:22:06","modified_gmt":"2021-02-21T18:22:06","slug":"bosch-0-242-222-501-sytytystulpat","status":"publish","type":"product","link":"https:\/\/www.autonvaraosahaku.fi\/?product=bosch-0-242-222-501-sytytystulpat","title":{"rendered":"Bosch 0 242 222 501 Sytytystulpat"},"content":{"rendered":"<p>K\u00e4rkiv\u00e4li (mm): 0,9; Kiristysmomentti: 28; Kiristyskulma [Grad]: 90; Ulkokierre [mm]: 14; Kierrenousu (mm): 1,25; Kierteen pituus (mm): 19; Avainv\u00e4li: 20,8; Kipin\u00e4et\u00e4isyys [mm]: 4; Napojen m\u00e4\u00e4r\u00e4: 4; Valmistusvuosi alkaen: 01\/1985; NISSAN: PICK UP D21,NAVARA Pick-up D21,NAVARA Pritsche\/Fahrgestell D21,URVAN Bus E24,URVAN Kasten E24; SEAT: MARBELLA 28,MARBELLA Kasten 028A; MERCEDES-BENZ: KOMBI Kombi S123; LAND ROVER: DEFENDER Station Wagon LD,RANGE ROVER II LP,DEFENDER Pick-up LD_,DEFENDER Cabrio LD,DISCOVERY I LJ, LG,RANGE ROVER I AE, AN, HAA, HAB, HAM, HBM, RE, RN; TOYOTA: LAND CRUISER PZJ7_, KZJ7_, HZJ7_, BJ7_, LJ7_, RJ7_,LAND CRUISER _J4_,LAND CRUISER _J6_,LAND CRUISER Pick-up _J4_,CROWN Stufenheck _S1_,STARLET KP6_,STARLET Station Wagon KP6_; BMW: 3 E30,5 E28,6 E24,7 E23; VOLVO: 340-360 343, 345,340-360 Stufenheck 344; RENAULT: TWINGO I C06_,CLIO I B\/C57_, 5\/357_,TWINGO I Kasten S06_,RAPID Kasten F40_, G40_,19 II Chamade L53_,CLIO I Kasten S57_,EXPRESS Pick-up; FIAT: 147,FIORINO Pick up 147; BERTONE: FREECLIMBER; Tulpat,Sytytystulppa<\/p>\n","protected":false},"excerpt":{"rendered":"<p>BOSCH Sytytystulpat Super 4 0 242 222 501 Tulpat,Sytytystulppa NISSAN,SEAT,MERCEDES-BENZ,PICK UP D21,NAVARA Pick-up D21<\/p>\n","protected":false},"featured_media":0,"template":"","meta":{"site-sidebar-layout":"default","site-content-layout":"default","ast-global-header-display":"","ast-main-header-display":"","ast-hfb-above-header-display":"","ast-hfb-below-header-display":"","ast-hfb-mobile-header-display":"","site-post-title":"","ast-breadcrumbs-content":"","ast-featured-img":"","footer-sml-layout":"","theme-transparent-header-meta":"","adv-header-id-meta":"","stick-header-meta":"","header-above-stick-meta":"","header-main-stick-meta":"","header-below-stick-meta":""},"pwb-brand":[534],"product_cat":[165],"product_tag":[],"class_list":{"0":"post-60955","1":"product","2":"type-product","3":"status-publish","5":"pwb-brand-bosch","6":"product_cat-sytytystulpat","7":"desktop-align-left","8":"tablet-align-left","9":"mobile-align-left","11":"first","12":"instock","13":"product-type-external"},"brands":[{"id":534,"name":"Bosch","slug":"bosch"}],"_links":{"self":[{"href":"https:\/\/www.autonvaraosahaku.fi\/index.php?rest_route=\/wp\/v2\/product\/60955","targetHints":{"allow":["GET"]}}],"collection":[{"href":"https:\/\/www.autonvaraosahaku.fi\/index.php?rest_route=\/wp\/v2\/product"}],"about":[{"href":"https:\/\/www.autonvaraosahaku.fi\/index.php?rest_route=\/wp\/v2\/types\/product"}],"wp:attachment":[{"href":"https:\/\/www.autonvaraosahaku.fi\/index.php?rest_route=%2Fwp%2Fv2%2Fmedia&parent=60955"}],"wp:term":[{"taxonomy":"pwb-brand","embeddable":true,"href":"https:\/\/www.autonvaraosahaku.fi\/index.php?rest_route=%2Fwp%2Fv2%2Fpwb-brand&post=60955"},{"taxonomy":"product_cat","embeddable":true,"href":"https:\/\/www.autonvaraosahaku.fi\/index.php?rest_route=%2Fwp%2Fv2%2Fproduct_cat&post=60955"},{"taxonomy":"product_tag","embeddable":true,"href":"https:\/\/www.autonvaraosahaku.fi\/index.php?rest_route=%2Fwp%2Fv2%2Fproduct_tag&post=60955"}],"curies":[{"name":"wp","href":"https:\/\/api.w.org\/{rel}","templated":true}]}}