{"id":60978,"date":"2021-02-21T18:22:08","date_gmt":"2021-02-21T18:22:08","guid":{"rendered":"https:\/\/www.autonvaraosahaku.fi\/?product=bosch-0-242-229-657-sytytystulpat"},"modified":"2021-02-21T18:22:13","modified_gmt":"2021-02-21T18:22:13","slug":"bosch-0-242-229-657-sytytystulpat","status":"publish","type":"product","link":"https:\/\/www.autonvaraosahaku.fi\/?product=bosch-0-242-229-657-sytytystulpat","title":{"rendered":"Bosch 0 242 229 657 Sytytystulpat"},"content":{"rendered":"<p>K\u00e4rkiv\u00e4li (mm): 0,8; Kiristysmomentti: 20; Kiristyskulma [Grad]: 90; Ulkokierre [mm]: 14; Kierrenousu (mm): 1,25; Kierteen pituus (mm): 12,7; Avainv\u00e4li: 20,8; Kipin\u00e4et\u00e4isyys [mm]: 3; Napojen m\u00e4\u00e4r\u00e4: 1; TECDOC-moottorinumero: 3023; LAND ROVER: RANGE ROVER I AE, AN, HAA, HAB, HAM, HBM, RE, RN; DACIA: 1310 Stufenheck U, X; ROVER: 2000-3500 P6; RENAULT: 4 112_,5 122_,4 Kasten R21_, R23_,6 118_,10 119_,5 Kasten 238_; MG: MGB GT; MORGAN: PLUS EIGHT; 596285, DS2127G, MBW000008C, ZC9862087U, 5503387, 9807654711, 9807654717, 9807654747, 9807654911, 9807654914, 9807655711, 0021590503, A0021590503, 596285, DS2127G, MBW000008C, ZC9862087U, 6000581618, 7700558395, 7700580479, 7700621029, 7700647276, 7700647286, 7700662849, 7700683772, 7700733422, 7701023391, 7702125001, 0948200036, 0948200136, 0948200205, N0178201; Tulpat,Sytytystulppa<\/p>\n","protected":false},"excerpt":{"rendered":"<p>BOSCH Sytytystulpat 0 242 229 657 Tulpat,Sytytystulppa LAND ROVER,DACIA,ROVER,RANGE ROVER I AE, AN, HAA, HAB, HAM, HBM, RE, RN,1310 Stufenheck U, X<\/p>\n","protected":false},"featured_media":0,"template":"","meta":{"site-sidebar-layout":"default","site-content-layout":"default","ast-global-header-display":"","ast-main-header-display":"","ast-hfb-above-header-display":"","ast-hfb-below-header-display":"","ast-hfb-mobile-header-display":"","site-post-title":"","ast-breadcrumbs-content":"","ast-featured-img":"","footer-sml-layout":"","theme-transparent-header-meta":"","adv-header-id-meta":"","stick-header-meta":"","header-above-stick-meta":"","header-main-stick-meta":"","header-below-stick-meta":""},"pwb-brand":[534],"product_cat":[165],"product_tag":[],"class_list":{"0":"post-60978","1":"product","2":"type-product","3":"status-publish","5":"pwb-brand-bosch","6":"product_cat-sytytystulpat","7":"desktop-align-left","8":"tablet-align-left","9":"mobile-align-left","11":"first","12":"instock","13":"product-type-external"},"brands":[{"id":534,"name":"Bosch","slug":"bosch"}],"_links":{"self":[{"href":"https:\/\/www.autonvaraosahaku.fi\/index.php?rest_route=\/wp\/v2\/product\/60978","targetHints":{"allow":["GET"]}}],"collection":[{"href":"https:\/\/www.autonvaraosahaku.fi\/index.php?rest_route=\/wp\/v2\/product"}],"about":[{"href":"https:\/\/www.autonvaraosahaku.fi\/index.php?rest_route=\/wp\/v2\/types\/product"}],"wp:attachment":[{"href":"https:\/\/www.autonvaraosahaku.fi\/index.php?rest_route=%2Fwp%2Fv2%2Fmedia&parent=60978"}],"wp:term":[{"taxonomy":"pwb-brand","embeddable":true,"href":"https:\/\/www.autonvaraosahaku.fi\/index.php?rest_route=%2Fwp%2Fv2%2Fpwb-brand&post=60978"},{"taxonomy":"product_cat","embeddable":true,"href":"https:\/\/www.autonvaraosahaku.fi\/index.php?rest_route=%2Fwp%2Fv2%2Fproduct_cat&post=60978"},{"taxonomy":"product_tag","embeddable":true,"href":"https:\/\/www.autonvaraosahaku.fi\/index.php?rest_route=%2Fwp%2Fv2%2Fproduct_tag&post=60978"}],"curies":[{"name":"wp","href":"https:\/\/api.w.org\/{rel}","templated":true}]}}