{"id":60984,"date":"2021-02-21T18:22:15","date_gmt":"2021-02-21T18:22:15","guid":{"rendered":"https:\/\/www.autonvaraosahaku.fi\/?product=bosch-0-986-478-502-jarrulevyt"},"modified":"2021-02-21T18:22:16","modified_gmt":"2021-02-21T18:22:16","slug":"bosch-0-986-478-502-jarrulevyt","status":"publish","type":"product","link":"https:\/\/www.autonvaraosahaku.fi\/?product=bosch-0-986-478-502-jarrulevyt","title":{"rendered":"Bosch 0 986 478 502 Jarrulevyt"},"content":{"rendered":"<p>Ulkol\u00e4pimitta [mm]: 239,5; Jarrulevyn paksuus (mm): 20; V\u00e4himm\u00e4ispaksuus (mm): 18; Korkeus (mm): 43; Reik\u00e4ympyr\u00e4-\u00d8 [mm]: 108; Jarrulevytyyppi: Tuuletettu, Tuuletettu, sis\u00e4; keskitt\u00e4misl\u00e4pimitta [mm]: 63,55; Reikien m\u00e4\u00e4r\u00e4: 4; Pinta: rasvattu; t\u00e4ytt\u00e4\u00e4 ECE-normin: ECE-R90; Porausreik\u00e4l\u00e4pimitta enint\u00e4\u00e4n [mm]: 13,6; Asennuspuoli: Vorderachse; FORD: FIESTA IV JA_, JB_,KA RB_,FIESTA III GFJ,PUMA EC_,ESCORT VII GAL, AAL, ABL,ESCORT VII Kombi GAL, ANL,ESCORT VII Cabriolet ALL,ESCORT VI Cabriolet ALL,ESCORT VI GAL,ESCORT V Cabriolet ALL,ESCORT &#8217;95 Express AVL,FIESTA Kasten J5_, J3_,ESCORT V GAL,ESCORT VII Stufenheck GAL, AFL,FIESTA Kasten JV_,KA Van RB,ESCORT VI Kombi GAL,ESCORT CLASSIC AAL, ABL,ESCORT CLASSIC Turnier ANL,ESCORT VI Stufenheck GAL,FIESTA Kasten F3L, F5L,FIESTA Kasten FVD,ESCORT V Kombi GAL, AVL,ESCORT &#8217;91 Express AVL,ORION III GAL; MAZDA: 121 III JASM, JBSM; 1019604, 1066271, 1107768, 1320581, 1320582, 1373289, 1473005, 1524589, 4071714, 4084226, 5022654, 5028281, 6191064, 93FB1125AA, 93FX1125AA, 93FX1125S1A, 93FX1125SA, 96FX1125CA, YS6J1125CC, YS6W1125AA, YS6W1125AC, YS6W1125B1B, YS6W1125CA, YS6W1125CB, 1E0633251; Jarrulevy<\/p>\n","protected":false},"excerpt":{"rendered":"<p>BOSCH Jarrulevyt 0 986 478 502 Jarrulevy FORD,MAZDA,FIESTA IV JA_, JB_,KA RB_,FIESTA III GFJ,PUMA EC_,ESCORT VII GAL, AAL, ABL<\/p>\n","protected":false},"featured_media":0,"template":"","meta":{"site-sidebar-layout":"default","site-content-layout":"default","ast-global-header-display":"","ast-main-header-display":"","ast-hfb-above-header-display":"","ast-hfb-below-header-display":"","ast-hfb-mobile-header-display":"","site-post-title":"","ast-breadcrumbs-content":"","ast-featured-img":"","footer-sml-layout":"","theme-transparent-header-meta":"","adv-header-id-meta":"","stick-header-meta":"","header-above-stick-meta":"","header-main-stick-meta":"","header-below-stick-meta":""},"pwb-brand":[534],"product_cat":[66],"product_tag":[],"class_list":{"0":"post-60984","1":"product","2":"type-product","3":"status-publish","5":"pwb-brand-bosch","6":"product_cat-jarrulevyt","7":"desktop-align-left","8":"tablet-align-left","9":"mobile-align-left","11":"first","12":"instock","13":"product-type-external"},"brands":[{"id":534,"name":"Bosch","slug":"bosch"}],"_links":{"self":[{"href":"https:\/\/www.autonvaraosahaku.fi\/index.php?rest_route=\/wp\/v2\/product\/60984","targetHints":{"allow":["GET"]}}],"collection":[{"href":"https:\/\/www.autonvaraosahaku.fi\/index.php?rest_route=\/wp\/v2\/product"}],"about":[{"href":"https:\/\/www.autonvaraosahaku.fi\/index.php?rest_route=\/wp\/v2\/types\/product"}],"wp:attachment":[{"href":"https:\/\/www.autonvaraosahaku.fi\/index.php?rest_route=%2Fwp%2Fv2%2Fmedia&parent=60984"}],"wp:term":[{"taxonomy":"pwb-brand","embeddable":true,"href":"https:\/\/www.autonvaraosahaku.fi\/index.php?rest_route=%2Fwp%2Fv2%2Fpwb-brand&post=60984"},{"taxonomy":"product_cat","embeddable":true,"href":"https:\/\/www.autonvaraosahaku.fi\/index.php?rest_route=%2Fwp%2Fv2%2Fproduct_cat&post=60984"},{"taxonomy":"product_tag","embeddable":true,"href":"https:\/\/www.autonvaraosahaku.fi\/index.php?rest_route=%2Fwp%2Fv2%2Fproduct_tag&post=60984"}],"curies":[{"name":"wp","href":"https:\/\/api.w.org\/{rel}","templated":true}]}}