{"id":61006,"date":"2021-02-21T18:22:22","date_gmt":"2021-02-21T18:22:22","guid":{"rendered":"https:\/\/www.autonvaraosahaku.fi\/?product=bosch-0-986-487-666-kasijarrukengat"},"modified":"2021-02-21T18:22:23","modified_gmt":"2021-02-21T18:22:23","slug":"bosch-0-986-487-666-kasijarrukengat","status":"publish","type":"product","link":"https:\/\/www.autonvaraosahaku.fi\/?product=bosch-0-986-487-666-kasijarrukengat","title":{"rendered":"Bosch 0 986 487 666 K\u00e4sijarrukeng\u00e4t"},"content":{"rendered":"<p>Leveys (mm): 25; Jarrurummun sis\u00e4-\u00d8 [mm]: 180; Korvaava tuote\/korvaava tiedote 2: Liit\u00e4nt\u00e4osilla; Valmistusvuosi alkaen: 04\/2006; MERCEDES-BENZ: E-CLASS W211,E-CLASS T-Model S211,CLS C219,SL R230; 2304200320, A2304200320; Jarrukenk\u00e4sarja, K\u00e4sijarru<\/p>\n","protected":false},"excerpt":{"rendered":"<p>BOSCH K\u00e4sijarrukeng\u00e4t 0 986 487 666 Jarrukenk\u00e4sarja, K\u00e4sijarru MERCEDES-BENZ,E-CLASS W211,E-CLASS T-Model S211,CLS C219,SL R230<\/p>\n","protected":false},"featured_media":0,"template":"","meta":{"site-sidebar-layout":"default","site-content-layout":"default","ast-global-header-display":"","ast-main-header-display":"","ast-hfb-above-header-display":"","ast-hfb-below-header-display":"","ast-hfb-mobile-header-display":"","site-post-title":"","ast-breadcrumbs-content":"","ast-featured-img":"","footer-sml-layout":"","theme-transparent-header-meta":"","adv-header-id-meta":"","stick-header-meta":"","header-above-stick-meta":"","header-main-stick-meta":"","header-below-stick-meta":""},"pwb-brand":[534],"product_cat":[236],"product_tag":[],"class_list":{"0":"post-61006","1":"product","2":"type-product","3":"status-publish","5":"pwb-brand-bosch","6":"product_cat-kasijarrukengat","7":"desktop-align-left","8":"tablet-align-left","9":"mobile-align-left","11":"first","12":"instock","13":"product-type-external"},"brands":[{"id":534,"name":"Bosch","slug":"bosch"}],"_links":{"self":[{"href":"https:\/\/www.autonvaraosahaku.fi\/index.php?rest_route=\/wp\/v2\/product\/61006","targetHints":{"allow":["GET"]}}],"collection":[{"href":"https:\/\/www.autonvaraosahaku.fi\/index.php?rest_route=\/wp\/v2\/product"}],"about":[{"href":"https:\/\/www.autonvaraosahaku.fi\/index.php?rest_route=\/wp\/v2\/types\/product"}],"wp:attachment":[{"href":"https:\/\/www.autonvaraosahaku.fi\/index.php?rest_route=%2Fwp%2Fv2%2Fmedia&parent=61006"}],"wp:term":[{"taxonomy":"pwb-brand","embeddable":true,"href":"https:\/\/www.autonvaraosahaku.fi\/index.php?rest_route=%2Fwp%2Fv2%2Fpwb-brand&post=61006"},{"taxonomy":"product_cat","embeddable":true,"href":"https:\/\/www.autonvaraosahaku.fi\/index.php?rest_route=%2Fwp%2Fv2%2Fproduct_cat&post=61006"},{"taxonomy":"product_tag","embeddable":true,"href":"https:\/\/www.autonvaraosahaku.fi\/index.php?rest_route=%2Fwp%2Fv2%2Fproduct_tag&post=61006"}],"curies":[{"name":"wp","href":"https:\/\/api.w.org\/{rel}","templated":true}]}}