{"id":61027,"date":"2021-02-21T18:22:28","date_gmt":"2021-02-21T18:22:28","guid":{"rendered":"https:\/\/www.autonvaraosahaku.fi\/?product=bosch-0-986-477-055-jarrurumpu"},"modified":"2021-02-21T18:22:29","modified_gmt":"2021-02-21T18:22:29","slug":"bosch-0-986-477-055-jarrurumpu","status":"publish","type":"product","link":"https:\/\/www.autonvaraosahaku.fi\/?product=bosch-0-986-477-055-jarrurumpu","title":{"rendered":"Bosch 0 986 477 055 Jarrurumpu"},"content":{"rendered":"<p>Asennuspuoli: Taka-akseli; Jarrurummun sis\u00e4-\u00d8 [mm]: 185; Jarrurummun ulkol\u00e4pim. [mm]: 219; J-rumpu sis\u00e4leveys [mm]: 37; J-rumpu ulkoleveys [mm]: 50,3; Reik\u00e4ympyr\u00e4-\u00d8 [mm]: 98; Reikien m\u00e4\u00e4r\u00e4: 4; keskitt\u00e4misl\u00e4pimitta [mm]: 59; Valmistusvuoteen: 05\/1983; FIAT: CINQUECENTO 170,PANDA 141A_,126,UNO 146A\/E,127,FIORINO Kasten 146,128 Coupe,128,PANDA Van 141_,RITMO I 138A,FIORINO Pick up 146,FIORINO 147,REGATA 138,RITMO Cabriolet,127 Panorama,128 Familiare,FIORINO 127,UNO Kasten 146,UNO 146 A\/E,FIORINO Pick up 147,REGATA Weekend 138,DUNA 146 B,DUNA Weekend 146 B; SEAT: MARBELLA 28,IBIZA I 021A,TERRA Kasten 024A,MARBELLA Kasten 028A,MALAGA 023A,TERRA 24,RONDA 022A,FURA 025A; LANCIA: DELTA I 831AB0,Y10 156,A 112,PRISMA 831AB0; AUTOBIANCHI: A 112,Y10; INNOCENTI: ELBA 146; 4379680, 7777842, 4379680, 7777842, 4379680, 5974792, 5975061, 7777842, 7777842, 4379680, 5974792, 5975061, 7777842, 022165201A, SE022165201A, 022165201A<\/p>\n","protected":false},"excerpt":{"rendered":"<p>BOSCH Jarrurumpu 0 986 477 055  FIAT,SEAT,LANCIA,CINQUECENTO 170,PANDA 141A_,126,UNO 146A\/E,127,FIORINO Kasten 146,128 Coupe,128,PANDA Van 141_<\/p>\n","protected":false},"featured_media":0,"template":"","meta":{"site-sidebar-layout":"default","site-content-layout":"default","ast-global-header-display":"","ast-main-header-display":"","ast-hfb-above-header-display":"","ast-hfb-below-header-display":"","ast-hfb-mobile-header-display":"","site-post-title":"","ast-breadcrumbs-content":"","ast-featured-img":"","footer-sml-layout":"","theme-transparent-header-meta":"","adv-header-id-meta":"","stick-header-meta":"","header-above-stick-meta":"","header-main-stick-meta":"","header-below-stick-meta":""},"pwb-brand":[534],"product_cat":[304],"product_tag":[],"class_list":{"0":"post-61027","1":"product","2":"type-product","3":"status-publish","5":"pwb-brand-bosch","6":"product_cat-jarrurumpu","7":"desktop-align-left","8":"tablet-align-left","9":"mobile-align-left","11":"first","12":"instock","13":"product-type-external"},"brands":[{"id":534,"name":"Bosch","slug":"bosch"}],"_links":{"self":[{"href":"https:\/\/www.autonvaraosahaku.fi\/index.php?rest_route=\/wp\/v2\/product\/61027","targetHints":{"allow":["GET"]}}],"collection":[{"href":"https:\/\/www.autonvaraosahaku.fi\/index.php?rest_route=\/wp\/v2\/product"}],"about":[{"href":"https:\/\/www.autonvaraosahaku.fi\/index.php?rest_route=\/wp\/v2\/types\/product"}],"wp:attachment":[{"href":"https:\/\/www.autonvaraosahaku.fi\/index.php?rest_route=%2Fwp%2Fv2%2Fmedia&parent=61027"}],"wp:term":[{"taxonomy":"pwb-brand","embeddable":true,"href":"https:\/\/www.autonvaraosahaku.fi\/index.php?rest_route=%2Fwp%2Fv2%2Fpwb-brand&post=61027"},{"taxonomy":"product_cat","embeddable":true,"href":"https:\/\/www.autonvaraosahaku.fi\/index.php?rest_route=%2Fwp%2Fv2%2Fproduct_cat&post=61027"},{"taxonomy":"product_tag","embeddable":true,"href":"https:\/\/www.autonvaraosahaku.fi\/index.php?rest_route=%2Fwp%2Fv2%2Fproduct_tag&post=61027"}],"curies":[{"name":"wp","href":"https:\/\/api.w.org\/{rel}","templated":true}]}}