{"id":61191,"date":"2021-02-21T18:23:18","date_gmt":"2021-02-21T18:23:18","guid":{"rendered":"https:\/\/www.autonvaraosahaku.fi\/?product=bosch-0-242-240-530-sytytystulpat"},"modified":"2021-02-21T18:23:20","modified_gmt":"2021-02-21T18:23:20","slug":"bosch-0-242-240-530-sytytystulpat","status":"publish","type":"product","link":"https:\/\/www.autonvaraosahaku.fi\/?product=bosch-0-242-240-530-sytytystulpat","title":{"rendered":"Bosch 0 242 240 530 Sytytystulpat"},"content":{"rendered":"<p>K\u00e4rkiv\u00e4li (mm): 0,8; Kiristysmomentti: 28; Kiristyskulma [Grad]: 90; Ulkokierre [mm]: 14; Kierrenousu (mm): 1,25; Kierteen pituus (mm): 19; Avainv\u00e4li: 16; Kipin\u00e4et\u00e4isyys [mm]: 3; Napojen m\u00e4\u00e4r\u00e4: 1; TECDOC-moottorinumero: 1200; AUDI: COUPE 89, 8B,90 89, 89Q, 8A, B3; NISSAN: SUNNY III Traveller Y10; SEAT: TOLEDO I 1L; LEXUS: LS UCF20; ROVER: 200 Hatchback XW,200 Coupe XW,400 XW,MAESTRO; SAAB: 9-3 YS3F,9-3 Kombi YS3F,9-3 Cabriolet YS3F,9-3X; FORD: FIESTA III GFJ,ESCORT IV Cabriolet ALF,SIERRA GBG, GB4,ESCORT VI GAL,SIERRA Schr\u00e4gheck GBC, GBG,ESCORT IV GAF, AWF, ABFT,FIESTA II FBD,SCORPIO I GAE, GGE,ESCORT III GAA,SCORPIO I Stufenheck GGE,ESCORT V GAL,SIERRA Kombi BNG,ESCORT III Cabriolet ALD,SCORPIO I Kombi GGE,ORION II AFF,ESCORT IV Kombi AWF, AVF,ESCORT &#8217;86 Express AVF,ESCORT V Kombi GAL, AVL,ORION III GAL,ESCORT III Kombi AWA,ORION I AFD,ESCORT &#8217;81 Express AVA; RENAULT: CLIO I B\/C57_, 5\/357_,19 II B\/C53_,19 II Cabriolet D53_, 853_,19 I B\/C53_,SAFRANE I B54_,19 II Chamade L53_,21 Stufenheck L48_,19 I Chamade L53_,19 I Cabriolet D53_,21 Kombi K48_,21 B48_; MG: MAESTRO; FIAT: PUNTO 176,PUNTO Cabriolet 176C,SCUDO Kasten 220L,UNO 146A\/E,SCUDO Combinato 220P,PALIO Weekend 178DX,FIORINO Kasten 146,TIPO 160,TEMPRA 159,TEMPRA S.W. 159,FIORINO Pick up 146,SCUDO Pritsche\/Fahrgestell 220_; C395F6, 9091901128; Tulpat,Sytytystulppa<\/p>\n","protected":false},"excerpt":{"rendered":"<p>BOSCH Sytytystulpat 0 242 240 530 Tulpat,Sytytystulppa AUDI,NISSAN,SEAT,COUPE 89, 8B,90 89, 89Q, 8A, B3,SUNNY III Traveller Y10,TOLEDO I 1L,LS UCF20<\/p>\n","protected":false},"featured_media":0,"template":"","meta":{"site-sidebar-layout":"default","site-content-layout":"default","ast-global-header-display":"","ast-main-header-display":"","ast-hfb-above-header-display":"","ast-hfb-below-header-display":"","ast-hfb-mobile-header-display":"","site-post-title":"","ast-breadcrumbs-content":"","ast-featured-img":"","footer-sml-layout":"","theme-transparent-header-meta":"","adv-header-id-meta":"","stick-header-meta":"","header-above-stick-meta":"","header-main-stick-meta":"","header-below-stick-meta":""},"pwb-brand":[534],"product_cat":[165],"product_tag":[],"class_list":{"0":"post-61191","1":"product","2":"type-product","3":"status-publish","5":"pwb-brand-bosch","6":"product_cat-sytytystulpat","7":"desktop-align-left","8":"tablet-align-left","9":"mobile-align-left","11":"first","12":"instock","13":"product-type-external"},"brands":[{"id":534,"name":"Bosch","slug":"bosch"}],"_links":{"self":[{"href":"https:\/\/www.autonvaraosahaku.fi\/index.php?rest_route=\/wp\/v2\/product\/61191","targetHints":{"allow":["GET"]}}],"collection":[{"href":"https:\/\/www.autonvaraosahaku.fi\/index.php?rest_route=\/wp\/v2\/product"}],"about":[{"href":"https:\/\/www.autonvaraosahaku.fi\/index.php?rest_route=\/wp\/v2\/types\/product"}],"wp:attachment":[{"href":"https:\/\/www.autonvaraosahaku.fi\/index.php?rest_route=%2Fwp%2Fv2%2Fmedia&parent=61191"}],"wp:term":[{"taxonomy":"pwb-brand","embeddable":true,"href":"https:\/\/www.autonvaraosahaku.fi\/index.php?rest_route=%2Fwp%2Fv2%2Fpwb-brand&post=61191"},{"taxonomy":"product_cat","embeddable":true,"href":"https:\/\/www.autonvaraosahaku.fi\/index.php?rest_route=%2Fwp%2Fv2%2Fproduct_cat&post=61191"},{"taxonomy":"product_tag","embeddable":true,"href":"https:\/\/www.autonvaraosahaku.fi\/index.php?rest_route=%2Fwp%2Fv2%2Fproduct_tag&post=61191"}],"curies":[{"name":"wp","href":"https:\/\/api.w.org\/{rel}","templated":true}]}}