{"id":61254,"date":"2021-02-21T18:23:36","date_gmt":"2021-02-21T18:23:36","guid":{"rendered":"https:\/\/www.autonvaraosahaku.fi\/?product=bosch-0-451-103-274-oljynsuodatin"},"modified":"2021-02-21T18:23:40","modified_gmt":"2021-02-21T18:23:40","slug":"bosch-0-451-103-274-oljynsuodatin","status":"publish","type":"product","link":"https:\/\/www.autonvaraosahaku.fi\/?product=bosch-0-451-103-274-oljynsuodatin","title":{"rendered":"Bosch 0 451 103 274 \u00d6ljynsuodatin"},"content":{"rendered":"<p>Suodatintyyppi: Ruuvattava suodatin; Korkeus (mm): 69; Kierremitta: 3\/4 16 UNF; Ulkol\u00e4pimitta [mm]: 93; L\u00e4pimitta 1 [mm]: 62; TECDOC-moottorinumero: 1322; LADA: NIVA 2121,KALINA Schr\u00e4gheck 1119,111 2111,110 2110,SAMARA 2108, 2109, 2115, 2113, 2114,NOVA 2105,GRANTA 2190,112 2112,TOSCANA 2107,NOVA Kombi 2104,SAMARA Stufenheck 21099, 2115,VESTA,KALINA Kombi 2194,KALINA Schr\u00e4gheck 2192,VESTA SW,GRANTA Schr\u00e4gheck 2191; LANCIA: BETA Coupe 828BC,Y10 156,BETA  H.P.E. 828BF,TREVI 828DB; DACIA: 1310 Stufenheck U, X,1300,1410 Kombi,PICK UP; FORD: SIERRA GBG, GB4,SCORPIO II GFR, GGR,SIERRA Schr\u00e4gheck GBC, GBG,SCORPIO I GAE, GGE,SIERRA Schr\u00e4gheck GBC,SCORPIO II Kombi GNR, GGR,SIERRA Kombi BNG,SIERRA Kombi BNC; RENAULT: 5 122_,12,16 115_,25 B29_,8 113_,TRAFIC Kasten T1, T3, T4,TRAFIC Bus T5, T6, T7,18 134_,17,18 Variable 135_,12 Variable 117_,20 127_,TRAFIC Pritsche\/Fahrgestell P6,15 130_,14 121_,12 Kasten; FIAT: ARGENTA 132A; ALPINE: A310; AUTOBIANCHI: Y10; RENAULT TRUCKS: R; 21051012005, MLS000144A, 7700542286, 0224788, 224788, 5951891, 7032389, 1498018, 1641158, 5005097, 5005805, 5006946, 5012035, 5012040, 5013146, 5024424, 6063340, 89HX6714AA, A700X6714EA, 5579164, 7984225, 7984366, 21051012005, 2105101200501, 21080101200508, 21081012005, 2108101200507, 2108101200508, 5951891, 1109A0, 0855823800, 5001846323, 7700538153, 7700542086, 7700542286, 7700545868, 7700553733, 7700634818, 7700638670, 7700646761, 7700651432, 7700673219, 7701031111, 7701348023, 7701348107, 7701365661, 7701415049, 7701638670, 0008547327, 0008548979, 0008558238, 0008558910, 0024560060, 0085558910, 0854897999, 0855823800, 5000100351, 5000789225, 5001846323, 7700538153, 7700553733<\/p>\n","protected":false},"excerpt":{"rendered":"<p>BOSCH \u00d6ljynsuodatin 0 451 103 274  LADA,LANCIA,DACIA,NIVA 2121,KALINA Schr\u00e4gheck 1119,111 2111,110 2110,SAMARA 2108, 2109, 2115, 2113, 2114,NOVA 2105<\/p>\n","protected":false},"featured_media":0,"template":"","meta":{"site-sidebar-layout":"default","site-content-layout":"default","ast-global-header-display":"","ast-main-header-display":"","ast-hfb-above-header-display":"","ast-hfb-below-header-display":"","ast-hfb-mobile-header-display":"","site-post-title":"","ast-breadcrumbs-content":"","ast-featured-img":"","footer-sml-layout":"","theme-transparent-header-meta":"","adv-header-id-meta":"","stick-header-meta":"","header-above-stick-meta":"","header-main-stick-meta":"","header-below-stick-meta":""},"pwb-brand":[534],"product_cat":[30],"product_tag":[],"class_list":{"0":"post-61254","1":"product","2":"type-product","3":"status-publish","5":"pwb-brand-bosch","6":"product_cat-oljynsuodatin","7":"desktop-align-left","8":"tablet-align-left","9":"mobile-align-left","11":"first","12":"instock","13":"product-type-external"},"brands":[{"id":534,"name":"Bosch","slug":"bosch"}],"_links":{"self":[{"href":"https:\/\/www.autonvaraosahaku.fi\/index.php?rest_route=\/wp\/v2\/product\/61254","targetHints":{"allow":["GET"]}}],"collection":[{"href":"https:\/\/www.autonvaraosahaku.fi\/index.php?rest_route=\/wp\/v2\/product"}],"about":[{"href":"https:\/\/www.autonvaraosahaku.fi\/index.php?rest_route=\/wp\/v2\/types\/product"}],"wp:attachment":[{"href":"https:\/\/www.autonvaraosahaku.fi\/index.php?rest_route=%2Fwp%2Fv2%2Fmedia&parent=61254"}],"wp:term":[{"taxonomy":"pwb-brand","embeddable":true,"href":"https:\/\/www.autonvaraosahaku.fi\/index.php?rest_route=%2Fwp%2Fv2%2Fpwb-brand&post=61254"},{"taxonomy":"product_cat","embeddable":true,"href":"https:\/\/www.autonvaraosahaku.fi\/index.php?rest_route=%2Fwp%2Fv2%2Fproduct_cat&post=61254"},{"taxonomy":"product_tag","embeddable":true,"href":"https:\/\/www.autonvaraosahaku.fi\/index.php?rest_route=%2Fwp%2Fv2%2Fproduct_tag&post=61254"}],"curies":[{"name":"wp","href":"https:\/\/api.w.org\/{rel}","templated":true}]}}