{"id":61269,"date":"2021-02-21T18:23:43","date_gmt":"2021-02-21T18:23:43","guid":{"rendered":"https:\/\/www.autonvaraosahaku.fi\/?product=bosch-0-001-109-302-starttimoottori"},"modified":"2021-02-21T18:23:45","modified_gmt":"2021-02-21T18:23:45","slug":"bosch-0-001-109-302-starttimoottori","status":"publish","type":"product","link":"https:\/\/www.autonvaraosahaku.fi\/?product=bosch-0-001-109-302-starttimoottori","title":{"rendered":"Bosch 0 001 109 302 Starttimoottori"},"content":{"rendered":"<p>J\u00e4nnite (V): 12; K\u00e4ynnistinmoottori teho (kW): 2,5; Kiinnitysreikien lukum\u00e4\u00e4r\u00e4: 0; kierrereiki\u00e4 [kpl]: 3; Hammasluku: 9; Liitin: 50, 30; Laippa \u00d8(mm): 82; Py\u00f6rimissuunta: Py\u00f6rimissuunta my\u00f6t\u00e4p\u00e4iv\u00e4\u00e4n; Hammaspy\u00f6r\u00e4n perusasento [mm]: 22,9; K\u00e4ynnistintyyppi: Itselaakeroitu; Kierremitta: M8; Kierre 1: M8; kierre 2: M8; Pituus (mm): 244; Asento \/ aste: links; Asennuskulma [Astetta]: 37; Kulmamitta, kitav\u00e4li [aste]: 53; Kulmamitta, kiinnitysreik\u00e4 [aste]: 37; Valmistusvuosi alkaen: 03\/2012; FIAT: DUCATO Kasten 250,DUCATO Pritsche\/Fahrgestell 250,DUCATO Bus 250; CITRO\u00cbN: JUMPER Kasten,JUMPER Bus,JUMPER Pritsche\/Fahrgestell,JUMPER Bus 244, Z_; PEUGEOT: BOXER Kasten,BOXER Bus,BOXER Pritsche\/Fahrgestell; 1614379980, 5802AY, 5802FQ, 1349920080, 51779086, 51832958, 518329580, 51984358, 55779086, K1349920080, 1614379980, 5802AY, 5802FQ; Startti,K\u00e4ynnistinmoottori<\/p>\n","protected":false},"excerpt":{"rendered":"<p>BOSCH Starttimoottori 0 001 109 302 Startti,K\u00e4ynnistinmoottori FIAT,CITRO\u00cbN,PEUGEOT,DUCATO Kasten 250,DUCATO Pritsche\/Fahrgestell 250,DUCATO Bus 250<\/p>\n","protected":false},"featured_media":0,"template":"","meta":{"site-sidebar-layout":"default","site-content-layout":"default","ast-global-header-display":"","ast-main-header-display":"","ast-hfb-above-header-display":"","ast-hfb-below-header-display":"","ast-hfb-mobile-header-display":"","site-post-title":"","ast-breadcrumbs-content":"","ast-featured-img":"","footer-sml-layout":"","theme-transparent-header-meta":"","adv-header-id-meta":"","stick-header-meta":"","header-above-stick-meta":"","header-main-stick-meta":"","header-below-stick-meta":""},"pwb-brand":[534],"product_cat":[295],"product_tag":[],"class_list":{"0":"post-61269","1":"product","2":"type-product","3":"status-publish","5":"pwb-brand-bosch","6":"product_cat-starttimoottori","7":"desktop-align-left","8":"tablet-align-left","9":"mobile-align-left","11":"first","12":"instock","13":"product-type-external"},"brands":[{"id":534,"name":"Bosch","slug":"bosch"}],"_links":{"self":[{"href":"https:\/\/www.autonvaraosahaku.fi\/index.php?rest_route=\/wp\/v2\/product\/61269","targetHints":{"allow":["GET"]}}],"collection":[{"href":"https:\/\/www.autonvaraosahaku.fi\/index.php?rest_route=\/wp\/v2\/product"}],"about":[{"href":"https:\/\/www.autonvaraosahaku.fi\/index.php?rest_route=\/wp\/v2\/types\/product"}],"wp:attachment":[{"href":"https:\/\/www.autonvaraosahaku.fi\/index.php?rest_route=%2Fwp%2Fv2%2Fmedia&parent=61269"}],"wp:term":[{"taxonomy":"pwb-brand","embeddable":true,"href":"https:\/\/www.autonvaraosahaku.fi\/index.php?rest_route=%2Fwp%2Fv2%2Fpwb-brand&post=61269"},{"taxonomy":"product_cat","embeddable":true,"href":"https:\/\/www.autonvaraosahaku.fi\/index.php?rest_route=%2Fwp%2Fv2%2Fproduct_cat&post=61269"},{"taxonomy":"product_tag","embeddable":true,"href":"https:\/\/www.autonvaraosahaku.fi\/index.php?rest_route=%2Fwp%2Fv2%2Fproduct_tag&post=61269"}],"curies":[{"name":"wp","href":"https:\/\/api.w.org\/{rel}","templated":true}]}}