{"id":61353,"date":"2021-02-21T18:24:07","date_gmt":"2021-02-21T18:24:07","guid":{"rendered":"https:\/\/www.autonvaraosahaku.fi\/?product=bosch-0-986-487-585-jarrukengat"},"modified":"2021-02-21T18:24:10","modified_gmt":"2021-02-21T18:24:10","slug":"bosch-0-986-487-585-jarrukengat","status":"publish","type":"product","link":"https:\/\/www.autonvaraosahaku.fi\/?product=bosch-0-986-487-585-jarrukengat","title":{"rendered":"Bosch 0 986 487 585 Jarrukeng\u00e4t"},"content":{"rendered":"<p>Jarrurummun sis\u00e4-\u00d8 [mm]: 203,2; Leveys (mm): 38; Jarrupala\/-hihna: P\u00e4\u00e4llysteell\u00e4; TECDOC-moottorinumero: 5080; DACIA: SANDERO,LOGAN LS_; CITRO\u00cbN: SAXO S0, S1,XSARA N1,XSARA Coupe N0,ZX N2,ZX Break N2,SAXO Hatchback van S3_,XSARA Kasten\/Schr\u00e4gheck; PEUGEOT: 207 WA_, WC_,207 SW WK_,106 II 1,306 Schr\u00e4gheck 7A, 7C, N3, N5,306 Cabriolet 7D, N3, N5,306 Break 7E, N3, N5,306 7B, N3, N5,207 Stufenheck,106 Van 1_,306 Van N_, 7_,306 Kasten\/Schr\u00e4gheck; RENAULT: TWINGO I C06_,CLIO II BB0\/1\/2_, CB0\/1\/2_,LAGUNA I B56_, 556_,TWINGO I Kasten S06_,CLIO II Kasten SB0\/1\/2_,THALIA I LB0\/1\/2_,SANDERO\/STEPWAY I,LOGAN I LS_,THALIA II LU1\/2_,LOGAN II; 4241J1, 4241J5, 4241N9, 6001547630, 7701203979, 7701205720, 7701206962, 7701208111, 4241J1, 4241J5, 4241N9, 440601749R, 6001547630, 7701203979, 7701205720, 7701206962, 7701208111; Jarrukenk\u00e4sarja<\/p>\n","protected":false},"excerpt":{"rendered":"<p>BOSCH Jarrukeng\u00e4t 0 986 487 585 Jarrukenk\u00e4sarja DACIA,CITRO\u00cbN,PEUGEOT,SANDERO,LOGAN LS_,SAXO S0, S1,XSARA N1,XSARA Coupe N0,ZX N2,ZX Break N2<\/p>\n","protected":false},"featured_media":0,"template":"","meta":{"site-sidebar-layout":"default","site-content-layout":"default","ast-global-header-display":"","ast-main-header-display":"","ast-hfb-above-header-display":"","ast-hfb-below-header-display":"","ast-hfb-mobile-header-display":"","site-post-title":"","ast-breadcrumbs-content":"","ast-featured-img":"","footer-sml-layout":"","theme-transparent-header-meta":"","adv-header-id-meta":"","stick-header-meta":"","header-above-stick-meta":"","header-main-stick-meta":"","header-below-stick-meta":""},"pwb-brand":[534],"product_cat":[176],"product_tag":[],"class_list":{"0":"post-61353","1":"product","2":"type-product","3":"status-publish","5":"pwb-brand-bosch","6":"product_cat-jarrukengat","7":"desktop-align-left","8":"tablet-align-left","9":"mobile-align-left","11":"first","12":"instock","13":"product-type-external"},"brands":[{"id":534,"name":"Bosch","slug":"bosch"}],"_links":{"self":[{"href":"https:\/\/www.autonvaraosahaku.fi\/index.php?rest_route=\/wp\/v2\/product\/61353","targetHints":{"allow":["GET"]}}],"collection":[{"href":"https:\/\/www.autonvaraosahaku.fi\/index.php?rest_route=\/wp\/v2\/product"}],"about":[{"href":"https:\/\/www.autonvaraosahaku.fi\/index.php?rest_route=\/wp\/v2\/types\/product"}],"wp:attachment":[{"href":"https:\/\/www.autonvaraosahaku.fi\/index.php?rest_route=%2Fwp%2Fv2%2Fmedia&parent=61353"}],"wp:term":[{"taxonomy":"pwb-brand","embeddable":true,"href":"https:\/\/www.autonvaraosahaku.fi\/index.php?rest_route=%2Fwp%2Fv2%2Fpwb-brand&post=61353"},{"taxonomy":"product_cat","embeddable":true,"href":"https:\/\/www.autonvaraosahaku.fi\/index.php?rest_route=%2Fwp%2Fv2%2Fproduct_cat&post=61353"},{"taxonomy":"product_tag","embeddable":true,"href":"https:\/\/www.autonvaraosahaku.fi\/index.php?rest_route=%2Fwp%2Fv2%2Fproduct_tag&post=61353"}],"curies":[{"name":"wp","href":"https:\/\/api.w.org\/{rel}","templated":true}]}}