{"id":61398,"date":"2021-02-21T18:24:20","date_gmt":"2021-02-21T18:24:20","guid":{"rendered":"https:\/\/www.autonvaraosahaku.fi\/?product=bosch-0-580-254-984-polttoainepumppu"},"modified":"2021-02-21T18:24:24","modified_gmt":"2021-02-21T18:24:24","slug":"bosch-0-580-254-984-polttoainepumppu","status":"publish","type":"product","link":"https:\/\/www.autonvaraosahaku.fi\/?product=bosch-0-580-254-984-polttoainepumppu","title":{"rendered":"Bosch 0 580 254 984 Polttoainepumppu"},"content":{"rendered":"<p>Asennuspuoli: Polttoainejohdin; K\u00e4ytt\u00f6: S\u00e4hk\u00f6inen; Valmistusvuosi alkaen: 08\/1976; MERCEDES-BENZ: S-CLASS W116; SAAB: 900 I Combi Coupe,900 I AC4, AM4,99,99 Combi Coupe; RENAULT: 5 122_,25 B29_,30 127_; PEUGEOT: 504 Coupe,604 561A_; PORSCHE: 924,911,911 Targa; 13312204346, 145040, 7910246476, 75TM9350AA, 25115855, 0020910701, 0020910801, 0020910901, 0020911301, A0020910701, A0020910801, A0020910901, A0020911301, 145040, 7910246476, 91160810200, 92860810200, 6001000470, 7711064162, 7910246476, 8318859, 8334997, 477906091B<\/p>\n","protected":false},"excerpt":{"rendered":"<p>BOSCH Polttoainepumppu 0 580 254 984  MERCEDES-BENZ,SAAB,RENAULT,S-CLASS W116,900 I Combi Coupe,900 I AC4, AM4,99,99 Combi Coupe,5 122_,25 B29_<\/p>\n","protected":false},"featured_media":0,"template":"","meta":{"site-sidebar-layout":"default","site-content-layout":"default","ast-global-header-display":"","ast-main-header-display":"","ast-hfb-above-header-display":"","ast-hfb-below-header-display":"","ast-hfb-mobile-header-display":"","site-post-title":"","ast-breadcrumbs-content":"","ast-featured-img":"","footer-sml-layout":"","theme-transparent-header-meta":"","adv-header-id-meta":"","stick-header-meta":"","header-above-stick-meta":"","header-main-stick-meta":"","header-below-stick-meta":""},"pwb-brand":[534],"product_cat":[73],"product_tag":[],"class_list":{"0":"post-61398","1":"product","2":"type-product","3":"status-publish","5":"pwb-brand-bosch","6":"product_cat-polttoainepumppu","7":"desktop-align-left","8":"tablet-align-left","9":"mobile-align-left","11":"first","12":"instock","13":"product-type-external"},"brands":[{"id":534,"name":"Bosch","slug":"bosch"}],"_links":{"self":[{"href":"https:\/\/www.autonvaraosahaku.fi\/index.php?rest_route=\/wp\/v2\/product\/61398","targetHints":{"allow":["GET"]}}],"collection":[{"href":"https:\/\/www.autonvaraosahaku.fi\/index.php?rest_route=\/wp\/v2\/product"}],"about":[{"href":"https:\/\/www.autonvaraosahaku.fi\/index.php?rest_route=\/wp\/v2\/types\/product"}],"wp:attachment":[{"href":"https:\/\/www.autonvaraosahaku.fi\/index.php?rest_route=%2Fwp%2Fv2%2Fmedia&parent=61398"}],"wp:term":[{"taxonomy":"pwb-brand","embeddable":true,"href":"https:\/\/www.autonvaraosahaku.fi\/index.php?rest_route=%2Fwp%2Fv2%2Fpwb-brand&post=61398"},{"taxonomy":"product_cat","embeddable":true,"href":"https:\/\/www.autonvaraosahaku.fi\/index.php?rest_route=%2Fwp%2Fv2%2Fproduct_cat&post=61398"},{"taxonomy":"product_tag","embeddable":true,"href":"https:\/\/www.autonvaraosahaku.fi\/index.php?rest_route=%2Fwp%2Fv2%2Fproduct_tag&post=61398"}],"curies":[{"name":"wp","href":"https:\/\/api.w.org\/{rel}","templated":true}]}}