{"id":61429,"date":"2021-02-21T18:24:33","date_gmt":"2021-02-21T18:24:33","guid":{"rendered":"https:\/\/www.autonvaraosahaku.fi\/?product=bosch-0-986-478-812-jarrulevyt"},"modified":"2021-02-21T18:24:35","modified_gmt":"2021-02-21T18:24:35","slug":"bosch-0-986-478-812-jarrulevyt","status":"publish","type":"product","link":"https:\/\/www.autonvaraosahaku.fi\/?product=bosch-0-986-478-812-jarrulevyt","title":{"rendered":"Bosch 0 986 478 812 Jarrulevyt"},"content":{"rendered":"<p>Ulkol\u00e4pimitta [mm]: 281; Jarrulevyn paksuus (mm): 26; V\u00e4himm\u00e4ispaksuus (mm): 24,2; Korkeus (mm): 43,6; Reik\u00e4ympyr\u00e4-\u00d8 [mm]: 98; Jarrulevytyyppi: Tuuletettu, Tuuletettu, sis\u00e4; keskitt\u00e4misl\u00e4pimitta [mm]: 59,02; Reikien m\u00e4\u00e4r\u00e4: 5; Pinta: rasvattu; t\u00e4ytt\u00e4\u00e4 ECE-normin: ECE-R90; Porausreik\u00e4l\u00e4pimitta enint\u00e4\u00e4n [mm]: 16,6; Asennuspuoli: Vorderachse; FIAT: ULYSSE 220,SCUDO Kasten 220L,SCUDO Combinato 220P,SCUDO Pritsche\/Fahrgestell 220_; PEUGEOT: 806 221,EXPERT Kasten 222,EXPERT 224,EXPERT Pritsche\/Fahrgestell 223; CITRO\u00cbN: EVASION 22, U6,JUMPY U6U,JUMPY Kasten BS_, BT_, BY_, BZ_,JUMPY Pritsche\/Fahrgestell BU_, BV_, BW_, BX_; LANCIA: ZETA 220; 4246J2, 4246J3, 1309392080, 1317651080, 71738908, K1309392080, K1317651080, 1309392080, 1317651080, 71738908, K1309392080, K1317651080, 4246J2, 4246J3; Jarrulevy<\/p>\n","protected":false},"excerpt":{"rendered":"<p>BOSCH Jarrulevyt 0 986 478 812 Jarrulevy FIAT,PEUGEOT,CITRO\u00cbN,ULYSSE 220,SCUDO Kasten 220L,SCUDO Combinato 220P,SCUDO Pritsche\/Fahrgestell 220_<\/p>\n","protected":false},"featured_media":0,"template":"","meta":{"site-sidebar-layout":"default","site-content-layout":"default","ast-global-header-display":"","ast-main-header-display":"","ast-hfb-above-header-display":"","ast-hfb-below-header-display":"","ast-hfb-mobile-header-display":"","site-post-title":"","ast-breadcrumbs-content":"","ast-featured-img":"","footer-sml-layout":"","theme-transparent-header-meta":"","adv-header-id-meta":"","stick-header-meta":"","header-above-stick-meta":"","header-main-stick-meta":"","header-below-stick-meta":""},"pwb-brand":[534],"product_cat":[66],"product_tag":[],"class_list":{"0":"post-61429","1":"product","2":"type-product","3":"status-publish","5":"pwb-brand-bosch","6":"product_cat-jarrulevyt","7":"desktop-align-left","8":"tablet-align-left","9":"mobile-align-left","11":"first","12":"instock","13":"product-type-external"},"brands":[{"id":534,"name":"Bosch","slug":"bosch"}],"_links":{"self":[{"href":"https:\/\/www.autonvaraosahaku.fi\/index.php?rest_route=\/wp\/v2\/product\/61429","targetHints":{"allow":["GET"]}}],"collection":[{"href":"https:\/\/www.autonvaraosahaku.fi\/index.php?rest_route=\/wp\/v2\/product"}],"about":[{"href":"https:\/\/www.autonvaraosahaku.fi\/index.php?rest_route=\/wp\/v2\/types\/product"}],"wp:attachment":[{"href":"https:\/\/www.autonvaraosahaku.fi\/index.php?rest_route=%2Fwp%2Fv2%2Fmedia&parent=61429"}],"wp:term":[{"taxonomy":"pwb-brand","embeddable":true,"href":"https:\/\/www.autonvaraosahaku.fi\/index.php?rest_route=%2Fwp%2Fv2%2Fpwb-brand&post=61429"},{"taxonomy":"product_cat","embeddable":true,"href":"https:\/\/www.autonvaraosahaku.fi\/index.php?rest_route=%2Fwp%2Fv2%2Fproduct_cat&post=61429"},{"taxonomy":"product_tag","embeddable":true,"href":"https:\/\/www.autonvaraosahaku.fi\/index.php?rest_route=%2Fwp%2Fv2%2Fproduct_tag&post=61429"}],"curies":[{"name":"wp","href":"https:\/\/api.w.org\/{rel}","templated":true}]}}