{"id":61433,"date":"2021-02-21T18:24:33","date_gmt":"2021-02-21T18:24:33","guid":{"rendered":"https:\/\/www.autonvaraosahaku.fi\/?product=bosch-0-986-478-633-jarrulevyt"},"modified":"2021-02-21T18:24:36","modified_gmt":"2021-02-21T18:24:36","slug":"bosch-0-986-478-633-jarrulevyt","status":"publish","type":"product","link":"https:\/\/www.autonvaraosahaku.fi\/?product=bosch-0-986-478-633-jarrulevyt","title":{"rendered":"Bosch 0 986 478 633 Jarrulevyt"},"content":{"rendered":"<p>Ulkol\u00e4pimitta [mm]: 261; Jarrulevyn paksuus (mm): 10; V\u00e4himm\u00e4ispaksuus (mm): 8; Korkeus (mm): 40,1; Reik\u00e4ympyr\u00e4-\u00d8 [mm]: 114,3; Jarrulevytyyppi: Vakiomalli; keskitt\u00e4misl\u00e4pimitta [mm]: 72,08; Reikien m\u00e4\u00e4r\u00e4: 5; Pinta: rasvattu; t\u00e4ytt\u00e4\u00e4 ECE-normin: ECE-R90; Porausreik\u00e4l\u00e4pimitta enint\u00e4\u00e4n [mm]: 13; Asennuspuoli: Hinterachse; MAZDA: 323 F VI BJ,PREMACY CP,626 V Hatchback GF,626 V GF,626 V Station Wagon GW,626 IV Hatchback GE,XEDOS 6 CA,626 IV GE,MX-6 GE,MX-6 GD; FORD USA: PROBE II ECP; 3415598, 4146391, F32Z2C026A, YS8J2C502BA, G0YN26251A, GA3Y26251, GA4Y26251, GA5Y26251, GA5Y26251A, GA5Y26251B, GA5Y26251C, GA5Y26251D, GA7Y26251, GA8Y26251, GA8Y26251A, GTYF26251B, GTYF26251C, YS8J2C502BA; Jarrulevy<\/p>\n","protected":false},"excerpt":{"rendered":"<p>BOSCH Jarrulevyt 0 986 478 633 Jarrulevy MAZDA,FORD USA,323 F VI BJ,PREMACY CP,626 V Hatchback GF,626 V GF,626 V Station Wagon GW,626 IV Hatchback GE<\/p>\n","protected":false},"featured_media":0,"template":"","meta":{"site-sidebar-layout":"default","site-content-layout":"default","ast-global-header-display":"","ast-main-header-display":"","ast-hfb-above-header-display":"","ast-hfb-below-header-display":"","ast-hfb-mobile-header-display":"","site-post-title":"","ast-breadcrumbs-content":"","ast-featured-img":"","footer-sml-layout":"","theme-transparent-header-meta":"","adv-header-id-meta":"","stick-header-meta":"","header-above-stick-meta":"","header-main-stick-meta":"","header-below-stick-meta":""},"pwb-brand":[534],"product_cat":[66],"product_tag":[],"class_list":{"0":"post-61433","1":"product","2":"type-product","3":"status-publish","5":"pwb-brand-bosch","6":"product_cat-jarrulevyt","7":"desktop-align-left","8":"tablet-align-left","9":"mobile-align-left","11":"first","12":"instock","13":"product-type-external"},"brands":[{"id":534,"name":"Bosch","slug":"bosch"}],"_links":{"self":[{"href":"https:\/\/www.autonvaraosahaku.fi\/index.php?rest_route=\/wp\/v2\/product\/61433","targetHints":{"allow":["GET"]}}],"collection":[{"href":"https:\/\/www.autonvaraosahaku.fi\/index.php?rest_route=\/wp\/v2\/product"}],"about":[{"href":"https:\/\/www.autonvaraosahaku.fi\/index.php?rest_route=\/wp\/v2\/types\/product"}],"wp:attachment":[{"href":"https:\/\/www.autonvaraosahaku.fi\/index.php?rest_route=%2Fwp%2Fv2%2Fmedia&parent=61433"}],"wp:term":[{"taxonomy":"pwb-brand","embeddable":true,"href":"https:\/\/www.autonvaraosahaku.fi\/index.php?rest_route=%2Fwp%2Fv2%2Fpwb-brand&post=61433"},{"taxonomy":"product_cat","embeddable":true,"href":"https:\/\/www.autonvaraosahaku.fi\/index.php?rest_route=%2Fwp%2Fv2%2Fproduct_cat&post=61433"},{"taxonomy":"product_tag","embeddable":true,"href":"https:\/\/www.autonvaraosahaku.fi\/index.php?rest_route=%2Fwp%2Fv2%2Fproduct_tag&post=61433"}],"curies":[{"name":"wp","href":"https:\/\/api.w.org\/{rel}","templated":true}]}}