{"id":61434,"date":"2021-02-21T18:24:33","date_gmt":"2021-02-21T18:24:33","guid":{"rendered":"https:\/\/www.autonvaraosahaku.fi\/?product=bosch-0-986-478-588-jarrulevyt"},"modified":"2021-02-21T18:24:36","modified_gmt":"2021-02-21T18:24:36","slug":"bosch-0-986-478-588-jarrulevyt","status":"publish","type":"product","link":"https:\/\/www.autonvaraosahaku.fi\/?product=bosch-0-986-478-588-jarrulevyt","title":{"rendered":"Bosch 0 986 478 588 Jarrulevyt"},"content":{"rendered":"<p>Ulkol\u00e4pimitta [mm]: 288; Jarrulevyn paksuus (mm): 25; V\u00e4himm\u00e4ispaksuus (mm): 22; Korkeus (mm): 42,1; Reik\u00e4ympyr\u00e4-\u00d8 [mm]: 110; Jarrulevytyyppi: Tuuletettu; keskitt\u00e4misl\u00e4pimitta [mm]: 70; Reikien m\u00e4\u00e4r\u00e4: 7; Pinta: rasvattu; K\u00e4sittely: hiiliter\u00e4s; t\u00e4ytt\u00e4\u00e4 ECE-normin: ECE-R90; Porausreik\u00e4l\u00e4pimitta enint\u00e4\u00e4n [mm]: 14; Valmistusvuoteen: 03\/1997; OPEL: VECTRA B 36_,VECTRA B Caravan 31_,CALIBRA A 85_,VECTRA B CC 38_; SAAB: 9-5 Kombi YS3E,9-3 YS3D,9-5 YS3E,9-3 Cabriolet YS3D,900 II Cabriolet,900 II,900 II Coupe; VAUXHALL: CALIBRA,VECTRA B CC,VECTRA B Estate,VECTRA B; 569056, 90496327, 90512029, 32025723, 4566840, 4837019, 4839007, 4839320, 5390786, 90512029; Jarrulevy<\/p>\n","protected":false},"excerpt":{"rendered":"<p>BOSCH Jarrulevyt 0 986 478 588 Jarrulevy OPEL,SAAB,VAUXHALL,VECTRA B 36_,VECTRA B Caravan 31_,CALIBRA A 85_,VECTRA B CC 38_,9-5 Kombi YS3E,9-3 YS3D<\/p>\n","protected":false},"featured_media":0,"template":"","meta":{"site-sidebar-layout":"default","site-content-layout":"default","ast-global-header-display":"","ast-main-header-display":"","ast-hfb-above-header-display":"","ast-hfb-below-header-display":"","ast-hfb-mobile-header-display":"","site-post-title":"","ast-breadcrumbs-content":"","ast-featured-img":"","footer-sml-layout":"","theme-transparent-header-meta":"","adv-header-id-meta":"","stick-header-meta":"","header-above-stick-meta":"","header-main-stick-meta":"","header-below-stick-meta":""},"pwb-brand":[534],"product_cat":[66],"product_tag":[],"class_list":{"0":"post-61434","1":"product","2":"type-product","3":"status-publish","5":"pwb-brand-bosch","6":"product_cat-jarrulevyt","7":"desktop-align-left","8":"tablet-align-left","9":"mobile-align-left","11":"first","12":"instock","13":"product-type-external"},"brands":[{"id":534,"name":"Bosch","slug":"bosch"}],"_links":{"self":[{"href":"https:\/\/www.autonvaraosahaku.fi\/index.php?rest_route=\/wp\/v2\/product\/61434","targetHints":{"allow":["GET"]}}],"collection":[{"href":"https:\/\/www.autonvaraosahaku.fi\/index.php?rest_route=\/wp\/v2\/product"}],"about":[{"href":"https:\/\/www.autonvaraosahaku.fi\/index.php?rest_route=\/wp\/v2\/types\/product"}],"wp:attachment":[{"href":"https:\/\/www.autonvaraosahaku.fi\/index.php?rest_route=%2Fwp%2Fv2%2Fmedia&parent=61434"}],"wp:term":[{"taxonomy":"pwb-brand","embeddable":true,"href":"https:\/\/www.autonvaraosahaku.fi\/index.php?rest_route=%2Fwp%2Fv2%2Fpwb-brand&post=61434"},{"taxonomy":"product_cat","embeddable":true,"href":"https:\/\/www.autonvaraosahaku.fi\/index.php?rest_route=%2Fwp%2Fv2%2Fproduct_cat&post=61434"},{"taxonomy":"product_tag","embeddable":true,"href":"https:\/\/www.autonvaraosahaku.fi\/index.php?rest_route=%2Fwp%2Fv2%2Fproduct_tag&post=61434"}],"curies":[{"name":"wp","href":"https:\/\/api.w.org\/{rel}","templated":true}]}}