{"id":61447,"date":"2021-02-21T18:24:39","date_gmt":"2021-02-21T18:24:39","guid":{"rendered":"https:\/\/www.autonvaraosahaku.fi\/?product=bosch-0-986-461-136-jarrupalat"},"modified":"2021-02-21T18:24:41","modified_gmt":"2021-02-21T18:24:41","slug":"bosch-0-986-461-136-jarrupalat","status":"publish","type":"product","link":"https:\/\/www.autonvaraosahaku.fi\/?product=bosch-0-986-461-136-jarrupalat","title":{"rendered":"Bosch 0 986 461 136 Jarrupalat"},"content":{"rendered":"<p>Kulumisenilmaisimen liitos: akustisella kulumavaroittimella; Suositellun tarvikkeen tuotenumero: 1 987 474 697; Materiaali: Low-Metallic; Tarkistuskilpi: ECE-R90; WVA-numero: 21833; Paksuus [mm]: 15,5; Leveys (mm): 107,8; Korkeus (mm): 42,6; Valmistaja rajaus: AKEBONO System; M\u00e4\u00e4r\u00e4yksikk\u00f6: Akselisarja; Moottorinumero: 4AF; TOYOTA: AVENSIS _T22_,COROLLA Liftback _E11_,COROLLA Compact _E11_,AVENSIS Station Wagon _T22_,AVENSIS Liftback _T22_,CARINA E _T19_,CELICA ST20_, AT20_,COROLLA _E11_,CARINA E Stufenheck _T19_,CELICA Coupe AT18_, ST18_,CARINA E Sportswagon _T19_,CAMRY _CV2_, _XV2_,COROLLA Liftback _E9_,CARINA II _T17_,CAMRY _CV1_, _XV1_, _V1_,CARINA II Stufenheck _T17_,CELICA Liftback ST16_, AT16_,CAMRY Station Wagon _XV1_, _CV1_, _V10,CAMRY _V2_,COROLLA _E9_,CELICA Cabriolet AT18_, ST18_,CELICA Coupe ST16_, AT16_,CELICA Cabriolet ST16_, AT16_,CAMRY Station Wagon _V2_,CELICA Cabriolet AT20_, ST20_,CELICA AT16_, ST16_,CAMRY Stufenheck _V1_; LEXUS: RX MCU15; 0446632010, 446633050, 0446632010, 0446612070, 0446632010, 0446633050, 0446633110, 0446648010, 0446648050, 446620110, AY060TY002, AY060TY008, 0446632010, 0446632010, 0446612070, 0446612110, 0446620010, 0446620020, 0446620040, 0446620060, 0446620070, 0446620080, 0446620100, 0446620110, 0446632010, 0446632020, 0446632050, 0446633010, 0446633040, 0446633050, 0446633110, 0446633150, 0446648010, 0446648050, 04466YZZC5, 04466YZZC6, 0449133070, 0449220010, 0449220011, 0449220012, 0449220020, 0449220021, 0449220022, 0449220030, 0449220040, 0449220050, 0449220051, 0449220060, 0449220061, 0449220062, 0449220070, 0449220071, 0449220080, 0449220090, 0449220100, 0449220140, 0449220150, 0449232010, 0449232011, 0449232012, 0449232020, 0449232060, 0449232061, 0449232070, 0449232080, 0449233010, 0449233020, 0449233030, 0449233031, 446612110, 446620010, 446620020, 446620040, 446620060, 446620070, 446620080, 446620100, 446620110, 446632020, 446632050, 446633010, 446633040, 446633050, 446633110, 4466331&#8230;; Jarrupalasarja,Jarrupala, Levyjarru<\/p>\n","protected":false},"excerpt":{"rendered":"<p>BOSCH Jarrupalat 0 986 461 136 Jarrupalasarja,Jarrupala, Levyjarru TOYOTA,LEXUS,AVENSIS _T22_,COROLLA Liftback _E11_,COROLLA Compact _E11_<\/p>\n","protected":false},"featured_media":0,"template":"","meta":{"site-sidebar-layout":"default","site-content-layout":"default","ast-global-header-display":"","ast-main-header-display":"","ast-hfb-above-header-display":"","ast-hfb-below-header-display":"","ast-hfb-mobile-header-display":"","site-post-title":"","ast-breadcrumbs-content":"","ast-featured-img":"","footer-sml-layout":"","theme-transparent-header-meta":"","adv-header-id-meta":"","stick-header-meta":"","header-above-stick-meta":"","header-main-stick-meta":"","header-below-stick-meta":""},"pwb-brand":[534],"product_cat":[100],"product_tag":[],"class_list":{"0":"post-61447","1":"product","2":"type-product","3":"status-publish","5":"pwb-brand-bosch","6":"product_cat-jarrupalat","7":"desktop-align-left","8":"tablet-align-left","9":"mobile-align-left","11":"first","12":"instock","13":"product-type-external"},"brands":[{"id":534,"name":"Bosch","slug":"bosch"}],"_links":{"self":[{"href":"https:\/\/www.autonvaraosahaku.fi\/index.php?rest_route=\/wp\/v2\/product\/61447","targetHints":{"allow":["GET"]}}],"collection":[{"href":"https:\/\/www.autonvaraosahaku.fi\/index.php?rest_route=\/wp\/v2\/product"}],"about":[{"href":"https:\/\/www.autonvaraosahaku.fi\/index.php?rest_route=\/wp\/v2\/types\/product"}],"wp:attachment":[{"href":"https:\/\/www.autonvaraosahaku.fi\/index.php?rest_route=%2Fwp%2Fv2%2Fmedia&parent=61447"}],"wp:term":[{"taxonomy":"pwb-brand","embeddable":true,"href":"https:\/\/www.autonvaraosahaku.fi\/index.php?rest_route=%2Fwp%2Fv2%2Fpwb-brand&post=61447"},{"taxonomy":"product_cat","embeddable":true,"href":"https:\/\/www.autonvaraosahaku.fi\/index.php?rest_route=%2Fwp%2Fv2%2Fproduct_cat&post=61447"},{"taxonomy":"product_tag","embeddable":true,"href":"https:\/\/www.autonvaraosahaku.fi\/index.php?rest_route=%2Fwp%2Fv2%2Fproduct_tag&post=61447"}],"curies":[{"name":"wp","href":"https:\/\/api.w.org\/{rel}","templated":true}]}}