{"id":61485,"date":"2021-02-21T18:24:52","date_gmt":"2021-02-21T18:24:52","guid":{"rendered":"https:\/\/www.autonvaraosahaku.fi\/?product=castrol-15ca42-moottorioljy"},"modified":"2021-02-21T18:24:53","modified_gmt":"2021-02-21T18:24:53","slug":"castrol-15ca42-moottorioljy","status":"publish","type":"product","link":"https:\/\/www.autonvaraosahaku.fi\/?product=castrol-15ca42-moottorioljy","title":{"rendered":"Castrol 15CA42 Moottori\u00f6ljy"},"content":{"rendered":"<p>Tilavuus (litra): 1; Pakkaustyyppi: Rasia; Viskositeettiluokka SAE: 5W-30; Valmistajan hyv\u00e4ksym\u00e4: Ford WSS-M2C913-C, Ford WSS-M2C913-D; Erittely: API SN, ACEA A1, ILSAC GF-5, ACEA B1, ACEA A5, ACEA B5; \u00d6ljy: T\u00e4ysisynteetinen \u00f6ljy; Tuotelinja: Magnatec; Versio: Stop-Start A5; LAND ROVER: DEFENDER Station Wagon LD,RANGE ROVER EVOQUE LV,DISCOVERY IV LA,DEFENDER Pick-up LD_,DEFENDER Cabrio LD,RANGE ROVER SPORT LW,RANGE ROVER IV LG,DEFENDER Pritsche\/Fahrgestell LD,DISCOVERY SPORT LC,RANGE ROVER EVOQUE Cabriolet LV_; JAGUAR: XF _J05_, CC9,XJ X35_, _J12_, _J24_; FORD: FIESTA V JH_, JD_,MONDEO III Kombi BWY,FOCUS II Kombi DA_,FIESTA VI,MONDEO IV Turnier BA7,FOCUS II DA_,S-MAX WA6,FOCUS III Turnier,FOCUS C-MAX,GALAXY WA6,KUGA I,FUSION JU_,KA RB_,MONDEO III B5Y,C-MAX DM2,FOCUS III,TRANSIT MK-7 Kasten,C-MAX II,RANGER TKE,MONDEO IV BA7,MONDEO III Stufenheck B4Y,KUGA II DM2,GRAND C-MAX,TRANSIT MK-7 Bus,STREET KA RL2,TRANSIT CONNECT P65_, P70_, P80_,FOCUS II Stufenheck DA_,B-MAX JK,FOCUS II Cabriolet,TOURNEO CONNECT,RANGER ES, ET,ECOSPORT,TRANSIT MK-7 Pritsche\/Fahrgestell,FOCUS III Stufenheck,TRANSIT CUSTOM Kasten,TOURNEO CUSTOM Bus,MONDEO IV Stufenheck BA7,TRANSIT TOURNEO FB,TRANSIT CUSTOM Bus,TOURNEO CONNECT \/ GRAND TOURNEO CONNECT Kombi,FIESTA V Van,FIESTA VI Van,TRANSIT CONNECT Kasten,MONDEO V Turnier,S-MAX,MONDEO V Stufenheck,TRANSIT Custom  Bus,GALAXY,TRANSIT Custom Pritsche\/Fahrgestell,MONDEO V Schr\u00e4gheck,TOURNEO COURIER Kombi,TRANSIT CONNECT Kombi,TRANSIT COURIER Kasten,TRANSIT COURIER Kombi,KA<\/p>\n","protected":false},"excerpt":{"rendered":"<p>CASTROL Moottori\u00f6ljy Magnatec Stop-Start 5W-30 A5 15CA42<\/p>\n","protected":false},"featured_media":0,"template":"","meta":{"site-sidebar-layout":"default","site-content-layout":"default","ast-global-header-display":"","ast-main-header-display":"","ast-hfb-above-header-display":"","ast-hfb-below-header-display":"","ast-hfb-mobile-header-display":"","site-post-title":"","ast-breadcrumbs-content":"","ast-featured-img":"","footer-sml-layout":"","theme-transparent-header-meta":"","adv-header-id-meta":"","stick-header-meta":"","header-above-stick-meta":"","header-main-stick-meta":"","header-below-stick-meta":""},"pwb-brand":[535],"product_cat":[129],"product_tag":[],"class_list":{"0":"post-61485","1":"product","2":"type-product","3":"status-publish","5":"pwb-brand-castrol","6":"product_cat-moottorioljy","7":"desktop-align-left","8":"tablet-align-left","9":"mobile-align-left","11":"first","12":"instock","13":"product-type-external"},"brands":[{"id":535,"name":"Castrol","slug":"castrol"}],"_links":{"self":[{"href":"https:\/\/www.autonvaraosahaku.fi\/index.php?rest_route=\/wp\/v2\/product\/61485","targetHints":{"allow":["GET"]}}],"collection":[{"href":"https:\/\/www.autonvaraosahaku.fi\/index.php?rest_route=\/wp\/v2\/product"}],"about":[{"href":"https:\/\/www.autonvaraosahaku.fi\/index.php?rest_route=\/wp\/v2\/types\/product"}],"wp:attachment":[{"href":"https:\/\/www.autonvaraosahaku.fi\/index.php?rest_route=%2Fwp%2Fv2%2Fmedia&parent=61485"}],"wp:term":[{"taxonomy":"pwb-brand","embeddable":true,"href":"https:\/\/www.autonvaraosahaku.fi\/index.php?rest_route=%2Fwp%2Fv2%2Fpwb-brand&post=61485"},{"taxonomy":"product_cat","embeddable":true,"href":"https:\/\/www.autonvaraosahaku.fi\/index.php?rest_route=%2Fwp%2Fv2%2Fproduct_cat&post=61485"},{"taxonomy":"product_tag","embeddable":true,"href":"https:\/\/www.autonvaraosahaku.fi\/index.php?rest_route=%2Fwp%2Fv2%2Fproduct_tag&post=61485"}],"curies":[{"name":"wp","href":"https:\/\/api.w.org\/{rel}","templated":true}]}}