{"id":61540,"date":"2021-02-21T18:25:05","date_gmt":"2021-02-21T18:25:05","guid":{"rendered":"https:\/\/www.autonvaraosahaku.fi\/?product=champion-cet5-sytytystulpat"},"modified":"2021-02-21T18:25:10","modified_gmt":"2021-02-21T18:25:10","slug":"champion-cet5-sytytystulpat","status":"publish","type":"product","link":"https:\/\/www.autonvaraosahaku.fi\/?product=champion-cet5-sytytystulpat","title":{"rendered":"Champion CET5 Sytytystulpat"},"content":{"rendered":"<p>K\u00e4rkiv\u00e4li (mm): 0,9; Liittimet: SAE; Kierremitta: M14x1.25; Avainv\u00e4li: 16 mm; Laatu \/ luokka: Ti Poly-V; Pakkaustyyppi: Laatikko; Sytytystulppa: 1-maaelektroodi, suoralla istukalla; Kierteen pituus (mm): 26,5; Teknisten tietojen numero: CET5; Kipin\u00e4et\u00e4isyys [mm]: 3; Kiristysmomentti > [Nm]: 20; Kiristysmomentti enint\u00e4\u00e4n [Nm]: 30; Pakkauspituus [cm]: 8,85; Pakkausleveys [cm]: 2,6; Pakkauskorkeus [mm]: 2,35; Vastus alkaen [kOhm]: 3; Vastus asti [kOhm]: 10; Ulkonema [mm]: 1,5; Tuotelinja: Aerovantage Spoiler; Tarvittava kappalem\u00e4\u00e4r\u00e4: 4; NISSAN: X-TRAIL T30,ALMERA TINO V10,ALMERA II Hatchback N16,PATHFINDER R51,PRIMERA Kombi WP12,PRIMERA P12,PRIMERA Hatchback P12,PATHFINDER R50,ALMERA Mk II N16,ALMERA Classic B10,ALTIMA,SENTRA B15,TEANA I J31; KIA: SPORTAGE SL,SORENTO II XM,MAGENTIS MG,CERATO II Stufenheck TD,CERATO KOUP TD; HYUNDAI: ix35 LM, EL, ELH,SANTA F\u00c9 II CM,SONATA V NF,SONATA VI YF; VOLVO: V50 MW,C70 II Cabriolet,S80 II AS; SUBARU: LEGACY IV Station Wagon BL, BP, B13_,OUTBACK BL, BP,IMPREZA Station Wagon GG,LEGACY IV BL, BP,TRIBECA B9; LANCIA: PHEDRA 179,ZETA 220; TOYOTA: YARIS SCP9_, NSP9_, KSP9_, NCP9_, ZSP9_,AYGO WNB1_, KGB1_,LAND CRUISER KDJ12_, GRJ12_,HILUX III Pick-up TGN1_, GGN2_, GGN1_, KUN2_, KUN1_,VIOS\/YARIS Stufenheck ZSP9_, NCP9_,LAND CRUISER 150 KDJ15_, GRJ15_,HILUX III Pritsche\/Fahrgestell KUN1_, TGN3_, TGN2_, TGN1_,,FJ CRUISER GSJ1_,HIACE IV Kasten TRH2_, KDH2_,HIACE \/ COMMUTER IV TRH2_, KDH2_,DYNA Pritsche\/Fahrgestell KD_, LY_, TRY2_, KDY2_, XZU4_, XZ,FORTUNER Gel\u00e4ndewagen geschlossen TGN6_, KUN6_, GGN6_, TGN5; SMART: FORFOUR 454; FIAT: ULYSSE 179AX,ULYSSE 220,SCUDO Kasten 220L,SCUDO Combinato 220P; CITRO\u00cbN: C1 PM_, PN_,BERLINGO MF,XSARA PICASSO N68,C2 JM_,C3 I FC_,BERLINGO B9,C5 III Break TD_,C4 Picasso I UD_,C4 Grand Picasso I UA_,C8 EA_, EB_,C4 I LC_,SAXO S0, S1,BERLINGO Kasten M_,C5 II Break RE_,C5 I DC_,C5 I Break DE_,C5 III RD_,XSARA N1,C4 Coupe LA_,C3 Pluriel HB_,C5 II RC_,XSARA Break N2,JUMPY,BERLINGO Kasten B9,JUMPY Kasten,XSARA Coupe N0,EVASION 22, U6,C4 Stufenheck L,JUMPY U6U,JUMPY Kasten BS_, BT_, BY_, BZ_,JUMPY Pritsche\/Fahrgestell BU_, BV_, BW_, BX_,C-ELYSEE; Tulpat,Sytytystulppa<\/p>\n","protected":false},"excerpt":{"rendered":"<p>CHAMPION Sytytystulpat CET5 Tulpat,Sytytystulppa NISSAN,KIA,HYUNDAI,X-TRAIL T30,ALMERA TINO V10,ALMERA II Hatchback N16,PATHFINDER R51<\/p>\n","protected":false},"featured_media":0,"template":"","meta":{"site-sidebar-layout":"default","site-content-layout":"default","ast-global-header-display":"","ast-main-header-display":"","ast-hfb-above-header-display":"","ast-hfb-below-header-display":"","ast-hfb-mobile-header-display":"","site-post-title":"","ast-breadcrumbs-content":"","ast-featured-img":"","footer-sml-layout":"","theme-transparent-header-meta":"","adv-header-id-meta":"","stick-header-meta":"","header-above-stick-meta":"","header-main-stick-meta":"","header-below-stick-meta":""},"pwb-brand":[536],"product_cat":[165],"product_tag":[],"class_list":{"0":"post-61540","1":"product","2":"type-product","3":"status-publish","5":"pwb-brand-champion","6":"product_cat-sytytystulpat","7":"desktop-align-left","8":"tablet-align-left","9":"mobile-align-left","11":"first","12":"instock","13":"product-type-external"},"brands":[{"id":536,"name":"Champion","slug":"champion"}],"_links":{"self":[{"href":"https:\/\/www.autonvaraosahaku.fi\/index.php?rest_route=\/wp\/v2\/product\/61540","targetHints":{"allow":["GET"]}}],"collection":[{"href":"https:\/\/www.autonvaraosahaku.fi\/index.php?rest_route=\/wp\/v2\/product"}],"about":[{"href":"https:\/\/www.autonvaraosahaku.fi\/index.php?rest_route=\/wp\/v2\/types\/product"}],"wp:attachment":[{"href":"https:\/\/www.autonvaraosahaku.fi\/index.php?rest_route=%2Fwp%2Fv2%2Fmedia&parent=61540"}],"wp:term":[{"taxonomy":"pwb-brand","embeddable":true,"href":"https:\/\/www.autonvaraosahaku.fi\/index.php?rest_route=%2Fwp%2Fv2%2Fpwb-brand&post=61540"},{"taxonomy":"product_cat","embeddable":true,"href":"https:\/\/www.autonvaraosahaku.fi\/index.php?rest_route=%2Fwp%2Fv2%2Fproduct_cat&post=61540"},{"taxonomy":"product_tag","embeddable":true,"href":"https:\/\/www.autonvaraosahaku.fi\/index.php?rest_route=%2Fwp%2Fv2%2Fproduct_tag&post=61540"}],"curies":[{"name":"wp","href":"https:\/\/api.w.org\/{rel}","templated":true}]}}