{"id":61541,"date":"2021-02-21T18:25:05","date_gmt":"2021-02-21T18:25:05","guid":{"rendered":"https:\/\/www.autonvaraosahaku.fi\/?product=champion-cet4-sytytystulpat"},"modified":"2021-02-21T18:25:10","modified_gmt":"2021-02-21T18:25:10","slug":"champion-cet4-sytytystulpat","status":"publish","type":"product","link":"https:\/\/www.autonvaraosahaku.fi\/?product=champion-cet4-sytytystulpat","title":{"rendered":"Champion CET4 Sytytystulpat"},"content":{"rendered":"<p>K\u00e4rkiv\u00e4li (mm): 0,9; Liittimet: SAE; Kierremitta: M12x1.25; Avainv\u00e4li: 14 mm; Laatu \/ luokka: Ti Poly-V; Pakkaustyyppi: Laatikko; Sytytystulppa: 1-maaelektroodi, suoralla istukalla; Kierteen pituus (mm): 26,5; Teknisten tietojen numero: CET4; Kipin\u00e4et\u00e4isyys [mm]: 5; Kiristysmomentti > [Nm]: 15; Kiristysmomentti enint\u00e4\u00e4n [Nm]: 25; Pakkauspituus [cm]: 8,85; Pakkausleveys [cm]: 2,6; Pakkauskorkeus [mm]: 2,35; Vastus alkaen [kOhm]: 3; Vastus asti [kOhm]: 7,5; Ulkonema [mm]: 3; Tuotelinja: Aerovantage Spoiler; Tarvittava kappalem\u00e4\u00e4r\u00e4: 4; NISSAN: KUBISTAR Kasten X80; DACIA: SANDERO,SANDERO II,LOGAN MCV II,LOGAN LS_,LOGAN II; SMART: FORTWO Coupe 453,FORFOUR Schr\u00e4gheck 453,FORTWO Cabriolet 453; CITRO\u00cbN: C2 JM_,C3 I FC_,C4 I LC_,C4 Coupe LA_; PEUGEOT: 206 Schr\u00e4gheck 2A\/C,207 WA_, WC_,307 SW 3H,307 3A\/C,206 SW 2E\/K,307 Break 3E,1007 KM_; RENAULT: TWINGO I C06_,CLIO II BB0\/1\/2_, CB0\/1\/2_,CLIO III BR0\/1, CR0\/1,KANGOO KC0\/1_,TWINGO II CN0_,MODUS \/ GRAND MODUS F\/JP0_,KANGOO Express FC0\/1_,CLIO Grandtour KR0\/1_,TWINGO I Kasten S06_,CLIO Grandtour IV,THALIA I LB0\/1\/2_,TWINGO III,THALIA II LU1\/2_; Tulpat,Sytytystulppa<\/p>\n","protected":false},"excerpt":{"rendered":"<p>CHAMPION Sytytystulpat CET4 Tulpat,Sytytystulppa NISSAN,DACIA,SMART,KUBISTAR Kasten X80,SANDERO,SANDERO II,LOGAN MCV II,LOGAN LS_,LOGAN II<\/p>\n","protected":false},"featured_media":0,"template":"","meta":{"site-sidebar-layout":"default","site-content-layout":"default","ast-global-header-display":"","ast-main-header-display":"","ast-hfb-above-header-display":"","ast-hfb-below-header-display":"","ast-hfb-mobile-header-display":"","site-post-title":"","ast-breadcrumbs-content":"","ast-featured-img":"","footer-sml-layout":"","theme-transparent-header-meta":"","adv-header-id-meta":"","stick-header-meta":"","header-above-stick-meta":"","header-main-stick-meta":"","header-below-stick-meta":""},"pwb-brand":[536],"product_cat":[165],"product_tag":[],"class_list":{"0":"post-61541","1":"product","2":"type-product","3":"status-publish","5":"pwb-brand-champion","6":"product_cat-sytytystulpat","7":"desktop-align-left","8":"tablet-align-left","9":"mobile-align-left","11":"first","12":"instock","13":"product-type-external"},"brands":[{"id":536,"name":"Champion","slug":"champion"}],"_links":{"self":[{"href":"https:\/\/www.autonvaraosahaku.fi\/index.php?rest_route=\/wp\/v2\/product\/61541","targetHints":{"allow":["GET"]}}],"collection":[{"href":"https:\/\/www.autonvaraosahaku.fi\/index.php?rest_route=\/wp\/v2\/product"}],"about":[{"href":"https:\/\/www.autonvaraosahaku.fi\/index.php?rest_route=\/wp\/v2\/types\/product"}],"wp:attachment":[{"href":"https:\/\/www.autonvaraosahaku.fi\/index.php?rest_route=%2Fwp%2Fv2%2Fmedia&parent=61541"}],"wp:term":[{"taxonomy":"pwb-brand","embeddable":true,"href":"https:\/\/www.autonvaraosahaku.fi\/index.php?rest_route=%2Fwp%2Fv2%2Fpwb-brand&post=61541"},{"taxonomy":"product_cat","embeddable":true,"href":"https:\/\/www.autonvaraosahaku.fi\/index.php?rest_route=%2Fwp%2Fv2%2Fproduct_cat&post=61541"},{"taxonomy":"product_tag","embeddable":true,"href":"https:\/\/www.autonvaraosahaku.fi\/index.php?rest_route=%2Fwp%2Fv2%2Fproduct_tag&post=61541"}],"curies":[{"name":"wp","href":"https:\/\/api.w.org\/{rel}","templated":true}]}}