{"id":61544,"date":"2021-02-21T18:25:11","date_gmt":"2021-02-21T18:25:11","guid":{"rendered":"https:\/\/www.autonvaraosahaku.fi\/?product=champion-cet18p-sytytystulpat"},"modified":"2021-02-21T18:25:12","modified_gmt":"2021-02-21T18:25:12","slug":"champion-cet18p-sytytystulpat","status":"publish","type":"product","link":"https:\/\/www.autonvaraosahaku.fi\/?product=champion-cet18p-sytytystulpat","title":{"rendered":"Champion CET18P Sytytystulpat"},"content":{"rendered":"<p>K\u00e4rkiv\u00e4li (mm): 0,75; Liittimet: SAE; Kierremitta: M14x1.25; Avainv\u00e4li: 16 mm; Laatu \/ luokka: Ti Poly-V; Pakkaustyyppi: Laatikko; Sytytystulppa: 1-maaelektroodi, kartioistukalla, Platina-keskielektrodi; Kierteen pituus (mm): 17,5; Teknisten tietojen numero: CET18P; Kipin\u00e4et\u00e4isyys [mm]: 3; Kiristysmomentti > [Nm]: 10; Kiristysmomentti enint\u00e4\u00e4n [Nm]: 20; Pakkauspituus [cm]: 8,85; Pakkausleveys [cm]: 2,6; Pakkauskorkeus [mm]: 2,35; Vastus alkaen [kOhm]: 3; Vastus asti [kOhm]: 10; Ulkonema [mm]: 1,5; Tuotelinja: Aerovantage Spoiler; TECDOC-moottorinumero: 4458; MAZDA: 5 CR19,3 BK,6 Station Wagon GY,6 Kombi GH,6 Hatchback GG,6 GG,TRIBUTE EP,5 CW,MX-5 III NC,6 Schr\u00e4gheck GH,3 Stufenheck BK,6 GH,MPV II LW,121 III JASM, JBSM,MPV III LY; FORD USA: EXPLORER U2,MUSTANG Coupe,WINDSTAR A3,EXPLORER UN46,F-150,EXPEDITION,RANGER,ESCAPE,TAURUS P5_,TAURUS Wagon P5_,TAURUS; VOLVO: V50 MW,V70 III BW,C30,S40 II MS,S80 II AS; JAGUAR: S-TYPE CCX,XF _J05_, CC9,X-TYPE CF1,X-TYPE Estate,XJ X350, X358,XJ X35_, _J12_, _J24_; FORD: FIESTA V JH_, JD_,MONDEO III Kombi BWY,FOCUS II Kombi DA_,FIESTA VI,MONDEO IV Turnier BA7,FOCUS II DA_,S-MAX WA6,FOCUS C-MAX,FIESTA IV JA_, JB_,GALAXY WA6,KA RB_,MONDEO III B5Y,C-MAX DM2,MAVERICK,TRANSIT MK-7 Kasten,C-MAX II,MONDEO IV BA7,MONDEO III Stufenheck B4Y,MONDEO II Kombi BNP,FOCUS II Stufenheck DA_,B-MAX JK,FOCUS II Cabriolet,COUGAR EC_,MONDEO II BAP,TRANSIT MK-7 Pritsche\/Fahrgestell,MONDEO IV Stufenheck BA7,ESCORT VII GAL, AAL, ABL,MONDEO II Stufenheck BFP,MONDEO I Kombi BNP,MONDEO I GBP,ESCORT VII Kombi GAL, ANL,MONDEO I Stufenheck GBP,FIESTA Kasten J5_, J3_,ESCORT V GAL,ESCORT VII Stufenheck GAL, AFL,ESCORT VI Stufenheck GAL,ESCORT V Kombi GAL, AVL; LINCOLN: LS; ASTON MARTIN: DB9 Vantage,VANTAGE Vantage,DB9 Volante,DB7 Vantage,RAPIDE,DBS Vantage,VANQUISH R2_,VIRAGE Volante,VIRAGE Vantage; MORGAN: PLUS FOUR,ROADSTER Cabriolet; Tulpat,Sytytystulppa<\/p>\n","protected":false},"excerpt":{"rendered":"<p>CHAMPION Sytytystulpat CET18P Tulpat,Sytytystulppa MAZDA,FORD USA,VOLVO,5 CR19,3 BK,6 Station Wagon GY,6 Kombi GH,6 Hatchback GG,6 GG,TRIBUTE EP,5 CW<\/p>\n","protected":false},"featured_media":0,"template":"","meta":{"site-sidebar-layout":"default","site-content-layout":"default","ast-global-header-display":"","ast-main-header-display":"","ast-hfb-above-header-display":"","ast-hfb-below-header-display":"","ast-hfb-mobile-header-display":"","site-post-title":"","ast-breadcrumbs-content":"","ast-featured-img":"","footer-sml-layout":"","theme-transparent-header-meta":"","adv-header-id-meta":"","stick-header-meta":"","header-above-stick-meta":"","header-main-stick-meta":"","header-below-stick-meta":""},"pwb-brand":[536],"product_cat":[165],"product_tag":[],"class_list":{"0":"post-61544","1":"product","2":"type-product","3":"status-publish","5":"pwb-brand-champion","6":"product_cat-sytytystulpat","7":"desktop-align-left","8":"tablet-align-left","9":"mobile-align-left","11":"first","12":"instock","13":"product-type-external"},"brands":[{"id":536,"name":"Champion","slug":"champion"}],"_links":{"self":[{"href":"https:\/\/www.autonvaraosahaku.fi\/index.php?rest_route=\/wp\/v2\/product\/61544","targetHints":{"allow":["GET"]}}],"collection":[{"href":"https:\/\/www.autonvaraosahaku.fi\/index.php?rest_route=\/wp\/v2\/product"}],"about":[{"href":"https:\/\/www.autonvaraosahaku.fi\/index.php?rest_route=\/wp\/v2\/types\/product"}],"wp:attachment":[{"href":"https:\/\/www.autonvaraosahaku.fi\/index.php?rest_route=%2Fwp%2Fv2%2Fmedia&parent=61544"}],"wp:term":[{"taxonomy":"pwb-brand","embeddable":true,"href":"https:\/\/www.autonvaraosahaku.fi\/index.php?rest_route=%2Fwp%2Fv2%2Fpwb-brand&post=61544"},{"taxonomy":"product_cat","embeddable":true,"href":"https:\/\/www.autonvaraosahaku.fi\/index.php?rest_route=%2Fwp%2Fv2%2Fproduct_cat&post=61544"},{"taxonomy":"product_tag","embeddable":true,"href":"https:\/\/www.autonvaraosahaku.fi\/index.php?rest_route=%2Fwp%2Fv2%2Fproduct_tag&post=61544"}],"curies":[{"name":"wp","href":"https:\/\/api.w.org\/{rel}","templated":true}]}}