{"id":61549,"date":"2021-02-21T18:25:11","date_gmt":"2021-02-21T18:25:11","guid":{"rendered":"https:\/\/www.autonvaraosahaku.fi\/?product=champion-cet1-sytytystulpat"},"modified":"2021-02-21T18:25:14","modified_gmt":"2021-02-21T18:25:14","slug":"champion-cet1-sytytystulpat","status":"publish","type":"product","link":"https:\/\/www.autonvaraosahaku.fi\/?product=champion-cet1-sytytystulpat","title":{"rendered":"Champion CET1 Sytytystulpat"},"content":{"rendered":"<p>K\u00e4rkiv\u00e4li (mm): 0,9; Liittimet: SAE; Kierremitta: M12x1.25; Avainv\u00e4li: 16 mm; Laatu \/ luokka: Ti Poly-V; Pakkaustyyppi: Laatikko; Sytytystulppa: 1-maaelektroodi, suoralla istukalla; Kierteen pituus (mm): 19; Teknisten tietojen numero: CET1; Kipin\u00e4et\u00e4isyys [mm]: 3; Kiristysmomentti > [Nm]: 15; Kiristysmomentti enint\u00e4\u00e4n [Nm]: 25; Pakkauspituus [cm]: 8,85; Pakkausleveys [cm]: 2,6; Pakkauskorkeus [mm]: 2,35; Vastus alkaen [kOhm]: 3; Vastus asti [kOhm]: 10; Ulkonema [mm]: 1,5; Tuotelinja: Aerovantage Spoiler; Tarvittava kappalem\u00e4\u00e4r\u00e4: 4; BMW: 3 E30,5 E34,3 Cabriolet E30,5 Touring E34,5 E28,6 E24; CHEVROLET: SPARK M300,AVEO Schr\u00e4gheck T250, T255,AVEO Stufenheck T250, T255; DAIHATSU: SIRION M3_,TERIOS J2_; SUZUKI: WAGON R+ MM,ALTO HA24,WAGON R+ EM,CAPPUCINO EA; LANCIA: YPSILON 843,Y 840A,MUSA 350,THEMA 834,YPSILON 312, 846; FORD: KA RU8; FIAT: GRANDE PUNTO 199,PUNTO 188,PANDA 169,500 312,STILO 192,BRAVO II 198,SEICENTO 187,PUNTO EVO 199,DOBLO Cargo 223,500 C 312,PUNTO 176,STILO Multi Wagon 192,DOBLO 119,DOBLO Kasten\/Kombi 263,PANDA Van 169,PUNTO 199,IDEA,PANDA 312,STRADA Pick-up 178E,QUBO 225,DOBLO Gro\u00dfraumlimousine 152, 263,BRAVO I 182,BRAVA 182,PUNTO Cabriolet 176C,MAREA Weekend 185,FIORINO Kasten\/Kombi 225,PALIO Weekend 178DX,LINEA 323,PUNTO Van 199,DOBLO Pritsche\/Fahrgestell 263,MAREA 185,PALIO 178BX,SIENA 178_,PANDA VAN 312; ALFA ROMEO: MITO 955; FERRARI: 328 GTS,TESTAROSSA,MONDIAL,512 TR,328 GTB,MONDIAL Cabriolet; Tulpat,Sytytystulppa<\/p>\n","protected":false},"excerpt":{"rendered":"<p>CHAMPION Sytytystulpat CET1 Tulpat,Sytytystulppa BMW,CHEVROLET,DAIHATSU,3 E30,5 E34,3 Cabriolet E30,5 Touring E34,5 E28,6 E24,SPARK M300<\/p>\n","protected":false},"featured_media":0,"template":"","meta":{"site-sidebar-layout":"default","site-content-layout":"default","ast-global-header-display":"","ast-main-header-display":"","ast-hfb-above-header-display":"","ast-hfb-below-header-display":"","ast-hfb-mobile-header-display":"","site-post-title":"","ast-breadcrumbs-content":"","ast-featured-img":"","footer-sml-layout":"","theme-transparent-header-meta":"","adv-header-id-meta":"","stick-header-meta":"","header-above-stick-meta":"","header-main-stick-meta":"","header-below-stick-meta":""},"pwb-brand":[536],"product_cat":[165],"product_tag":[],"class_list":{"0":"post-61549","1":"product","2":"type-product","3":"status-publish","5":"pwb-brand-champion","6":"product_cat-sytytystulpat","7":"desktop-align-left","8":"tablet-align-left","9":"mobile-align-left","11":"first","12":"instock","13":"product-type-external"},"brands":[{"id":536,"name":"Champion","slug":"champion"}],"_links":{"self":[{"href":"https:\/\/www.autonvaraosahaku.fi\/index.php?rest_route=\/wp\/v2\/product\/61549","targetHints":{"allow":["GET"]}}],"collection":[{"href":"https:\/\/www.autonvaraosahaku.fi\/index.php?rest_route=\/wp\/v2\/product"}],"about":[{"href":"https:\/\/www.autonvaraosahaku.fi\/index.php?rest_route=\/wp\/v2\/types\/product"}],"wp:attachment":[{"href":"https:\/\/www.autonvaraosahaku.fi\/index.php?rest_route=%2Fwp%2Fv2%2Fmedia&parent=61549"}],"wp:term":[{"taxonomy":"pwb-brand","embeddable":true,"href":"https:\/\/www.autonvaraosahaku.fi\/index.php?rest_route=%2Fwp%2Fv2%2Fpwb-brand&post=61549"},{"taxonomy":"product_cat","embeddable":true,"href":"https:\/\/www.autonvaraosahaku.fi\/index.php?rest_route=%2Fwp%2Fv2%2Fproduct_cat&post=61549"},{"taxonomy":"product_tag","embeddable":true,"href":"https:\/\/www.autonvaraosahaku.fi\/index.php?rest_route=%2Fwp%2Fv2%2Fproduct_tag&post=61549"}],"curies":[{"name":"wp","href":"https:\/\/api.w.org\/{rel}","templated":true}]}}