{"id":61551,"date":"2021-02-21T18:25:11","date_gmt":"2021-02-21T18:25:11","guid":{"rendered":"https:\/\/www.autonvaraosahaku.fi\/?product=champion-ch218-hehkutulppa"},"modified":"2021-02-21T18:25:14","modified_gmt":"2021-02-21T18:25:14","slug":"champion-ch218-hehkutulppa","status":"publish","type":"product","link":"https:\/\/www.autonvaraosahaku.fi\/?product=champion-ch218-hehkutulppa","title":{"rendered":"Champion CH218 Hehkutulppa"},"content":{"rendered":"<p>J\u00e4nnite (V): 11,5; Liittimet: 4 mm PIN; Kartionousu: 63; L\u00e4pimitta [mm]: 5; Kierremitta: M10x1,0; Kokonaispituus (mm): 130; Avainv\u00e4li: 10 mm; Virta (A): 13; Hehkutulppatyyppi: j\u00e4lkihehkutuksenkest\u00e4v\u00e4, Hehkutulppa, puikko; Pakkaustyyppi: Laatikko; Asennussyvyys (mm): 28; Katkeamismomentti [Nm]: 35; Kiristysmomentti > [Nm]: 15; Kiristysmomentti enint\u00e4\u00e4n [Nm]: 20; Pakkauspituus [cm]: 14,2; Pakkausleveys [cm]: 2,7; Pakkauskorkeus [mm]: 2,3; Tarvittava kappalem\u00e4\u00e4r\u00e4: 4; JEEP: GRAND CHEROKEE II WJ, WG; MERCEDES-BENZ: C-CLASS W203,E-CLASS W211,C-CLASS T-Model S203,C-CLASS W202,E-CLASS T-Model S211,E-CLASS W210,VIANO W639,C-CLASS Coupe CL203,M-CLASS W163,E-CLASS Kombi S210,VITO Bus W639,CLK C209,C-CLASS Kombi S202,S-CLASS W220,VITO \/ MIXTO Kasten W639,SPRINTER 3,5-t Kasten 906,G-CLASS W463,VITO Bus 638,SPRINTER 3-t Kasten 903,SPRINTER 3,5-t Bus 906,SPRINTER 2-t Bus 901, 902,SPRINTER 3-t Kasten 906,V-CLASS 638\/2,CLC-CLASS CL203,G-CLASS W461,SPRINTER 2-t Kasten 901, 902,SPRINTER 3-t Bus 903,SPRINTER 3,5-t Pritsche\/Fahrgestell 906,SPRINTER 3-t Pritsche\/Fahrgestell 903,VITO Kasten 638,SPRINTER 3-t Bus 906,SPRINTER 4-t Pritsche\/Fahrgestell 904,SPRINTER 2-t Pritsche\/Fahrgestell 901, 902,SPRINTER CLASSIC 3,5-t Kasten 909,SPRINTER 5-t Kasten 906,SPRINTER 5-t Pritsche\/Fahrgestell 906,SPRINTER 4-t Kasten 904,G-CLASS Cabrio W463,SPRINTER 3-t Pritsche\/Fahrgestell 906,SPRINTER 4-t Bus 904,SPRINTER 5-t Pritsche\/Fahrgestell 905,SPRINTER 4,6-t Pritsche\/Fahrgestell 906,SPRINTER CLASSIC 4,6-t Bus 909; CHRYSLER: PT CRUISER PT_; 05080047AA, 05080047AB, 0011592001, 0011592801, 0011593701, 0011593801, 0011594201, 0011594801, 0011594901, A0011592801, A0011593701, A0011593801, A0011594201, A0011594801, A0011594901, 88900715<\/p>\n","protected":false},"excerpt":{"rendered":"<p>CHAMPION Hehkutulppa CH218  JEEP,MERCEDES-BENZ,CHRYSLER,GRAND CHEROKEE II WJ, WG,C-CLASS W203,E-CLASS W211,C-CLASS T-Model S203,C-CLASS W202<\/p>\n","protected":false},"featured_media":0,"template":"","meta":{"site-sidebar-layout":"default","site-content-layout":"default","ast-global-header-display":"","ast-main-header-display":"","ast-hfb-above-header-display":"","ast-hfb-below-header-display":"","ast-hfb-mobile-header-display":"","site-post-title":"","ast-breadcrumbs-content":"","ast-featured-img":"","footer-sml-layout":"","theme-transparent-header-meta":"","adv-header-id-meta":"","stick-header-meta":"","header-above-stick-meta":"","header-main-stick-meta":"","header-below-stick-meta":""},"pwb-brand":[536],"product_cat":[52],"product_tag":[],"class_list":{"0":"post-61551","1":"product","2":"type-product","3":"status-publish","5":"pwb-brand-champion","6":"product_cat-hehkutulppa","7":"desktop-align-left","8":"tablet-align-left","9":"mobile-align-left","11":"first","12":"instock","13":"product-type-external"},"brands":[{"id":536,"name":"Champion","slug":"champion"}],"_links":{"self":[{"href":"https:\/\/www.autonvaraosahaku.fi\/index.php?rest_route=\/wp\/v2\/product\/61551","targetHints":{"allow":["GET"]}}],"collection":[{"href":"https:\/\/www.autonvaraosahaku.fi\/index.php?rest_route=\/wp\/v2\/product"}],"about":[{"href":"https:\/\/www.autonvaraosahaku.fi\/index.php?rest_route=\/wp\/v2\/types\/product"}],"wp:attachment":[{"href":"https:\/\/www.autonvaraosahaku.fi\/index.php?rest_route=%2Fwp%2Fv2%2Fmedia&parent=61551"}],"wp:term":[{"taxonomy":"pwb-brand","embeddable":true,"href":"https:\/\/www.autonvaraosahaku.fi\/index.php?rest_route=%2Fwp%2Fv2%2Fpwb-brand&post=61551"},{"taxonomy":"product_cat","embeddable":true,"href":"https:\/\/www.autonvaraosahaku.fi\/index.php?rest_route=%2Fwp%2Fv2%2Fproduct_cat&post=61551"},{"taxonomy":"product_tag","embeddable":true,"href":"https:\/\/www.autonvaraosahaku.fi\/index.php?rest_route=%2Fwp%2Fv2%2Fproduct_tag&post=61551"}],"curies":[{"name":"wp","href":"https:\/\/api.w.org\/{rel}","templated":true}]}}